{"id":8151,"date":"2022-04-26T09:45:10","date_gmt":"2022-04-26T07:45:10","guid":{"rendered":"https:\/\/goframe.be\/?post_type=product&#038;p=8151"},"modified":"2022-11-23T10:10:30","modified_gmt":"2022-11-23T09:10:30","slug":"la-kelnet-40-x-40-cm","status":"publish","type":"product","link":"https:\/\/goframe.be\/nl\/produit\/la-kelnet-40-x-40-cm\/","title":{"rendered":"LA KELNET \u2013 40 X 40 CM &#8211; 42 pi\u00e8ces"},"content":{"rendered":"","protected":false},"excerpt":{"rendered":"<p>Communiquez de mani\u00e8re originale\u00a0et faites plaisir en m\u00eame temps ! L\u2019essuie-verres Microfibre Kelnet est\u00a0100%\u00a0personnalisable\u00a0(visuel, forme, taille\u2026).<\/p>\n<p>La Kelnet b\u00e9n\u00e9ficie d\u2019une qualit\u00e9 parfaite, tant au toucher, \u00e0 l\u2019aspect visuel, qu\u2019\u00e0 l\u2019efficacit\u00e9 de nettoyage ! Kelnet sait faire la diff\u00e9rence : toujours imit\u00e9e, jamais \u00e9gal\u00e9e! Offrez l\u2019accessoire indispensable \u00e0 vos clients et offrez-vous un outil de communication qui d\u00e9passe les fronti\u00e8res de votre magasin !<\/p>\n<p><strong> DIMENSION <\/strong> : 40 x 40 cm<\/p>\n<p><strong> QUANTITE <\/strong> : 42 pcs<\/p>\n","protected":false},"featured_media":8152,"template":"","meta":{"inline_featured_image":false},"product_brand":[],"product_cat":[149],"product_tag":[],"class_list":{"0":"post-8151","1":"product","2":"type-product","3":"status-publish","4":"has-post-thumbnail","6":"product_cat-kelnet","8":"first","9":"instock","10":"shipping-taxable","11":"purchasable","12":"product-type-simple"},"yoast_head":"<!-- This site is optimized with the Yoast SEO plugin v25.1 - https:\/\/yoast.com\/wordpress\/plugins\/seo\/ -->\n<title>LA KELNET \u2013 40 X 40 CM - 42 pi\u00e8ces - GOFRAME<\/title>\n<meta name=\"description\" content=\"Microfibre tr\u00e8s grand format, impression quadrichromie sur toute la surface de la fibre. Mise sous blister possible en option.\" \/>\n<meta name=\"robots\" content=\"index, follow, max-snippet:-1, max-image-preview:large, max-video-preview:-1\" \/>\n<link rel=\"canonical\" href=\"https:\/\/goframe.be\/produit\/la-kelnet-40-x-40-cm\/\" \/>\n<meta property=\"og:locale\" content=\"nl_NL\" \/>\n<meta property=\"og:type\" content=\"article\" \/>\n<meta property=\"og:title\" content=\"LA KELNET \u2013 40 X 40 CM - 42 pi\u00e8ces - GOFRAME\" \/>\n<meta property=\"og:description\" content=\"Microfibre tr\u00e8s grand format, impression quadrichromie sur toute la surface de la fibre. Mise sous blister possible en option.\" \/>\n<meta property=\"og:url\" content=\"https:\/\/goframe.be\/produit\/la-kelnet-40-x-40-cm\/\" \/>\n<meta property=\"og:site_name\" content=\"GOFRAME\" \/>\n<meta property=\"article:modified_time\" content=\"2022-11-23T09:10:30+00:00\" \/>\n<meta property=\"og:image\" content=\"https:\/\/goframe.be\/wp-content\/uploads\/2022\/04\/LA-KELNET-\u2013-40-X-40-CM.png\" \/>\n\t<meta property=\"og:image:width\" content=\"500\" \/>\n\t<meta property=\"og:image:height\" content=\"500\" \/>\n\t<meta property=\"og:image:type\" content=\"image\/png\" \/>\n<meta name=\"twitter:card\" content=\"summary_large_image\" \/>\n<script type=\"application\/ld+json\" class=\"yoast-schema-graph\">{\"@context\":\"https:\/\/schema.org\",\"@graph\":[{\"@type\":\"WebPage\",\"@id\":\"https:\/\/goframe.be\/produit\/la-kelnet-40-x-40-cm\/\",\"url\":\"https:\/\/goframe.be\/produit\/la-kelnet-40-x-40-cm\/\",\"name\":\"LA KELNET \u2013 40 X 40 CM - 42 pi\u00e8ces - GOFRAME\",\"isPartOf\":{\"@id\":\"https:\/\/goframe.be\/#website\"},\"primaryImageOfPage\":{\"@id\":\"https:\/\/goframe.be\/produit\/la-kelnet-40-x-40-cm\/#primaryimage\"},\"image\":{\"@id\":\"https:\/\/goframe.be\/produit\/la-kelnet-40-x-40-cm\/#primaryimage\"},\"thumbnailUrl\":\"https:\/\/goframe.be\/wp-content\/uploads\/2022\/04\/LA-KELNET-\u2013-40-X-40-CM.png\",\"datePublished\":\"2022-04-26T07:45:10+00:00\",\"dateModified\":\"2022-11-23T09:10:30+00:00\",\"description\":\"Microfibre tr\u00e8s grand format, impression quadrichromie sur toute la surface de la fibre. Mise sous blister possible en option.\",\"breadcrumb\":{\"@id\":\"https:\/\/goframe.be\/produit\/la-kelnet-40-x-40-cm\/#breadcrumb\"},\"inLanguage\":\"nl-NL\",\"potentialAction\":[{\"@type\":\"ReadAction\",\"target\":[\"https:\/\/goframe.be\/produit\/la-kelnet-40-x-40-cm\/\"]}]},{\"@type\":\"ImageObject\",\"inLanguage\":\"nl-NL\",\"@id\":\"https:\/\/goframe.be\/produit\/la-kelnet-40-x-40-cm\/#primaryimage\",\"url\":\"https:\/\/goframe.be\/wp-content\/uploads\/2022\/04\/LA-KELNET-\u2013-40-X-40-CM.png\",\"contentUrl\":\"https:\/\/goframe.be\/wp-content\/uploads\/2022\/04\/LA-KELNET-\u2013-40-X-40-CM.png\",\"width\":500,\"height\":500},{\"@type\":\"BreadcrumbList\",\"@id\":\"https:\/\/goframe.be\/produit\/la-kelnet-40-x-40-cm\/#breadcrumb\",\"itemListElement\":[{\"@type\":\"ListItem\",\"position\":1,\"name\":\"Home\",\"item\":\"https:\/\/goframe.be\/nl\/\"},{\"@type\":\"ListItem\",\"position\":2,\"name\":\"Des produits\",\"item\":\"https:\/\/goframe.be\/des-produits\/\"},{\"@type\":\"ListItem\",\"position\":3,\"name\":\"LA KELNET \u2013 40 X 40 CM &#8211; 42 pi\u00e8ces\"}]},{\"@type\":\"WebSite\",\"@id\":\"https:\/\/goframe.be\/#website\",\"url\":\"https:\/\/goframe.be\/\",\"name\":\"GOFRAME\",\"description\":\"Bruxelles Brabant Namur Li\u00e8ge Hainaut Luxembourg\",\"publisher\":{\"@id\":\"https:\/\/goframe.be\/#organization\"},\"potentialAction\":[{\"@type\":\"SearchAction\",\"target\":{\"@type\":\"EntryPoint\",\"urlTemplate\":\"https:\/\/goframe.be\/?s={search_term_string}\"},\"query-input\":{\"@type\":\"PropertyValueSpecification\",\"valueRequired\":true,\"valueName\":\"search_term_string\"}}],\"inLanguage\":\"nl-NL\"},{\"@type\":\"Organization\",\"@id\":\"https:\/\/goframe.be\/#organization\",\"name\":\"GOFRAME\",\"url\":\"https:\/\/goframe.be\/\",\"logo\":{\"@type\":\"ImageObject\",\"inLanguage\":\"nl-NL\",\"@id\":\"https:\/\/goframe.be\/#\/schema\/logo\/image\/\",\"url\":\"https:\/\/goframe.be\/wp-content\/uploads\/2022\/04\/logo-transparent.png\",\"contentUrl\":\"https:\/\/goframe.be\/wp-content\/uploads\/2022\/04\/logo-transparent.png\",\"width\":323,\"height\":157,\"caption\":\"GOFRAME\"},\"image\":{\"@id\":\"https:\/\/goframe.be\/#\/schema\/logo\/image\/\"}}]}<\/script>\n<!-- \/ Yoast SEO plugin. -->","yoast_head_json":{"title":"LA KELNET \u2013 40 X 40 CM - 42 pi\u00e8ces - GOFRAME","description":"Microfibre tr\u00e8s grand format, impression quadrichromie sur toute la surface de la fibre. Mise sous blister possible en option.","robots":{"index":"index","follow":"follow","max-snippet":"max-snippet:-1","max-image-preview":"max-image-preview:large","max-video-preview":"max-video-preview:-1"},"canonical":"https:\/\/goframe.be\/produit\/la-kelnet-40-x-40-cm\/","og_locale":"nl_NL","og_type":"article","og_title":"LA KELNET \u2013 40 X 40 CM - 42 pi\u00e8ces - GOFRAME","og_description":"Microfibre tr\u00e8s grand format, impression quadrichromie sur toute la surface de la fibre. Mise sous blister possible en option.","og_url":"https:\/\/goframe.be\/produit\/la-kelnet-40-x-40-cm\/","og_site_name":"GOFRAME","article_modified_time":"2022-11-23T09:10:30+00:00","og_image":[{"width":500,"height":500,"url":"https:\/\/goframe.be\/wp-content\/uploads\/2022\/04\/LA-KELNET-\u2013-40-X-40-CM.png","type":"image\/png"}],"twitter_card":"summary_large_image","schema":{"@context":"https:\/\/schema.org","@graph":[{"@type":"WebPage","@id":"https:\/\/goframe.be\/produit\/la-kelnet-40-x-40-cm\/","url":"https:\/\/goframe.be\/produit\/la-kelnet-40-x-40-cm\/","name":"LA KELNET \u2013 40 X 40 CM - 42 pi\u00e8ces - GOFRAME","isPartOf":{"@id":"https:\/\/goframe.be\/#website"},"primaryImageOfPage":{"@id":"https:\/\/goframe.be\/produit\/la-kelnet-40-x-40-cm\/#primaryimage"},"image":{"@id":"https:\/\/goframe.be\/produit\/la-kelnet-40-x-40-cm\/#primaryimage"},"thumbnailUrl":"https:\/\/goframe.be\/wp-content\/uploads\/2022\/04\/LA-KELNET-\u2013-40-X-40-CM.png","datePublished":"2022-04-26T07:45:10+00:00","dateModified":"2022-11-23T09:10:30+00:00","description":"Microfibre tr\u00e8s grand format, impression quadrichromie sur toute la surface de la fibre. Mise sous blister possible en option.","breadcrumb":{"@id":"https:\/\/goframe.be\/produit\/la-kelnet-40-x-40-cm\/#breadcrumb"},"inLanguage":"nl-NL","potentialAction":[{"@type":"ReadAction","target":["https:\/\/goframe.be\/produit\/la-kelnet-40-x-40-cm\/"]}]},{"@type":"ImageObject","inLanguage":"nl-NL","@id":"https:\/\/goframe.be\/produit\/la-kelnet-40-x-40-cm\/#primaryimage","url":"https:\/\/goframe.be\/wp-content\/uploads\/2022\/04\/LA-KELNET-\u2013-40-X-40-CM.png","contentUrl":"https:\/\/goframe.be\/wp-content\/uploads\/2022\/04\/LA-KELNET-\u2013-40-X-40-CM.png","width":500,"height":500},{"@type":"BreadcrumbList","@id":"https:\/\/goframe.be\/produit\/la-kelnet-40-x-40-cm\/#breadcrumb","itemListElement":[{"@type":"ListItem","position":1,"name":"Home","item":"https:\/\/goframe.be\/nl\/"},{"@type":"ListItem","position":2,"name":"Des produits","item":"https:\/\/goframe.be\/des-produits\/"},{"@type":"ListItem","position":3,"name":"LA KELNET \u2013 40 X 40 CM &#8211; 42 pi\u00e8ces"}]},{"@type":"WebSite","@id":"https:\/\/goframe.be\/#website","url":"https:\/\/goframe.be\/","name":"GOFRAME","description":"Bruxelles Brabant Namur Li\u00e8ge Hainaut Luxembourg","publisher":{"@id":"https:\/\/goframe.be\/#organization"},"potentialAction":[{"@type":"SearchAction","target":{"@type":"EntryPoint","urlTemplate":"https:\/\/goframe.be\/?s={search_term_string}"},"query-input":{"@type":"PropertyValueSpecification","valueRequired":true,"valueName":"search_term_string"}}],"inLanguage":"nl-NL"},{"@type":"Organization","@id":"https:\/\/goframe.be\/#organization","name":"GOFRAME","url":"https:\/\/goframe.be\/","logo":{"@type":"ImageObject","inLanguage":"nl-NL","@id":"https:\/\/goframe.be\/#\/schema\/logo\/image\/","url":"https:\/\/goframe.be\/wp-content\/uploads\/2022\/04\/logo-transparent.png","contentUrl":"https:\/\/goframe.be\/wp-content\/uploads\/2022\/04\/logo-transparent.png","width":323,"height":157,"caption":"GOFRAME"},"image":{"@id":"https:\/\/goframe.be\/#\/schema\/logo\/image\/"}}]}},"_links":{"self":[{"href":"https:\/\/goframe.be\/nl\/wp-json\/wp\/v2\/product\/8151","targetHints":{"allow":["GET"]}}],"collection":[{"href":"https:\/\/goframe.be\/nl\/wp-json\/wp\/v2\/product"}],"about":[{"href":"https:\/\/goframe.be\/nl\/wp-json\/wp\/v2\/types\/product"}],"version-history":[{"count":5,"href":"https:\/\/goframe.be\/nl\/wp-json\/wp\/v2\/product\/8151\/revisions"}],"predecessor-version":[{"id":12621,"href":"https:\/\/goframe.be\/nl\/wp-json\/wp\/v2\/product\/8151\/revisions\/12621"}],"wp:featuredmedia":[{"embeddable":true,"href":"https:\/\/goframe.be\/nl\/wp-json\/wp\/v2\/media\/8152"}],"wp:attachment":[{"href":"https:\/\/goframe.be\/nl\/wp-json\/wp\/v2\/media?parent=8151"}],"wp:term":[{"taxonomy":"product_brand","embeddable":true,"href":"https:\/\/goframe.be\/nl\/wp-json\/wp\/v2\/product_brand?post=8151"},{"taxonomy":"product_cat","embeddable":true,"href":"https:\/\/goframe.be\/nl\/wp-json\/wp\/v2\/product_cat?post=8151"},{"taxonomy":"product_tag","embeddable":true,"href":"https:\/\/goframe.be\/nl\/wp-json\/wp\/v2\/product_tag?post=8151"}],"curies":[{"name":"wp","href":"https:\/\/api.w.org\/{rel}","templated":true}]}}