{"id":3355,"date":"2017-07-13T02:24:06","date_gmt":"2017-07-13T00:24:06","guid":{"rendered":"https:\/\/goframe.be\/?post_type=product&#038;p=3355"},"modified":"2022-11-23T10:15:09","modified_gmt":"2022-11-23T09:15:09","slug":"kelnet-microfibres-haute-densite-10-x-15-cm","status":"publish","type":"product","link":"https:\/\/goframe.be\/nl\/produit\/kelnet-microfibres-haute-densite-10-x-15-cm\/","title":{"rendered":"LA KELNET &#8211; 10 x 15 CM"},"content":{"rendered":"","protected":false},"excerpt":{"rendered":"<p>Communiquez de mani\u00e8re originale\u00a0et faites plaisir en m\u00eame temps ! L&#8217;essuie-verres Microfibre Kelnet est\u00a0100%\u00a0personnalisable\u00a0(visuel, forme, taille\u2026).<\/p>\n<p>La Kelnet\u00a0b\u00e9n\u00e9ficie d&#8217;une\u00a0qualit\u00e9 parfaite, tant\u00a0au toucher,\u00a0\u00e0 l&#8217;aspect visuel, qu&#8217;\u00e0\u00a0l&#8217;efficacit\u00e9 de nettoyage\u00a0! Kelnet sait faire la diff\u00e9rence : toujours imit\u00e9e, jamais \u00e9gal\u00e9e ! Offrez l&#8217;accessoire indispensable \u00e0 vos clients et offrez-vous\u00a0un outil de\u00a0communication qui d\u00e9passe les fronti\u00e8res de votre magasin\u00a0!<\/p>\n<p><strong> DIMENSION <\/strong> : 10 x 15 cm<\/p>\n<p><strong> QUANTITE <\/strong> : 1000\u00a0pcs<\/p>\n","protected":false},"featured_media":9540,"template":"","meta":{"inline_featured_image":false},"product_brand":[],"product_cat":[149],"product_tag":[],"class_list":{"0":"post-3355","1":"product","2":"type-product","3":"status-publish","4":"has-post-thumbnail","6":"product_cat-kelnet","8":"first","9":"instock","10":"shipping-taxable","11":"purchasable","12":"product-type-simple"},"yoast_head":"<!-- This site is optimized with the Yoast SEO plugin v25.1 - https:\/\/yoast.com\/wordpress\/plugins\/seo\/ -->\n<title>LA KELNET - 10 x 15 CM - GOFRAME<\/title>\n<meta name=\"robots\" content=\"index, follow, max-snippet:-1, max-image-preview:large, max-video-preview:-1\" \/>\n<link rel=\"canonical\" href=\"https:\/\/goframe.be\/produit\/kelnet-microfibres-haute-densite-10-x-15-cm\/\" \/>\n<meta property=\"og:locale\" content=\"nl_NL\" \/>\n<meta property=\"og:type\" content=\"article\" \/>\n<meta property=\"og:title\" content=\"LA KELNET - 10 x 15 CM - GOFRAME\" \/>\n<meta property=\"og:description\" content=\"Communiquez de mani\u00e8re originale\u00a0et faites plaisir en m\u00eame temps ! L&#039;essuie-verres Microfibre Kelnet est\u00a0100%\u00a0personnalisable\u00a0(visuel, forme, taille\u2026).  La Kelnet\u00a0b\u00e9n\u00e9ficie d&#039;une\u00a0qualit\u00e9 parfaite, tant\u00a0au toucher,\u00a0\u00e0 l&#039;aspect visuel, qu&#039;\u00e0\u00a0l&#039;efficacit\u00e9 de nettoyage\u00a0! Kelnet sait faire la diff\u00e9rence : toujours imit\u00e9e, jamais \u00e9gal\u00e9e ! Offrez l&#039;accessoire indispensable \u00e0 vos clients et offrez-vous\u00a0un outil de\u00a0communication qui d\u00e9passe les fronti\u00e8res de votre magasin\u00a0!   DIMENSION : 10 x 15 cm   QUANTITE : 1000\u00a0pcs\" \/>\n<meta property=\"og:url\" content=\"https:\/\/goframe.be\/produit\/kelnet-microfibres-haute-densite-10-x-15-cm\/\" \/>\n<meta property=\"og:site_name\" content=\"GOFRAME\" \/>\n<meta property=\"article:modified_time\" content=\"2022-11-23T09:15:09+00:00\" \/>\n<meta property=\"og:image\" content=\"https:\/\/goframe.be\/wp-content\/uploads\/2017\/07\/LA-KELNET-\u2013-10-X-15-CM.jpg\" \/>\n\t<meta property=\"og:image:width\" content=\"500\" \/>\n\t<meta property=\"og:image:height\" content=\"500\" \/>\n\t<meta property=\"og:image:type\" content=\"image\/jpeg\" \/>\n<meta name=\"twitter:card\" content=\"summary_large_image\" \/>\n<script type=\"application\/ld+json\" class=\"yoast-schema-graph\">{\"@context\":\"https:\/\/schema.org\",\"@graph\":[{\"@type\":\"WebPage\",\"@id\":\"https:\/\/goframe.be\/produit\/kelnet-microfibres-haute-densite-10-x-15-cm\/\",\"url\":\"https:\/\/goframe.be\/produit\/kelnet-microfibres-haute-densite-10-x-15-cm\/\",\"name\":\"LA KELNET - 10 x 15 CM - GOFRAME\",\"isPartOf\":{\"@id\":\"https:\/\/goframe.be\/#website\"},\"primaryImageOfPage\":{\"@id\":\"https:\/\/goframe.be\/produit\/kelnet-microfibres-haute-densite-10-x-15-cm\/#primaryimage\"},\"image\":{\"@id\":\"https:\/\/goframe.be\/produit\/kelnet-microfibres-haute-densite-10-x-15-cm\/#primaryimage\"},\"thumbnailUrl\":\"https:\/\/goframe.be\/wp-content\/uploads\/2017\/07\/LA-KELNET-\u2013-10-X-15-CM.jpg\",\"datePublished\":\"2017-07-13T00:24:06+00:00\",\"dateModified\":\"2022-11-23T09:15:09+00:00\",\"breadcrumb\":{\"@id\":\"https:\/\/goframe.be\/produit\/kelnet-microfibres-haute-densite-10-x-15-cm\/#breadcrumb\"},\"inLanguage\":\"nl-NL\",\"potentialAction\":[{\"@type\":\"ReadAction\",\"target\":[\"https:\/\/goframe.be\/produit\/kelnet-microfibres-haute-densite-10-x-15-cm\/\"]}]},{\"@type\":\"ImageObject\",\"inLanguage\":\"nl-NL\",\"@id\":\"https:\/\/goframe.be\/produit\/kelnet-microfibres-haute-densite-10-x-15-cm\/#primaryimage\",\"url\":\"https:\/\/goframe.be\/wp-content\/uploads\/2017\/07\/LA-KELNET-\u2013-10-X-15-CM.jpg\",\"contentUrl\":\"https:\/\/goframe.be\/wp-content\/uploads\/2017\/07\/LA-KELNET-\u2013-10-X-15-CM.jpg\",\"width\":500,\"height\":500},{\"@type\":\"BreadcrumbList\",\"@id\":\"https:\/\/goframe.be\/produit\/kelnet-microfibres-haute-densite-10-x-15-cm\/#breadcrumb\",\"itemListElement\":[{\"@type\":\"ListItem\",\"position\":1,\"name\":\"Home\",\"item\":\"https:\/\/goframe.be\/nl\/\"},{\"@type\":\"ListItem\",\"position\":2,\"name\":\"Des produits\",\"item\":\"https:\/\/goframe.be\/des-produits\/\"},{\"@type\":\"ListItem\",\"position\":3,\"name\":\"LA KELNET &#8211; 10 x 15 CM\"}]},{\"@type\":\"WebSite\",\"@id\":\"https:\/\/goframe.be\/#website\",\"url\":\"https:\/\/goframe.be\/\",\"name\":\"GOFRAME\",\"description\":\"Bruxelles Brabant Namur Li\u00e8ge Hainaut Luxembourg\",\"publisher\":{\"@id\":\"https:\/\/goframe.be\/#organization\"},\"potentialAction\":[{\"@type\":\"SearchAction\",\"target\":{\"@type\":\"EntryPoint\",\"urlTemplate\":\"https:\/\/goframe.be\/?s={search_term_string}\"},\"query-input\":{\"@type\":\"PropertyValueSpecification\",\"valueRequired\":true,\"valueName\":\"search_term_string\"}}],\"inLanguage\":\"nl-NL\"},{\"@type\":\"Organization\",\"@id\":\"https:\/\/goframe.be\/#organization\",\"name\":\"GOFRAME\",\"url\":\"https:\/\/goframe.be\/\",\"logo\":{\"@type\":\"ImageObject\",\"inLanguage\":\"nl-NL\",\"@id\":\"https:\/\/goframe.be\/#\/schema\/logo\/image\/\",\"url\":\"https:\/\/goframe.be\/wp-content\/uploads\/2022\/04\/logo-transparent.png\",\"contentUrl\":\"https:\/\/goframe.be\/wp-content\/uploads\/2022\/04\/logo-transparent.png\",\"width\":323,\"height\":157,\"caption\":\"GOFRAME\"},\"image\":{\"@id\":\"https:\/\/goframe.be\/#\/schema\/logo\/image\/\"}}]}<\/script>\n<!-- \/ Yoast SEO plugin. -->","yoast_head_json":{"title":"LA KELNET - 10 x 15 CM - GOFRAME","robots":{"index":"index","follow":"follow","max-snippet":"max-snippet:-1","max-image-preview":"max-image-preview:large","max-video-preview":"max-video-preview:-1"},"canonical":"https:\/\/goframe.be\/produit\/kelnet-microfibres-haute-densite-10-x-15-cm\/","og_locale":"nl_NL","og_type":"article","og_title":"LA KELNET - 10 x 15 CM - GOFRAME","og_description":"Communiquez de mani\u00e8re originale\u00a0et faites plaisir en m\u00eame temps ! L'essuie-verres Microfibre Kelnet est\u00a0100%\u00a0personnalisable\u00a0(visuel, forme, taille\u2026).  La Kelnet\u00a0b\u00e9n\u00e9ficie d'une\u00a0qualit\u00e9 parfaite, tant\u00a0au toucher,\u00a0\u00e0 l'aspect visuel, qu'\u00e0\u00a0l'efficacit\u00e9 de nettoyage\u00a0! Kelnet sait faire la diff\u00e9rence : toujours imit\u00e9e, jamais \u00e9gal\u00e9e ! Offrez l'accessoire indispensable \u00e0 vos clients et offrez-vous\u00a0un outil de\u00a0communication qui d\u00e9passe les fronti\u00e8res de votre magasin\u00a0!   DIMENSION : 10 x 15 cm   QUANTITE : 1000\u00a0pcs","og_url":"https:\/\/goframe.be\/produit\/kelnet-microfibres-haute-densite-10-x-15-cm\/","og_site_name":"GOFRAME","article_modified_time":"2022-11-23T09:15:09+00:00","og_image":[{"width":500,"height":500,"url":"https:\/\/goframe.be\/wp-content\/uploads\/2017\/07\/LA-KELNET-\u2013-10-X-15-CM.jpg","type":"image\/jpeg"}],"twitter_card":"summary_large_image","schema":{"@context":"https:\/\/schema.org","@graph":[{"@type":"WebPage","@id":"https:\/\/goframe.be\/produit\/kelnet-microfibres-haute-densite-10-x-15-cm\/","url":"https:\/\/goframe.be\/produit\/kelnet-microfibres-haute-densite-10-x-15-cm\/","name":"LA KELNET - 10 x 15 CM - GOFRAME","isPartOf":{"@id":"https:\/\/goframe.be\/#website"},"primaryImageOfPage":{"@id":"https:\/\/goframe.be\/produit\/kelnet-microfibres-haute-densite-10-x-15-cm\/#primaryimage"},"image":{"@id":"https:\/\/goframe.be\/produit\/kelnet-microfibres-haute-densite-10-x-15-cm\/#primaryimage"},"thumbnailUrl":"https:\/\/goframe.be\/wp-content\/uploads\/2017\/07\/LA-KELNET-\u2013-10-X-15-CM.jpg","datePublished":"2017-07-13T00:24:06+00:00","dateModified":"2022-11-23T09:15:09+00:00","breadcrumb":{"@id":"https:\/\/goframe.be\/produit\/kelnet-microfibres-haute-densite-10-x-15-cm\/#breadcrumb"},"inLanguage":"nl-NL","potentialAction":[{"@type":"ReadAction","target":["https:\/\/goframe.be\/produit\/kelnet-microfibres-haute-densite-10-x-15-cm\/"]}]},{"@type":"ImageObject","inLanguage":"nl-NL","@id":"https:\/\/goframe.be\/produit\/kelnet-microfibres-haute-densite-10-x-15-cm\/#primaryimage","url":"https:\/\/goframe.be\/wp-content\/uploads\/2017\/07\/LA-KELNET-\u2013-10-X-15-CM.jpg","contentUrl":"https:\/\/goframe.be\/wp-content\/uploads\/2017\/07\/LA-KELNET-\u2013-10-X-15-CM.jpg","width":500,"height":500},{"@type":"BreadcrumbList","@id":"https:\/\/goframe.be\/produit\/kelnet-microfibres-haute-densite-10-x-15-cm\/#breadcrumb","itemListElement":[{"@type":"ListItem","position":1,"name":"Home","item":"https:\/\/goframe.be\/nl\/"},{"@type":"ListItem","position":2,"name":"Des produits","item":"https:\/\/goframe.be\/des-produits\/"},{"@type":"ListItem","position":3,"name":"LA KELNET &#8211; 10 x 15 CM"}]},{"@type":"WebSite","@id":"https:\/\/goframe.be\/#website","url":"https:\/\/goframe.be\/","name":"GOFRAME","description":"Bruxelles Brabant Namur Li\u00e8ge Hainaut Luxembourg","publisher":{"@id":"https:\/\/goframe.be\/#organization"},"potentialAction":[{"@type":"SearchAction","target":{"@type":"EntryPoint","urlTemplate":"https:\/\/goframe.be\/?s={search_term_string}"},"query-input":{"@type":"PropertyValueSpecification","valueRequired":true,"valueName":"search_term_string"}}],"inLanguage":"nl-NL"},{"@type":"Organization","@id":"https:\/\/goframe.be\/#organization","name":"GOFRAME","url":"https:\/\/goframe.be\/","logo":{"@type":"ImageObject","inLanguage":"nl-NL","@id":"https:\/\/goframe.be\/#\/schema\/logo\/image\/","url":"https:\/\/goframe.be\/wp-content\/uploads\/2022\/04\/logo-transparent.png","contentUrl":"https:\/\/goframe.be\/wp-content\/uploads\/2022\/04\/logo-transparent.png","width":323,"height":157,"caption":"GOFRAME"},"image":{"@id":"https:\/\/goframe.be\/#\/schema\/logo\/image\/"}}]}},"_links":{"self":[{"href":"https:\/\/goframe.be\/nl\/wp-json\/wp\/v2\/product\/3355","targetHints":{"allow":["GET"]}}],"collection":[{"href":"https:\/\/goframe.be\/nl\/wp-json\/wp\/v2\/product"}],"about":[{"href":"https:\/\/goframe.be\/nl\/wp-json\/wp\/v2\/types\/product"}],"version-history":[{"count":4,"href":"https:\/\/goframe.be\/nl\/wp-json\/wp\/v2\/product\/3355\/revisions"}],"predecessor-version":[{"id":9546,"href":"https:\/\/goframe.be\/nl\/wp-json\/wp\/v2\/product\/3355\/revisions\/9546"}],"wp:featuredmedia":[{"embeddable":true,"href":"https:\/\/goframe.be\/nl\/wp-json\/wp\/v2\/media\/9540"}],"wp:attachment":[{"href":"https:\/\/goframe.be\/nl\/wp-json\/wp\/v2\/media?parent=3355"}],"wp:term":[{"taxonomy":"product_brand","embeddable":true,"href":"https:\/\/goframe.be\/nl\/wp-json\/wp\/v2\/product_brand?post=3355"},{"taxonomy":"product_cat","embeddable":true,"href":"https:\/\/goframe.be\/nl\/wp-json\/wp\/v2\/product_cat?post=3355"},{"taxonomy":"product_tag","embeddable":true,"href":"https:\/\/goframe.be\/nl\/wp-json\/wp\/v2\/product_tag?post=3355"}],"curies":[{"name":"wp","href":"https:\/\/api.w.org\/{rel}","templated":true}]}}