{"id":12526,"date":"2022-11-23T10:29:03","date_gmt":"2022-11-23T09:29:03","guid":{"rendered":"https:\/\/goframe.be\/?post_type=product&#038;p=12526"},"modified":"2022-11-23T10:29:03","modified_gmt":"2022-11-23T09:29:03","slug":"vi-146-c-vis-auto-centreuses-14mm","status":"publish","type":"product","link":"https:\/\/goframe.be\/nl\/produit\/vi-146-c-vis-auto-centreuses-14mm\/","title":{"rendered":"VI-146\/C &#8211; Vis auto-centreuses 1,4mm"},"content":{"rendered":"","protected":false},"excerpt":{"rendered":"<p>100 vis auto-centreuses en acier inoxydable 1,4 x 2,0 x4,0mm. Existe \u00e9galement en dor\u00e9 (r\u00e9f\u00e9rence VI-142\/DC).<\/p>\n","protected":false},"featured_media":12527,"template":"","meta":{"inline_featured_image":false},"product_brand":[],"product_cat":[157,169],"product_tag":[],"class_list":{"0":"post-12526","1":"product","2":"type-product","3":"status-publish","4":"has-post-thumbnail","6":"product_cat-outillage","7":"product_cat-vis","9":"first","10":"instock","11":"shipping-taxable","12":"purchasable","13":"product-type-simple"},"yoast_head":"<!-- This site is optimized with the Yoast SEO plugin v25.1 - https:\/\/yoast.com\/wordpress\/plugins\/seo\/ -->\n<title>VI-146\/C - Vis auto-centreuses 1,4mm - GOFRAME<\/title>\n<meta name=\"robots\" content=\"index, follow, max-snippet:-1, max-image-preview:large, max-video-preview:-1\" \/>\n<link rel=\"canonical\" href=\"https:\/\/goframe.be\/produit\/vi-146-c-vis-auto-centreuses-14mm\/\" \/>\n<meta property=\"og:locale\" content=\"nl_NL\" \/>\n<meta property=\"og:type\" content=\"article\" \/>\n<meta property=\"og:title\" content=\"VI-146\/C - Vis auto-centreuses 1,4mm - GOFRAME\" \/>\n<meta property=\"og:description\" content=\"100 vis auto-centreuses en acier inoxydable 1,4 x 2,0 x4,0mm. Existe \u00e9galement en dor\u00e9 (r\u00e9f\u00e9rence VI-142\/DC).\" \/>\n<meta property=\"og:url\" content=\"https:\/\/goframe.be\/produit\/vi-146-c-vis-auto-centreuses-14mm\/\" \/>\n<meta property=\"og:site_name\" content=\"GOFRAME\" \/>\n<meta property=\"og:image\" content=\"https:\/\/goframe.be\/wp-content\/uploads\/2022\/10\/VI-146-C_VIS_AUTOCENTREUSE_1.44MM.png\" \/>\n\t<meta property=\"og:image:width\" content=\"400\" \/>\n\t<meta property=\"og:image:height\" content=\"400\" \/>\n\t<meta property=\"og:image:type\" content=\"image\/png\" \/>\n<meta name=\"twitter:card\" content=\"summary_large_image\" \/>\n<script type=\"application\/ld+json\" class=\"yoast-schema-graph\">{\"@context\":\"https:\/\/schema.org\",\"@graph\":[{\"@type\":\"WebPage\",\"@id\":\"https:\/\/goframe.be\/produit\/vi-146-c-vis-auto-centreuses-14mm\/\",\"url\":\"https:\/\/goframe.be\/produit\/vi-146-c-vis-auto-centreuses-14mm\/\",\"name\":\"VI-146\/C - Vis auto-centreuses 1,4mm - GOFRAME\",\"isPartOf\":{\"@id\":\"https:\/\/goframe.be\/#website\"},\"primaryImageOfPage\":{\"@id\":\"https:\/\/goframe.be\/produit\/vi-146-c-vis-auto-centreuses-14mm\/#primaryimage\"},\"image\":{\"@id\":\"https:\/\/goframe.be\/produit\/vi-146-c-vis-auto-centreuses-14mm\/#primaryimage\"},\"thumbnailUrl\":\"https:\/\/goframe.be\/wp-content\/uploads\/2022\/10\/VI-146-C_VIS_AUTOCENTREUSE_1.44MM.png\",\"datePublished\":\"2022-11-23T09:29:03+00:00\",\"breadcrumb\":{\"@id\":\"https:\/\/goframe.be\/produit\/vi-146-c-vis-auto-centreuses-14mm\/#breadcrumb\"},\"inLanguage\":\"nl-NL\",\"potentialAction\":[{\"@type\":\"ReadAction\",\"target\":[\"https:\/\/goframe.be\/produit\/vi-146-c-vis-auto-centreuses-14mm\/\"]}]},{\"@type\":\"ImageObject\",\"inLanguage\":\"nl-NL\",\"@id\":\"https:\/\/goframe.be\/produit\/vi-146-c-vis-auto-centreuses-14mm\/#primaryimage\",\"url\":\"https:\/\/goframe.be\/wp-content\/uploads\/2022\/10\/VI-146-C_VIS_AUTOCENTREUSE_1.44MM.png\",\"contentUrl\":\"https:\/\/goframe.be\/wp-content\/uploads\/2022\/10\/VI-146-C_VIS_AUTOCENTREUSE_1.44MM.png\",\"width\":400,\"height\":400},{\"@type\":\"BreadcrumbList\",\"@id\":\"https:\/\/goframe.be\/produit\/vi-146-c-vis-auto-centreuses-14mm\/#breadcrumb\",\"itemListElement\":[{\"@type\":\"ListItem\",\"position\":1,\"name\":\"Home\",\"item\":\"https:\/\/goframe.be\/nl\/\"},{\"@type\":\"ListItem\",\"position\":2,\"name\":\"Des produits\",\"item\":\"https:\/\/goframe.be\/des-produits\/\"},{\"@type\":\"ListItem\",\"position\":3,\"name\":\"VI-146\/C &#8211; Vis auto-centreuses 1,4mm\"}]},{\"@type\":\"WebSite\",\"@id\":\"https:\/\/goframe.be\/#website\",\"url\":\"https:\/\/goframe.be\/\",\"name\":\"GOFRAME\",\"description\":\"Bruxelles Brabant Namur Li\u00e8ge Hainaut Luxembourg\",\"publisher\":{\"@id\":\"https:\/\/goframe.be\/#organization\"},\"potentialAction\":[{\"@type\":\"SearchAction\",\"target\":{\"@type\":\"EntryPoint\",\"urlTemplate\":\"https:\/\/goframe.be\/?s={search_term_string}\"},\"query-input\":{\"@type\":\"PropertyValueSpecification\",\"valueRequired\":true,\"valueName\":\"search_term_string\"}}],\"inLanguage\":\"nl-NL\"},{\"@type\":\"Organization\",\"@id\":\"https:\/\/goframe.be\/#organization\",\"name\":\"GOFRAME\",\"url\":\"https:\/\/goframe.be\/\",\"logo\":{\"@type\":\"ImageObject\",\"inLanguage\":\"nl-NL\",\"@id\":\"https:\/\/goframe.be\/#\/schema\/logo\/image\/\",\"url\":\"https:\/\/goframe.be\/wp-content\/uploads\/2022\/04\/logo-transparent.png\",\"contentUrl\":\"https:\/\/goframe.be\/wp-content\/uploads\/2022\/04\/logo-transparent.png\",\"width\":323,\"height\":157,\"caption\":\"GOFRAME\"},\"image\":{\"@id\":\"https:\/\/goframe.be\/#\/schema\/logo\/image\/\"}}]}<\/script>\n<!-- \/ Yoast SEO plugin. -->","yoast_head_json":{"title":"VI-146\/C - Vis auto-centreuses 1,4mm - GOFRAME","robots":{"index":"index","follow":"follow","max-snippet":"max-snippet:-1","max-image-preview":"max-image-preview:large","max-video-preview":"max-video-preview:-1"},"canonical":"https:\/\/goframe.be\/produit\/vi-146-c-vis-auto-centreuses-14mm\/","og_locale":"nl_NL","og_type":"article","og_title":"VI-146\/C - Vis auto-centreuses 1,4mm - GOFRAME","og_description":"100 vis auto-centreuses en acier inoxydable 1,4 x 2,0 x4,0mm. Existe \u00e9galement en dor\u00e9 (r\u00e9f\u00e9rence VI-142\/DC).","og_url":"https:\/\/goframe.be\/produit\/vi-146-c-vis-auto-centreuses-14mm\/","og_site_name":"GOFRAME","og_image":[{"width":400,"height":400,"url":"https:\/\/goframe.be\/wp-content\/uploads\/2022\/10\/VI-146-C_VIS_AUTOCENTREUSE_1.44MM.png","type":"image\/png"}],"twitter_card":"summary_large_image","schema":{"@context":"https:\/\/schema.org","@graph":[{"@type":"WebPage","@id":"https:\/\/goframe.be\/produit\/vi-146-c-vis-auto-centreuses-14mm\/","url":"https:\/\/goframe.be\/produit\/vi-146-c-vis-auto-centreuses-14mm\/","name":"VI-146\/C - Vis auto-centreuses 1,4mm - GOFRAME","isPartOf":{"@id":"https:\/\/goframe.be\/#website"},"primaryImageOfPage":{"@id":"https:\/\/goframe.be\/produit\/vi-146-c-vis-auto-centreuses-14mm\/#primaryimage"},"image":{"@id":"https:\/\/goframe.be\/produit\/vi-146-c-vis-auto-centreuses-14mm\/#primaryimage"},"thumbnailUrl":"https:\/\/goframe.be\/wp-content\/uploads\/2022\/10\/VI-146-C_VIS_AUTOCENTREUSE_1.44MM.png","datePublished":"2022-11-23T09:29:03+00:00","breadcrumb":{"@id":"https:\/\/goframe.be\/produit\/vi-146-c-vis-auto-centreuses-14mm\/#breadcrumb"},"inLanguage":"nl-NL","potentialAction":[{"@type":"ReadAction","target":["https:\/\/goframe.be\/produit\/vi-146-c-vis-auto-centreuses-14mm\/"]}]},{"@type":"ImageObject","inLanguage":"nl-NL","@id":"https:\/\/goframe.be\/produit\/vi-146-c-vis-auto-centreuses-14mm\/#primaryimage","url":"https:\/\/goframe.be\/wp-content\/uploads\/2022\/10\/VI-146-C_VIS_AUTOCENTREUSE_1.44MM.png","contentUrl":"https:\/\/goframe.be\/wp-content\/uploads\/2022\/10\/VI-146-C_VIS_AUTOCENTREUSE_1.44MM.png","width":400,"height":400},{"@type":"BreadcrumbList","@id":"https:\/\/goframe.be\/produit\/vi-146-c-vis-auto-centreuses-14mm\/#breadcrumb","itemListElement":[{"@type":"ListItem","position":1,"name":"Home","item":"https:\/\/goframe.be\/nl\/"},{"@type":"ListItem","position":2,"name":"Des produits","item":"https:\/\/goframe.be\/des-produits\/"},{"@type":"ListItem","position":3,"name":"VI-146\/C &#8211; Vis auto-centreuses 1,4mm"}]},{"@type":"WebSite","@id":"https:\/\/goframe.be\/#website","url":"https:\/\/goframe.be\/","name":"GOFRAME","description":"Bruxelles Brabant Namur Li\u00e8ge Hainaut Luxembourg","publisher":{"@id":"https:\/\/goframe.be\/#organization"},"potentialAction":[{"@type":"SearchAction","target":{"@type":"EntryPoint","urlTemplate":"https:\/\/goframe.be\/?s={search_term_string}"},"query-input":{"@type":"PropertyValueSpecification","valueRequired":true,"valueName":"search_term_string"}}],"inLanguage":"nl-NL"},{"@type":"Organization","@id":"https:\/\/goframe.be\/#organization","name":"GOFRAME","url":"https:\/\/goframe.be\/","logo":{"@type":"ImageObject","inLanguage":"nl-NL","@id":"https:\/\/goframe.be\/#\/schema\/logo\/image\/","url":"https:\/\/goframe.be\/wp-content\/uploads\/2022\/04\/logo-transparent.png","contentUrl":"https:\/\/goframe.be\/wp-content\/uploads\/2022\/04\/logo-transparent.png","width":323,"height":157,"caption":"GOFRAME"},"image":{"@id":"https:\/\/goframe.be\/#\/schema\/logo\/image\/"}}]}},"_links":{"self":[{"href":"https:\/\/goframe.be\/nl\/wp-json\/wp\/v2\/product\/12526","targetHints":{"allow":["GET"]}}],"collection":[{"href":"https:\/\/goframe.be\/nl\/wp-json\/wp\/v2\/product"}],"about":[{"href":"https:\/\/goframe.be\/nl\/wp-json\/wp\/v2\/types\/product"}],"version-history":[{"count":2,"href":"https:\/\/goframe.be\/nl\/wp-json\/wp\/v2\/product\/12526\/revisions"}],"predecessor-version":[{"id":12531,"href":"https:\/\/goframe.be\/nl\/wp-json\/wp\/v2\/product\/12526\/revisions\/12531"}],"wp:featuredmedia":[{"embeddable":true,"href":"https:\/\/goframe.be\/nl\/wp-json\/wp\/v2\/media\/12527"}],"wp:attachment":[{"href":"https:\/\/goframe.be\/nl\/wp-json\/wp\/v2\/media?parent=12526"}],"wp:term":[{"taxonomy":"product_brand","embeddable":true,"href":"https:\/\/goframe.be\/nl\/wp-json\/wp\/v2\/product_brand?post=12526"},{"taxonomy":"product_cat","embeddable":true,"href":"https:\/\/goframe.be\/nl\/wp-json\/wp\/v2\/product_cat?post=12526"},{"taxonomy":"product_tag","embeddable":true,"href":"https:\/\/goframe.be\/nl\/wp-json\/wp\/v2\/product_tag?post=12526"}],"curies":[{"name":"wp","href":"https:\/\/api.w.org\/{rel}","templated":true}]}}