{"id":12470,"date":"2022-11-23T11:23:49","date_gmt":"2022-11-23T10:23:49","guid":{"rendered":"https:\/\/goframe.be\/?post_type=product&#038;p=12470"},"modified":"2022-11-23T11:23:50","modified_gmt":"2022-11-23T10:23:50","slug":"tr-101-troisieme-main-inox","status":"publish","type":"product","link":"https:\/\/goframe.be\/nl\/produit\/tr-101-troisieme-main-inox\/","title":{"rendered":"TR-101 &#8211; Troisi\u00e8me main inox"},"content":{"rendered":"","protected":false},"excerpt":{"rendered":"<p>Troisi\u00e8me main en inox. Outil indispensable dans votre atelier, id\u00e9al pour r\u00e9aliser les soudures de pr\u00e9cision.<\/p>\n","protected":false},"featured_media":12471,"template":"","meta":{"inline_featured_image":false},"product_brand":[],"product_cat":[157,163],"product_tag":[],"class_list":{"0":"post-12470","1":"product","2":"type-product","3":"status-publish","4":"has-post-thumbnail","6":"product_cat-outillage","7":"product_cat-soudure","9":"first","10":"instock","11":"shipping-taxable","12":"purchasable","13":"product-type-simple"},"yoast_head":"<!-- This site is optimized with the Yoast SEO plugin v25.1 - https:\/\/yoast.com\/wordpress\/plugins\/seo\/ -->\n<title>TR-101 - Troisi\u00e8me main inox - GOFRAME<\/title>\n<meta name=\"description\" content=\"Troisi\u00e8me main en inox. Outil indispensable dans votre atelier, id\u00e9al pour r\u00e9aliser les soudures de pr\u00e9cision.\" \/>\n<meta name=\"robots\" content=\"index, follow, max-snippet:-1, max-image-preview:large, max-video-preview:-1\" \/>\n<link rel=\"canonical\" href=\"https:\/\/goframe.be\/produit\/tr-101-troisieme-main-inox\/\" \/>\n<meta property=\"og:locale\" content=\"nl_NL\" \/>\n<meta property=\"og:type\" content=\"article\" \/>\n<meta property=\"og:title\" content=\"TR-101 - Troisi\u00e8me main inox - GOFRAME\" \/>\n<meta property=\"og:description\" content=\"Troisi\u00e8me main en inox. Outil indispensable dans votre atelier, id\u00e9al pour r\u00e9aliser les soudures de pr\u00e9cision.\" \/>\n<meta property=\"og:url\" content=\"https:\/\/goframe.be\/produit\/tr-101-troisieme-main-inox\/\" \/>\n<meta property=\"og:site_name\" content=\"GOFRAME\" \/>\n<meta property=\"article:modified_time\" content=\"2022-11-23T10:23:50+00:00\" \/>\n<meta property=\"og:image\" content=\"https:\/\/goframe.be\/wp-content\/uploads\/2022\/10\/TROISIEME_MAIN_TR-101.png\" \/>\n\t<meta property=\"og:image:width\" content=\"400\" \/>\n\t<meta property=\"og:image:height\" content=\"400\" \/>\n\t<meta property=\"og:image:type\" content=\"image\/png\" \/>\n<meta name=\"twitter:card\" content=\"summary_large_image\" \/>\n<script type=\"application\/ld+json\" class=\"yoast-schema-graph\">{\"@context\":\"https:\/\/schema.org\",\"@graph\":[{\"@type\":\"WebPage\",\"@id\":\"https:\/\/goframe.be\/produit\/tr-101-troisieme-main-inox\/\",\"url\":\"https:\/\/goframe.be\/produit\/tr-101-troisieme-main-inox\/\",\"name\":\"TR-101 - Troisi\u00e8me main inox - GOFRAME\",\"isPartOf\":{\"@id\":\"https:\/\/goframe.be\/#website\"},\"primaryImageOfPage\":{\"@id\":\"https:\/\/goframe.be\/produit\/tr-101-troisieme-main-inox\/#primaryimage\"},\"image\":{\"@id\":\"https:\/\/goframe.be\/produit\/tr-101-troisieme-main-inox\/#primaryimage\"},\"thumbnailUrl\":\"https:\/\/goframe.be\/wp-content\/uploads\/2022\/10\/TROISIEME_MAIN_TR-101.png\",\"datePublished\":\"2022-11-23T10:23:49+00:00\",\"dateModified\":\"2022-11-23T10:23:50+00:00\",\"description\":\"Troisi\u00e8me main en inox. Outil indispensable dans votre atelier, id\u00e9al pour r\u00e9aliser les soudures de pr\u00e9cision.\",\"breadcrumb\":{\"@id\":\"https:\/\/goframe.be\/produit\/tr-101-troisieme-main-inox\/#breadcrumb\"},\"inLanguage\":\"nl-NL\",\"potentialAction\":[{\"@type\":\"ReadAction\",\"target\":[\"https:\/\/goframe.be\/produit\/tr-101-troisieme-main-inox\/\"]}]},{\"@type\":\"ImageObject\",\"inLanguage\":\"nl-NL\",\"@id\":\"https:\/\/goframe.be\/produit\/tr-101-troisieme-main-inox\/#primaryimage\",\"url\":\"https:\/\/goframe.be\/wp-content\/uploads\/2022\/10\/TROISIEME_MAIN_TR-101.png\",\"contentUrl\":\"https:\/\/goframe.be\/wp-content\/uploads\/2022\/10\/TROISIEME_MAIN_TR-101.png\",\"width\":400,\"height\":400},{\"@type\":\"BreadcrumbList\",\"@id\":\"https:\/\/goframe.be\/produit\/tr-101-troisieme-main-inox\/#breadcrumb\",\"itemListElement\":[{\"@type\":\"ListItem\",\"position\":1,\"name\":\"Home\",\"item\":\"https:\/\/goframe.be\/nl\/\"},{\"@type\":\"ListItem\",\"position\":2,\"name\":\"Des produits\",\"item\":\"https:\/\/goframe.be\/des-produits\/\"},{\"@type\":\"ListItem\",\"position\":3,\"name\":\"TR-101 &#8211; Troisi\u00e8me main inox\"}]},{\"@type\":\"WebSite\",\"@id\":\"https:\/\/goframe.be\/#website\",\"url\":\"https:\/\/goframe.be\/\",\"name\":\"GOFRAME\",\"description\":\"Bruxelles Brabant Namur Li\u00e8ge Hainaut Luxembourg\",\"publisher\":{\"@id\":\"https:\/\/goframe.be\/#organization\"},\"potentialAction\":[{\"@type\":\"SearchAction\",\"target\":{\"@type\":\"EntryPoint\",\"urlTemplate\":\"https:\/\/goframe.be\/?s={search_term_string}\"},\"query-input\":{\"@type\":\"PropertyValueSpecification\",\"valueRequired\":true,\"valueName\":\"search_term_string\"}}],\"inLanguage\":\"nl-NL\"},{\"@type\":\"Organization\",\"@id\":\"https:\/\/goframe.be\/#organization\",\"name\":\"GOFRAME\",\"url\":\"https:\/\/goframe.be\/\",\"logo\":{\"@type\":\"ImageObject\",\"inLanguage\":\"nl-NL\",\"@id\":\"https:\/\/goframe.be\/#\/schema\/logo\/image\/\",\"url\":\"https:\/\/goframe.be\/wp-content\/uploads\/2022\/04\/logo-transparent.png\",\"contentUrl\":\"https:\/\/goframe.be\/wp-content\/uploads\/2022\/04\/logo-transparent.png\",\"width\":323,\"height\":157,\"caption\":\"GOFRAME\"},\"image\":{\"@id\":\"https:\/\/goframe.be\/#\/schema\/logo\/image\/\"}}]}<\/script>\n<!-- \/ Yoast SEO plugin. -->","yoast_head_json":{"title":"TR-101 - Troisi\u00e8me main inox - GOFRAME","description":"Troisi\u00e8me main en inox. Outil indispensable dans votre atelier, id\u00e9al pour r\u00e9aliser les soudures de pr\u00e9cision.","robots":{"index":"index","follow":"follow","max-snippet":"max-snippet:-1","max-image-preview":"max-image-preview:large","max-video-preview":"max-video-preview:-1"},"canonical":"https:\/\/goframe.be\/produit\/tr-101-troisieme-main-inox\/","og_locale":"nl_NL","og_type":"article","og_title":"TR-101 - Troisi\u00e8me main inox - GOFRAME","og_description":"Troisi\u00e8me main en inox. Outil indispensable dans votre atelier, id\u00e9al pour r\u00e9aliser les soudures de pr\u00e9cision.","og_url":"https:\/\/goframe.be\/produit\/tr-101-troisieme-main-inox\/","og_site_name":"GOFRAME","article_modified_time":"2022-11-23T10:23:50+00:00","og_image":[{"width":400,"height":400,"url":"https:\/\/goframe.be\/wp-content\/uploads\/2022\/10\/TROISIEME_MAIN_TR-101.png","type":"image\/png"}],"twitter_card":"summary_large_image","schema":{"@context":"https:\/\/schema.org","@graph":[{"@type":"WebPage","@id":"https:\/\/goframe.be\/produit\/tr-101-troisieme-main-inox\/","url":"https:\/\/goframe.be\/produit\/tr-101-troisieme-main-inox\/","name":"TR-101 - Troisi\u00e8me main inox - GOFRAME","isPartOf":{"@id":"https:\/\/goframe.be\/#website"},"primaryImageOfPage":{"@id":"https:\/\/goframe.be\/produit\/tr-101-troisieme-main-inox\/#primaryimage"},"image":{"@id":"https:\/\/goframe.be\/produit\/tr-101-troisieme-main-inox\/#primaryimage"},"thumbnailUrl":"https:\/\/goframe.be\/wp-content\/uploads\/2022\/10\/TROISIEME_MAIN_TR-101.png","datePublished":"2022-11-23T10:23:49+00:00","dateModified":"2022-11-23T10:23:50+00:00","description":"Troisi\u00e8me main en inox. Outil indispensable dans votre atelier, id\u00e9al pour r\u00e9aliser les soudures de pr\u00e9cision.","breadcrumb":{"@id":"https:\/\/goframe.be\/produit\/tr-101-troisieme-main-inox\/#breadcrumb"},"inLanguage":"nl-NL","potentialAction":[{"@type":"ReadAction","target":["https:\/\/goframe.be\/produit\/tr-101-troisieme-main-inox\/"]}]},{"@type":"ImageObject","inLanguage":"nl-NL","@id":"https:\/\/goframe.be\/produit\/tr-101-troisieme-main-inox\/#primaryimage","url":"https:\/\/goframe.be\/wp-content\/uploads\/2022\/10\/TROISIEME_MAIN_TR-101.png","contentUrl":"https:\/\/goframe.be\/wp-content\/uploads\/2022\/10\/TROISIEME_MAIN_TR-101.png","width":400,"height":400},{"@type":"BreadcrumbList","@id":"https:\/\/goframe.be\/produit\/tr-101-troisieme-main-inox\/#breadcrumb","itemListElement":[{"@type":"ListItem","position":1,"name":"Home","item":"https:\/\/goframe.be\/nl\/"},{"@type":"ListItem","position":2,"name":"Des produits","item":"https:\/\/goframe.be\/des-produits\/"},{"@type":"ListItem","position":3,"name":"TR-101 &#8211; Troisi\u00e8me main inox"}]},{"@type":"WebSite","@id":"https:\/\/goframe.be\/#website","url":"https:\/\/goframe.be\/","name":"GOFRAME","description":"Bruxelles Brabant Namur Li\u00e8ge Hainaut Luxembourg","publisher":{"@id":"https:\/\/goframe.be\/#organization"},"potentialAction":[{"@type":"SearchAction","target":{"@type":"EntryPoint","urlTemplate":"https:\/\/goframe.be\/?s={search_term_string}"},"query-input":{"@type":"PropertyValueSpecification","valueRequired":true,"valueName":"search_term_string"}}],"inLanguage":"nl-NL"},{"@type":"Organization","@id":"https:\/\/goframe.be\/#organization","name":"GOFRAME","url":"https:\/\/goframe.be\/","logo":{"@type":"ImageObject","inLanguage":"nl-NL","@id":"https:\/\/goframe.be\/#\/schema\/logo\/image\/","url":"https:\/\/goframe.be\/wp-content\/uploads\/2022\/04\/logo-transparent.png","contentUrl":"https:\/\/goframe.be\/wp-content\/uploads\/2022\/04\/logo-transparent.png","width":323,"height":157,"caption":"GOFRAME"},"image":{"@id":"https:\/\/goframe.be\/#\/schema\/logo\/image\/"}}]}},"_links":{"self":[{"href":"https:\/\/goframe.be\/nl\/wp-json\/wp\/v2\/product\/12470","targetHints":{"allow":["GET"]}}],"collection":[{"href":"https:\/\/goframe.be\/nl\/wp-json\/wp\/v2\/product"}],"about":[{"href":"https:\/\/goframe.be\/nl\/wp-json\/wp\/v2\/types\/product"}],"version-history":[{"count":3,"href":"https:\/\/goframe.be\/nl\/wp-json\/wp\/v2\/product\/12470\/revisions"}],"predecessor-version":[{"id":12627,"href":"https:\/\/goframe.be\/nl\/wp-json\/wp\/v2\/product\/12470\/revisions\/12627"}],"wp:featuredmedia":[{"embeddable":true,"href":"https:\/\/goframe.be\/nl\/wp-json\/wp\/v2\/media\/12471"}],"wp:attachment":[{"href":"https:\/\/goframe.be\/nl\/wp-json\/wp\/v2\/media?parent=12470"}],"wp:term":[{"taxonomy":"product_brand","embeddable":true,"href":"https:\/\/goframe.be\/nl\/wp-json\/wp\/v2\/product_brand?post=12470"},{"taxonomy":"product_cat","embeddable":true,"href":"https:\/\/goframe.be\/nl\/wp-json\/wp\/v2\/product_cat?post=12470"},{"taxonomy":"product_tag","embeddable":true,"href":"https:\/\/goframe.be\/nl\/wp-json\/wp\/v2\/product_tag?post=12470"}],"curies":[{"name":"wp","href":"https:\/\/api.w.org\/{rel}","templated":true}]}}