{"id":12458,"date":"2022-11-23T11:27:06","date_gmt":"2022-11-23T10:27:06","guid":{"rendered":"https:\/\/goframe.be\/?post_type=product&#038;p=12458"},"modified":"2022-11-23T11:27:06","modified_gmt":"2022-11-23T10:27:06","slug":"to875-tournevis-avec-tete-tournante-sur-roulement-a-bille","status":"publish","type":"product","link":"https:\/\/goframe.be\/nl\/produit\/to875-tournevis-avec-tete-tournante-sur-roulement-a-bille\/","title":{"rendered":"TO875 &#8211; Tournevis avec t\u00eate tournante sur roulement \u00e0 bille"},"content":{"rendered":"","protected":false},"excerpt":{"rendered":"<p>Tournevis pro avec t\u00eate tournante sur roulement \u00e0 billes (2 lames plates d&#8217;un diam\u00e8tre de 1,5 et 2mm).<\/p>\n","protected":false},"featured_media":12459,"template":"","meta":{"inline_featured_image":false},"product_brand":[],"product_cat":[157,162],"product_tag":[],"class_list":{"0":"post-12458","1":"product","2":"type-product","3":"status-publish","4":"has-post-thumbnail","6":"product_cat-outillage","7":"product_cat-tournevis-et-cles","9":"first","10":"instock","11":"shipping-taxable","12":"purchasable","13":"product-type-simple"},"yoast_head":"<!-- This site is optimized with the Yoast SEO plugin v25.1 - https:\/\/yoast.com\/wordpress\/plugins\/seo\/ -->\n<title>TO875 - Tournevis avec t\u00eate tournante sur roulement \u00e0 bille - GOFRAME<\/title>\n<meta name=\"description\" content=\"Tournevis pro avec t\u00eate tournante sur roulement \u00e0 billes (2 lames plates d&#039;un diam\u00e8tre de 1,5 et 2mm).\" \/>\n<meta name=\"robots\" content=\"index, follow, max-snippet:-1, max-image-preview:large, max-video-preview:-1\" \/>\n<link rel=\"canonical\" href=\"https:\/\/goframe.be\/produit\/to875-tournevis-avec-tete-tournante-sur-roulement-a-bille\/\" \/>\n<meta property=\"og:locale\" content=\"nl_NL\" \/>\n<meta property=\"og:type\" content=\"article\" \/>\n<meta property=\"og:title\" content=\"TO875 - Tournevis avec t\u00eate tournante sur roulement \u00e0 bille - GOFRAME\" \/>\n<meta property=\"og:description\" content=\"Tournevis pro avec t\u00eate tournante sur roulement \u00e0 billes (2 lames plates d&#039;un diam\u00e8tre de 1,5 et 2mm).\" \/>\n<meta property=\"og:url\" content=\"https:\/\/goframe.be\/produit\/to875-tournevis-avec-tete-tournante-sur-roulement-a-bille\/\" \/>\n<meta property=\"og:site_name\" content=\"GOFRAME\" \/>\n<meta property=\"og:image\" content=\"https:\/\/goframe.be\/wp-content\/uploads\/2022\/10\/Tournevis_PRO_sur_roulement_a_bille_TO875_LAME_LIVRE_AVEC_LAMES_1.5_ET_2MM-removebg-preview-1.png\" \/>\n\t<meta property=\"og:image:width\" content=\"400\" \/>\n\t<meta property=\"og:image:height\" content=\"400\" \/>\n\t<meta property=\"og:image:type\" content=\"image\/png\" \/>\n<meta name=\"twitter:card\" content=\"summary_large_image\" \/>\n<script type=\"application\/ld+json\" class=\"yoast-schema-graph\">{\"@context\":\"https:\/\/schema.org\",\"@graph\":[{\"@type\":\"WebPage\",\"@id\":\"https:\/\/goframe.be\/produit\/to875-tournevis-avec-tete-tournante-sur-roulement-a-bille\/\",\"url\":\"https:\/\/goframe.be\/produit\/to875-tournevis-avec-tete-tournante-sur-roulement-a-bille\/\",\"name\":\"TO875 - Tournevis avec t\u00eate tournante sur roulement \u00e0 bille - GOFRAME\",\"isPartOf\":{\"@id\":\"https:\/\/goframe.be\/#website\"},\"primaryImageOfPage\":{\"@id\":\"https:\/\/goframe.be\/produit\/to875-tournevis-avec-tete-tournante-sur-roulement-a-bille\/#primaryimage\"},\"image\":{\"@id\":\"https:\/\/goframe.be\/produit\/to875-tournevis-avec-tete-tournante-sur-roulement-a-bille\/#primaryimage\"},\"thumbnailUrl\":\"https:\/\/goframe.be\/wp-content\/uploads\/2022\/10\/Tournevis_PRO_sur_roulement_a_bille_TO875_LAME_LIVRE_AVEC_LAMES_1.5_ET_2MM-removebg-preview-1.png\",\"datePublished\":\"2022-11-23T10:27:06+00:00\",\"description\":\"Tournevis pro avec t\u00eate tournante sur roulement \u00e0 billes (2 lames plates d'un diam\u00e8tre de 1,5 et 2mm).\",\"breadcrumb\":{\"@id\":\"https:\/\/goframe.be\/produit\/to875-tournevis-avec-tete-tournante-sur-roulement-a-bille\/#breadcrumb\"},\"inLanguage\":\"nl-NL\",\"potentialAction\":[{\"@type\":\"ReadAction\",\"target\":[\"https:\/\/goframe.be\/produit\/to875-tournevis-avec-tete-tournante-sur-roulement-a-bille\/\"]}]},{\"@type\":\"ImageObject\",\"inLanguage\":\"nl-NL\",\"@id\":\"https:\/\/goframe.be\/produit\/to875-tournevis-avec-tete-tournante-sur-roulement-a-bille\/#primaryimage\",\"url\":\"https:\/\/goframe.be\/wp-content\/uploads\/2022\/10\/Tournevis_PRO_sur_roulement_a_bille_TO875_LAME_LIVRE_AVEC_LAMES_1.5_ET_2MM-removebg-preview-1.png\",\"contentUrl\":\"https:\/\/goframe.be\/wp-content\/uploads\/2022\/10\/Tournevis_PRO_sur_roulement_a_bille_TO875_LAME_LIVRE_AVEC_LAMES_1.5_ET_2MM-removebg-preview-1.png\",\"width\":400,\"height\":400},{\"@type\":\"BreadcrumbList\",\"@id\":\"https:\/\/goframe.be\/produit\/to875-tournevis-avec-tete-tournante-sur-roulement-a-bille\/#breadcrumb\",\"itemListElement\":[{\"@type\":\"ListItem\",\"position\":1,\"name\":\"Home\",\"item\":\"https:\/\/goframe.be\/nl\/\"},{\"@type\":\"ListItem\",\"position\":2,\"name\":\"Des produits\",\"item\":\"https:\/\/goframe.be\/des-produits\/\"},{\"@type\":\"ListItem\",\"position\":3,\"name\":\"TO875 &#8211; Tournevis avec t\u00eate tournante sur roulement \u00e0 bille\"}]},{\"@type\":\"WebSite\",\"@id\":\"https:\/\/goframe.be\/#website\",\"url\":\"https:\/\/goframe.be\/\",\"name\":\"GOFRAME\",\"description\":\"Bruxelles Brabant Namur Li\u00e8ge Hainaut Luxembourg\",\"publisher\":{\"@id\":\"https:\/\/goframe.be\/#organization\"},\"potentialAction\":[{\"@type\":\"SearchAction\",\"target\":{\"@type\":\"EntryPoint\",\"urlTemplate\":\"https:\/\/goframe.be\/?s={search_term_string}\"},\"query-input\":{\"@type\":\"PropertyValueSpecification\",\"valueRequired\":true,\"valueName\":\"search_term_string\"}}],\"inLanguage\":\"nl-NL\"},{\"@type\":\"Organization\",\"@id\":\"https:\/\/goframe.be\/#organization\",\"name\":\"GOFRAME\",\"url\":\"https:\/\/goframe.be\/\",\"logo\":{\"@type\":\"ImageObject\",\"inLanguage\":\"nl-NL\",\"@id\":\"https:\/\/goframe.be\/#\/schema\/logo\/image\/\",\"url\":\"https:\/\/goframe.be\/wp-content\/uploads\/2022\/04\/logo-transparent.png\",\"contentUrl\":\"https:\/\/goframe.be\/wp-content\/uploads\/2022\/04\/logo-transparent.png\",\"width\":323,\"height\":157,\"caption\":\"GOFRAME\"},\"image\":{\"@id\":\"https:\/\/goframe.be\/#\/schema\/logo\/image\/\"}}]}<\/script>\n<!-- \/ Yoast SEO plugin. -->","yoast_head_json":{"title":"TO875 - Tournevis avec t\u00eate tournante sur roulement \u00e0 bille - GOFRAME","description":"Tournevis pro avec t\u00eate tournante sur roulement \u00e0 billes (2 lames plates d'un diam\u00e8tre de 1,5 et 2mm).","robots":{"index":"index","follow":"follow","max-snippet":"max-snippet:-1","max-image-preview":"max-image-preview:large","max-video-preview":"max-video-preview:-1"},"canonical":"https:\/\/goframe.be\/produit\/to875-tournevis-avec-tete-tournante-sur-roulement-a-bille\/","og_locale":"nl_NL","og_type":"article","og_title":"TO875 - Tournevis avec t\u00eate tournante sur roulement \u00e0 bille - GOFRAME","og_description":"Tournevis pro avec t\u00eate tournante sur roulement \u00e0 billes (2 lames plates d'un diam\u00e8tre de 1,5 et 2mm).","og_url":"https:\/\/goframe.be\/produit\/to875-tournevis-avec-tete-tournante-sur-roulement-a-bille\/","og_site_name":"GOFRAME","og_image":[{"width":400,"height":400,"url":"https:\/\/goframe.be\/wp-content\/uploads\/2022\/10\/Tournevis_PRO_sur_roulement_a_bille_TO875_LAME_LIVRE_AVEC_LAMES_1.5_ET_2MM-removebg-preview-1.png","type":"image\/png"}],"twitter_card":"summary_large_image","schema":{"@context":"https:\/\/schema.org","@graph":[{"@type":"WebPage","@id":"https:\/\/goframe.be\/produit\/to875-tournevis-avec-tete-tournante-sur-roulement-a-bille\/","url":"https:\/\/goframe.be\/produit\/to875-tournevis-avec-tete-tournante-sur-roulement-a-bille\/","name":"TO875 - Tournevis avec t\u00eate tournante sur roulement \u00e0 bille - GOFRAME","isPartOf":{"@id":"https:\/\/goframe.be\/#website"},"primaryImageOfPage":{"@id":"https:\/\/goframe.be\/produit\/to875-tournevis-avec-tete-tournante-sur-roulement-a-bille\/#primaryimage"},"image":{"@id":"https:\/\/goframe.be\/produit\/to875-tournevis-avec-tete-tournante-sur-roulement-a-bille\/#primaryimage"},"thumbnailUrl":"https:\/\/goframe.be\/wp-content\/uploads\/2022\/10\/Tournevis_PRO_sur_roulement_a_bille_TO875_LAME_LIVRE_AVEC_LAMES_1.5_ET_2MM-removebg-preview-1.png","datePublished":"2022-11-23T10:27:06+00:00","description":"Tournevis pro avec t\u00eate tournante sur roulement \u00e0 billes (2 lames plates d'un diam\u00e8tre de 1,5 et 2mm).","breadcrumb":{"@id":"https:\/\/goframe.be\/produit\/to875-tournevis-avec-tete-tournante-sur-roulement-a-bille\/#breadcrumb"},"inLanguage":"nl-NL","potentialAction":[{"@type":"ReadAction","target":["https:\/\/goframe.be\/produit\/to875-tournevis-avec-tete-tournante-sur-roulement-a-bille\/"]}]},{"@type":"ImageObject","inLanguage":"nl-NL","@id":"https:\/\/goframe.be\/produit\/to875-tournevis-avec-tete-tournante-sur-roulement-a-bille\/#primaryimage","url":"https:\/\/goframe.be\/wp-content\/uploads\/2022\/10\/Tournevis_PRO_sur_roulement_a_bille_TO875_LAME_LIVRE_AVEC_LAMES_1.5_ET_2MM-removebg-preview-1.png","contentUrl":"https:\/\/goframe.be\/wp-content\/uploads\/2022\/10\/Tournevis_PRO_sur_roulement_a_bille_TO875_LAME_LIVRE_AVEC_LAMES_1.5_ET_2MM-removebg-preview-1.png","width":400,"height":400},{"@type":"BreadcrumbList","@id":"https:\/\/goframe.be\/produit\/to875-tournevis-avec-tete-tournante-sur-roulement-a-bille\/#breadcrumb","itemListElement":[{"@type":"ListItem","position":1,"name":"Home","item":"https:\/\/goframe.be\/nl\/"},{"@type":"ListItem","position":2,"name":"Des produits","item":"https:\/\/goframe.be\/des-produits\/"},{"@type":"ListItem","position":3,"name":"TO875 &#8211; Tournevis avec t\u00eate tournante sur roulement \u00e0 bille"}]},{"@type":"WebSite","@id":"https:\/\/goframe.be\/#website","url":"https:\/\/goframe.be\/","name":"GOFRAME","description":"Bruxelles Brabant Namur Li\u00e8ge Hainaut Luxembourg","publisher":{"@id":"https:\/\/goframe.be\/#organization"},"potentialAction":[{"@type":"SearchAction","target":{"@type":"EntryPoint","urlTemplate":"https:\/\/goframe.be\/?s={search_term_string}"},"query-input":{"@type":"PropertyValueSpecification","valueRequired":true,"valueName":"search_term_string"}}],"inLanguage":"nl-NL"},{"@type":"Organization","@id":"https:\/\/goframe.be\/#organization","name":"GOFRAME","url":"https:\/\/goframe.be\/","logo":{"@type":"ImageObject","inLanguage":"nl-NL","@id":"https:\/\/goframe.be\/#\/schema\/logo\/image\/","url":"https:\/\/goframe.be\/wp-content\/uploads\/2022\/04\/logo-transparent.png","contentUrl":"https:\/\/goframe.be\/wp-content\/uploads\/2022\/04\/logo-transparent.png","width":323,"height":157,"caption":"GOFRAME"},"image":{"@id":"https:\/\/goframe.be\/#\/schema\/logo\/image\/"}}]}},"_links":{"self":[{"href":"https:\/\/goframe.be\/nl\/wp-json\/wp\/v2\/product\/12458","targetHints":{"allow":["GET"]}}],"collection":[{"href":"https:\/\/goframe.be\/nl\/wp-json\/wp\/v2\/product"}],"about":[{"href":"https:\/\/goframe.be\/nl\/wp-json\/wp\/v2\/types\/product"}],"version-history":[{"count":2,"href":"https:\/\/goframe.be\/nl\/wp-json\/wp\/v2\/product\/12458\/revisions"}],"predecessor-version":[{"id":12628,"href":"https:\/\/goframe.be\/nl\/wp-json\/wp\/v2\/product\/12458\/revisions\/12628"}],"wp:featuredmedia":[{"embeddable":true,"href":"https:\/\/goframe.be\/nl\/wp-json\/wp\/v2\/media\/12459"}],"wp:attachment":[{"href":"https:\/\/goframe.be\/nl\/wp-json\/wp\/v2\/media?parent=12458"}],"wp:term":[{"taxonomy":"product_brand","embeddable":true,"href":"https:\/\/goframe.be\/nl\/wp-json\/wp\/v2\/product_brand?post=12458"},{"taxonomy":"product_cat","embeddable":true,"href":"https:\/\/goframe.be\/nl\/wp-json\/wp\/v2\/product_cat?post=12458"},{"taxonomy":"product_tag","embeddable":true,"href":"https:\/\/goframe.be\/nl\/wp-json\/wp\/v2\/product_tag?post=12458"}],"curies":[{"name":"wp","href":"https:\/\/api.w.org\/{rel}","templated":true}]}}