{"id":12360,"date":"2023-04-11T16:18:04","date_gmt":"2023-04-11T14:18:04","guid":{"rendered":"https:\/\/goframe.be\/?post_type=product&#038;p=12360"},"modified":"2024-01-04T13:04:42","modified_gmt":"2024-01-04T12:04:42","slug":"psc13-100-plaquettes-en-silicone-symetriques-a-clip-13mm","status":"publish","type":"product","link":"https:\/\/goframe.be\/nl\/produit\/psc13-100-plaquettes-en-silicone-symetriques-a-clip-13mm\/","title":{"rendered":"PSC13\/100 &#8211; Plaquettes en silicone sym\u00e9triques \u00e0 clip 13mm"},"content":{"rendered":"","protected":false},"excerpt":{"rendered":"<p>200 plaquettes sym\u00e9triques \u00e0 clipper en silicone 13mm.<\/p>\n","protected":false},"featured_media":12363,"template":"","meta":{"inline_featured_image":false},"product_brand":[],"product_cat":[157,170],"product_tag":[],"class_list":{"0":"post-12360","1":"product","2":"type-product","3":"status-publish","4":"has-post-thumbnail","6":"product_cat-outillage","7":"product_cat-plaquettes","9":"first","10":"instock","11":"shipping-taxable","12":"purchasable","13":"product-type-simple"},"yoast_head":"<!-- This site is optimized with the Yoast SEO plugin v25.1 - https:\/\/yoast.com\/wordpress\/plugins\/seo\/ -->\n<title>PSC13\/100 - Plaquettes en silicone sym\u00e9triques \u00e0 clip 13mm - GOFRAME<\/title>\n<meta name=\"description\" content=\"Plaquette silicone 13mm a clip souple et confortable\" \/>\n<meta name=\"robots\" content=\"index, follow, max-snippet:-1, max-image-preview:large, max-video-preview:-1\" \/>\n<link rel=\"canonical\" href=\"https:\/\/goframe.be\/produit\/psc13-100-plaquettes-en-silicone-symetriques-a-clip-13mm\/\" \/>\n<meta property=\"og:locale\" content=\"nl_NL\" \/>\n<meta property=\"og:type\" content=\"article\" \/>\n<meta property=\"og:title\" content=\"PSC13\/100 - Plaquettes en silicone sym\u00e9triques \u00e0 clip 13mm - GOFRAME\" \/>\n<meta property=\"og:description\" content=\"Plaquette silicone 13mm a clip souple et confortable\" \/>\n<meta property=\"og:url\" content=\"https:\/\/goframe.be\/produit\/psc13-100-plaquettes-en-silicone-symetriques-a-clip-13mm\/\" \/>\n<meta property=\"og:site_name\" content=\"GOFRAME\" \/>\n<meta property=\"article:modified_time\" content=\"2024-01-04T12:04:42+00:00\" \/>\n<meta property=\"og:image\" content=\"https:\/\/goframe.be\/wp-content\/uploads\/2022\/10\/PSC13-100_PLAQUETTE_SILICONE_13MM_A_CLIP.png\" \/>\n\t<meta property=\"og:image:width\" content=\"400\" \/>\n\t<meta property=\"og:image:height\" content=\"400\" \/>\n\t<meta property=\"og:image:type\" content=\"image\/png\" \/>\n<meta name=\"twitter:card\" content=\"summary_large_image\" \/>\n<script type=\"application\/ld+json\" class=\"yoast-schema-graph\">{\"@context\":\"https:\/\/schema.org\",\"@graph\":[{\"@type\":\"WebPage\",\"@id\":\"https:\/\/goframe.be\/produit\/psc13-100-plaquettes-en-silicone-symetriques-a-clip-13mm\/\",\"url\":\"https:\/\/goframe.be\/produit\/psc13-100-plaquettes-en-silicone-symetriques-a-clip-13mm\/\",\"name\":\"PSC13\/100 - Plaquettes en silicone sym\u00e9triques \u00e0 clip 13mm - GOFRAME\",\"isPartOf\":{\"@id\":\"https:\/\/goframe.be\/#website\"},\"primaryImageOfPage\":{\"@id\":\"https:\/\/goframe.be\/produit\/psc13-100-plaquettes-en-silicone-symetriques-a-clip-13mm\/#primaryimage\"},\"image\":{\"@id\":\"https:\/\/goframe.be\/produit\/psc13-100-plaquettes-en-silicone-symetriques-a-clip-13mm\/#primaryimage\"},\"thumbnailUrl\":\"https:\/\/goframe.be\/wp-content\/uploads\/2022\/10\/PSC13-100_PLAQUETTE_SILICONE_13MM_A_CLIP.png\",\"datePublished\":\"2023-04-11T14:18:04+00:00\",\"dateModified\":\"2024-01-04T12:04:42+00:00\",\"description\":\"Plaquette silicone 13mm a clip souple et confortable\",\"breadcrumb\":{\"@id\":\"https:\/\/goframe.be\/produit\/psc13-100-plaquettes-en-silicone-symetriques-a-clip-13mm\/#breadcrumb\"},\"inLanguage\":\"nl-NL\",\"potentialAction\":[{\"@type\":\"ReadAction\",\"target\":[\"https:\/\/goframe.be\/produit\/psc13-100-plaquettes-en-silicone-symetriques-a-clip-13mm\/\"]}]},{\"@type\":\"ImageObject\",\"inLanguage\":\"nl-NL\",\"@id\":\"https:\/\/goframe.be\/produit\/psc13-100-plaquettes-en-silicone-symetriques-a-clip-13mm\/#primaryimage\",\"url\":\"https:\/\/goframe.be\/wp-content\/uploads\/2022\/10\/PSC13-100_PLAQUETTE_SILICONE_13MM_A_CLIP.png\",\"contentUrl\":\"https:\/\/goframe.be\/wp-content\/uploads\/2022\/10\/PSC13-100_PLAQUETTE_SILICONE_13MM_A_CLIP.png\",\"width\":400,\"height\":400},{\"@type\":\"BreadcrumbList\",\"@id\":\"https:\/\/goframe.be\/produit\/psc13-100-plaquettes-en-silicone-symetriques-a-clip-13mm\/#breadcrumb\",\"itemListElement\":[{\"@type\":\"ListItem\",\"position\":1,\"name\":\"Home\",\"item\":\"https:\/\/goframe.be\/nl\/\"},{\"@type\":\"ListItem\",\"position\":2,\"name\":\"Des produits\",\"item\":\"https:\/\/goframe.be\/des-produits\/\"},{\"@type\":\"ListItem\",\"position\":3,\"name\":\"PSC13\/100 &#8211; Plaquettes en silicone sym\u00e9triques \u00e0 clip 13mm\"}]},{\"@type\":\"WebSite\",\"@id\":\"https:\/\/goframe.be\/#website\",\"url\":\"https:\/\/goframe.be\/\",\"name\":\"GOFRAME\",\"description\":\"Bruxelles Brabant Namur Li\u00e8ge Hainaut Luxembourg\",\"publisher\":{\"@id\":\"https:\/\/goframe.be\/#organization\"},\"potentialAction\":[{\"@type\":\"SearchAction\",\"target\":{\"@type\":\"EntryPoint\",\"urlTemplate\":\"https:\/\/goframe.be\/?s={search_term_string}\"},\"query-input\":{\"@type\":\"PropertyValueSpecification\",\"valueRequired\":true,\"valueName\":\"search_term_string\"}}],\"inLanguage\":\"nl-NL\"},{\"@type\":\"Organization\",\"@id\":\"https:\/\/goframe.be\/#organization\",\"name\":\"GOFRAME\",\"url\":\"https:\/\/goframe.be\/\",\"logo\":{\"@type\":\"ImageObject\",\"inLanguage\":\"nl-NL\",\"@id\":\"https:\/\/goframe.be\/#\/schema\/logo\/image\/\",\"url\":\"https:\/\/goframe.be\/wp-content\/uploads\/2022\/04\/logo-transparent.png\",\"contentUrl\":\"https:\/\/goframe.be\/wp-content\/uploads\/2022\/04\/logo-transparent.png\",\"width\":323,\"height\":157,\"caption\":\"GOFRAME\"},\"image\":{\"@id\":\"https:\/\/goframe.be\/#\/schema\/logo\/image\/\"}}]}<\/script>\n<!-- \/ Yoast SEO plugin. -->","yoast_head_json":{"title":"PSC13\/100 - Plaquettes en silicone sym\u00e9triques \u00e0 clip 13mm - GOFRAME","description":"Plaquette silicone 13mm a clip souple et confortable","robots":{"index":"index","follow":"follow","max-snippet":"max-snippet:-1","max-image-preview":"max-image-preview:large","max-video-preview":"max-video-preview:-1"},"canonical":"https:\/\/goframe.be\/produit\/psc13-100-plaquettes-en-silicone-symetriques-a-clip-13mm\/","og_locale":"nl_NL","og_type":"article","og_title":"PSC13\/100 - Plaquettes en silicone sym\u00e9triques \u00e0 clip 13mm - GOFRAME","og_description":"Plaquette silicone 13mm a clip souple et confortable","og_url":"https:\/\/goframe.be\/produit\/psc13-100-plaquettes-en-silicone-symetriques-a-clip-13mm\/","og_site_name":"GOFRAME","article_modified_time":"2024-01-04T12:04:42+00:00","og_image":[{"width":400,"height":400,"url":"https:\/\/goframe.be\/wp-content\/uploads\/2022\/10\/PSC13-100_PLAQUETTE_SILICONE_13MM_A_CLIP.png","type":"image\/png"}],"twitter_card":"summary_large_image","schema":{"@context":"https:\/\/schema.org","@graph":[{"@type":"WebPage","@id":"https:\/\/goframe.be\/produit\/psc13-100-plaquettes-en-silicone-symetriques-a-clip-13mm\/","url":"https:\/\/goframe.be\/produit\/psc13-100-plaquettes-en-silicone-symetriques-a-clip-13mm\/","name":"PSC13\/100 - Plaquettes en silicone sym\u00e9triques \u00e0 clip 13mm - GOFRAME","isPartOf":{"@id":"https:\/\/goframe.be\/#website"},"primaryImageOfPage":{"@id":"https:\/\/goframe.be\/produit\/psc13-100-plaquettes-en-silicone-symetriques-a-clip-13mm\/#primaryimage"},"image":{"@id":"https:\/\/goframe.be\/produit\/psc13-100-plaquettes-en-silicone-symetriques-a-clip-13mm\/#primaryimage"},"thumbnailUrl":"https:\/\/goframe.be\/wp-content\/uploads\/2022\/10\/PSC13-100_PLAQUETTE_SILICONE_13MM_A_CLIP.png","datePublished":"2023-04-11T14:18:04+00:00","dateModified":"2024-01-04T12:04:42+00:00","description":"Plaquette silicone 13mm a clip souple et confortable","breadcrumb":{"@id":"https:\/\/goframe.be\/produit\/psc13-100-plaquettes-en-silicone-symetriques-a-clip-13mm\/#breadcrumb"},"inLanguage":"nl-NL","potentialAction":[{"@type":"ReadAction","target":["https:\/\/goframe.be\/produit\/psc13-100-plaquettes-en-silicone-symetriques-a-clip-13mm\/"]}]},{"@type":"ImageObject","inLanguage":"nl-NL","@id":"https:\/\/goframe.be\/produit\/psc13-100-plaquettes-en-silicone-symetriques-a-clip-13mm\/#primaryimage","url":"https:\/\/goframe.be\/wp-content\/uploads\/2022\/10\/PSC13-100_PLAQUETTE_SILICONE_13MM_A_CLIP.png","contentUrl":"https:\/\/goframe.be\/wp-content\/uploads\/2022\/10\/PSC13-100_PLAQUETTE_SILICONE_13MM_A_CLIP.png","width":400,"height":400},{"@type":"BreadcrumbList","@id":"https:\/\/goframe.be\/produit\/psc13-100-plaquettes-en-silicone-symetriques-a-clip-13mm\/#breadcrumb","itemListElement":[{"@type":"ListItem","position":1,"name":"Home","item":"https:\/\/goframe.be\/nl\/"},{"@type":"ListItem","position":2,"name":"Des produits","item":"https:\/\/goframe.be\/des-produits\/"},{"@type":"ListItem","position":3,"name":"PSC13\/100 &#8211; Plaquettes en silicone sym\u00e9triques \u00e0 clip 13mm"}]},{"@type":"WebSite","@id":"https:\/\/goframe.be\/#website","url":"https:\/\/goframe.be\/","name":"GOFRAME","description":"Bruxelles Brabant Namur Li\u00e8ge Hainaut Luxembourg","publisher":{"@id":"https:\/\/goframe.be\/#organization"},"potentialAction":[{"@type":"SearchAction","target":{"@type":"EntryPoint","urlTemplate":"https:\/\/goframe.be\/?s={search_term_string}"},"query-input":{"@type":"PropertyValueSpecification","valueRequired":true,"valueName":"search_term_string"}}],"inLanguage":"nl-NL"},{"@type":"Organization","@id":"https:\/\/goframe.be\/#organization","name":"GOFRAME","url":"https:\/\/goframe.be\/","logo":{"@type":"ImageObject","inLanguage":"nl-NL","@id":"https:\/\/goframe.be\/#\/schema\/logo\/image\/","url":"https:\/\/goframe.be\/wp-content\/uploads\/2022\/04\/logo-transparent.png","contentUrl":"https:\/\/goframe.be\/wp-content\/uploads\/2022\/04\/logo-transparent.png","width":323,"height":157,"caption":"GOFRAME"},"image":{"@id":"https:\/\/goframe.be\/#\/schema\/logo\/image\/"}}]}},"_links":{"self":[{"href":"https:\/\/goframe.be\/nl\/wp-json\/wp\/v2\/product\/12360","targetHints":{"allow":["GET"]}}],"collection":[{"href":"https:\/\/goframe.be\/nl\/wp-json\/wp\/v2\/product"}],"about":[{"href":"https:\/\/goframe.be\/nl\/wp-json\/wp\/v2\/types\/product"}],"version-history":[{"count":1,"href":"https:\/\/goframe.be\/nl\/wp-json\/wp\/v2\/product\/12360\/revisions"}],"predecessor-version":[{"id":12365,"href":"https:\/\/goframe.be\/nl\/wp-json\/wp\/v2\/product\/12360\/revisions\/12365"}],"wp:featuredmedia":[{"embeddable":true,"href":"https:\/\/goframe.be\/nl\/wp-json\/wp\/v2\/media\/12363"}],"wp:attachment":[{"href":"https:\/\/goframe.be\/nl\/wp-json\/wp\/v2\/media?parent=12360"}],"wp:term":[{"taxonomy":"product_brand","embeddable":true,"href":"https:\/\/goframe.be\/nl\/wp-json\/wp\/v2\/product_brand?post=12360"},{"taxonomy":"product_cat","embeddable":true,"href":"https:\/\/goframe.be\/nl\/wp-json\/wp\/v2\/product_cat?post=12360"},{"taxonomy":"product_tag","embeddable":true,"href":"https:\/\/goframe.be\/nl\/wp-json\/wp\/v2\/product_tag?post=12360"}],"curies":[{"name":"wp","href":"https:\/\/api.w.org\/{rel}","templated":true}]}}