{"id":12356,"date":"2022-11-23T11:55:48","date_gmt":"2022-11-23T10:55:48","guid":{"rendered":"https:\/\/goframe.be\/?post_type=product&#038;p=12356"},"modified":"2022-11-23T11:55:48","modified_gmt":"2022-11-23T10:55:48","slug":"pr-100-4-prisme-valeur-4-press-on-3m","status":"publish","type":"product","link":"https:\/\/goframe.be\/nl\/produit\/pr-100-4-prisme-valeur-4-press-on-3m\/","title":{"rendered":"PR-100\/4 &#8211; Prisme valeur 4 press-on 3M"},"content":{"rendered":"","protected":false},"excerpt":{"rendered":"<p>Press-on prisme utilis\u00e9 pour traiter diff\u00e9rents troubles de la mobilit\u00e9 oculaire, y compris le strabisme. Valeur 4.<\/p>\n","protected":false},"featured_media":12357,"template":"","meta":{"inline_featured_image":false},"product_brand":[],"product_cat":[430,157],"product_tag":[],"class_list":{"0":"post-12356","1":"product","2":"type-product","3":"status-publish","4":"has-post-thumbnail","6":"product_cat-occlusion-et-obturateurs","7":"product_cat-outillage","9":"first","10":"instock","11":"shipping-taxable","12":"purchasable","13":"product-type-simple"},"yoast_head":"<!-- This site is optimized with the Yoast SEO plugin v25.1 - https:\/\/yoast.com\/wordpress\/plugins\/seo\/ -->\n<title>PR-100\/4 - Prisme valeur 4 press-on 3M - GOFRAME<\/title>\n<meta name=\"description\" content=\"Press-on prisme utilis\u00e9 pour traiter diff\u00e9rents troubles de la mobilit\u00e9 oculaire, y compris le strabisme. Valeur 4.\" \/>\n<meta name=\"robots\" content=\"index, follow, max-snippet:-1, max-image-preview:large, max-video-preview:-1\" \/>\n<link rel=\"canonical\" href=\"https:\/\/goframe.be\/produit\/pr-100-4-prisme-valeur-4-press-on-3m\/\" \/>\n<meta property=\"og:locale\" content=\"nl_NL\" \/>\n<meta property=\"og:type\" content=\"article\" \/>\n<meta property=\"og:title\" content=\"PR-100\/4 - Prisme valeur 4 press-on 3M - GOFRAME\" \/>\n<meta property=\"og:description\" content=\"Press-on prisme utilis\u00e9 pour traiter diff\u00e9rents troubles de la mobilit\u00e9 oculaire, y compris le strabisme. Valeur 4.\" \/>\n<meta property=\"og:url\" content=\"https:\/\/goframe.be\/produit\/pr-100-4-prisme-valeur-4-press-on-3m\/\" \/>\n<meta property=\"og:site_name\" content=\"GOFRAME\" \/>\n<meta property=\"og:image\" content=\"https:\/\/goframe.be\/wp-content\/uploads\/2022\/10\/PR-100-04_PRISME_VALEUR_4_PRESS_ON_3M.png\" \/>\n\t<meta property=\"og:image:width\" content=\"400\" \/>\n\t<meta property=\"og:image:height\" content=\"400\" \/>\n\t<meta property=\"og:image:type\" content=\"image\/png\" \/>\n<meta name=\"twitter:card\" content=\"summary_large_image\" \/>\n<script type=\"application\/ld+json\" class=\"yoast-schema-graph\">{\"@context\":\"https:\/\/schema.org\",\"@graph\":[{\"@type\":\"WebPage\",\"@id\":\"https:\/\/goframe.be\/produit\/pr-100-4-prisme-valeur-4-press-on-3m\/\",\"url\":\"https:\/\/goframe.be\/produit\/pr-100-4-prisme-valeur-4-press-on-3m\/\",\"name\":\"PR-100\/4 - Prisme valeur 4 press-on 3M - GOFRAME\",\"isPartOf\":{\"@id\":\"https:\/\/goframe.be\/#website\"},\"primaryImageOfPage\":{\"@id\":\"https:\/\/goframe.be\/produit\/pr-100-4-prisme-valeur-4-press-on-3m\/#primaryimage\"},\"image\":{\"@id\":\"https:\/\/goframe.be\/produit\/pr-100-4-prisme-valeur-4-press-on-3m\/#primaryimage\"},\"thumbnailUrl\":\"https:\/\/goframe.be\/wp-content\/uploads\/2022\/10\/PR-100-04_PRISME_VALEUR_4_PRESS_ON_3M.png\",\"datePublished\":\"2022-11-23T10:55:48+00:00\",\"description\":\"Press-on prisme utilis\u00e9 pour traiter diff\u00e9rents troubles de la mobilit\u00e9 oculaire, y compris le strabisme. Valeur 4.\",\"breadcrumb\":{\"@id\":\"https:\/\/goframe.be\/produit\/pr-100-4-prisme-valeur-4-press-on-3m\/#breadcrumb\"},\"inLanguage\":\"nl-NL\",\"potentialAction\":[{\"@type\":\"ReadAction\",\"target\":[\"https:\/\/goframe.be\/produit\/pr-100-4-prisme-valeur-4-press-on-3m\/\"]}]},{\"@type\":\"ImageObject\",\"inLanguage\":\"nl-NL\",\"@id\":\"https:\/\/goframe.be\/produit\/pr-100-4-prisme-valeur-4-press-on-3m\/#primaryimage\",\"url\":\"https:\/\/goframe.be\/wp-content\/uploads\/2022\/10\/PR-100-04_PRISME_VALEUR_4_PRESS_ON_3M.png\",\"contentUrl\":\"https:\/\/goframe.be\/wp-content\/uploads\/2022\/10\/PR-100-04_PRISME_VALEUR_4_PRESS_ON_3M.png\",\"width\":400,\"height\":400},{\"@type\":\"BreadcrumbList\",\"@id\":\"https:\/\/goframe.be\/produit\/pr-100-4-prisme-valeur-4-press-on-3m\/#breadcrumb\",\"itemListElement\":[{\"@type\":\"ListItem\",\"position\":1,\"name\":\"Home\",\"item\":\"https:\/\/goframe.be\/nl\/\"},{\"@type\":\"ListItem\",\"position\":2,\"name\":\"Des produits\",\"item\":\"https:\/\/goframe.be\/des-produits\/\"},{\"@type\":\"ListItem\",\"position\":3,\"name\":\"PR-100\/4 &#8211; Prisme valeur 4 press-on 3M\"}]},{\"@type\":\"WebSite\",\"@id\":\"https:\/\/goframe.be\/#website\",\"url\":\"https:\/\/goframe.be\/\",\"name\":\"GOFRAME\",\"description\":\"Bruxelles Brabant Namur Li\u00e8ge Hainaut Luxembourg\",\"publisher\":{\"@id\":\"https:\/\/goframe.be\/#organization\"},\"potentialAction\":[{\"@type\":\"SearchAction\",\"target\":{\"@type\":\"EntryPoint\",\"urlTemplate\":\"https:\/\/goframe.be\/?s={search_term_string}\"},\"query-input\":{\"@type\":\"PropertyValueSpecification\",\"valueRequired\":true,\"valueName\":\"search_term_string\"}}],\"inLanguage\":\"nl-NL\"},{\"@type\":\"Organization\",\"@id\":\"https:\/\/goframe.be\/#organization\",\"name\":\"GOFRAME\",\"url\":\"https:\/\/goframe.be\/\",\"logo\":{\"@type\":\"ImageObject\",\"inLanguage\":\"nl-NL\",\"@id\":\"https:\/\/goframe.be\/#\/schema\/logo\/image\/\",\"url\":\"https:\/\/goframe.be\/wp-content\/uploads\/2022\/04\/logo-transparent.png\",\"contentUrl\":\"https:\/\/goframe.be\/wp-content\/uploads\/2022\/04\/logo-transparent.png\",\"width\":323,\"height\":157,\"caption\":\"GOFRAME\"},\"image\":{\"@id\":\"https:\/\/goframe.be\/#\/schema\/logo\/image\/\"}}]}<\/script>\n<!-- \/ Yoast SEO plugin. -->","yoast_head_json":{"title":"PR-100\/4 - Prisme valeur 4 press-on 3M - GOFRAME","description":"Press-on prisme utilis\u00e9 pour traiter diff\u00e9rents troubles de la mobilit\u00e9 oculaire, y compris le strabisme. Valeur 4.","robots":{"index":"index","follow":"follow","max-snippet":"max-snippet:-1","max-image-preview":"max-image-preview:large","max-video-preview":"max-video-preview:-1"},"canonical":"https:\/\/goframe.be\/produit\/pr-100-4-prisme-valeur-4-press-on-3m\/","og_locale":"nl_NL","og_type":"article","og_title":"PR-100\/4 - Prisme valeur 4 press-on 3M - GOFRAME","og_description":"Press-on prisme utilis\u00e9 pour traiter diff\u00e9rents troubles de la mobilit\u00e9 oculaire, y compris le strabisme. Valeur 4.","og_url":"https:\/\/goframe.be\/produit\/pr-100-4-prisme-valeur-4-press-on-3m\/","og_site_name":"GOFRAME","og_image":[{"width":400,"height":400,"url":"https:\/\/goframe.be\/wp-content\/uploads\/2022\/10\/PR-100-04_PRISME_VALEUR_4_PRESS_ON_3M.png","type":"image\/png"}],"twitter_card":"summary_large_image","schema":{"@context":"https:\/\/schema.org","@graph":[{"@type":"WebPage","@id":"https:\/\/goframe.be\/produit\/pr-100-4-prisme-valeur-4-press-on-3m\/","url":"https:\/\/goframe.be\/produit\/pr-100-4-prisme-valeur-4-press-on-3m\/","name":"PR-100\/4 - Prisme valeur 4 press-on 3M - GOFRAME","isPartOf":{"@id":"https:\/\/goframe.be\/#website"},"primaryImageOfPage":{"@id":"https:\/\/goframe.be\/produit\/pr-100-4-prisme-valeur-4-press-on-3m\/#primaryimage"},"image":{"@id":"https:\/\/goframe.be\/produit\/pr-100-4-prisme-valeur-4-press-on-3m\/#primaryimage"},"thumbnailUrl":"https:\/\/goframe.be\/wp-content\/uploads\/2022\/10\/PR-100-04_PRISME_VALEUR_4_PRESS_ON_3M.png","datePublished":"2022-11-23T10:55:48+00:00","description":"Press-on prisme utilis\u00e9 pour traiter diff\u00e9rents troubles de la mobilit\u00e9 oculaire, y compris le strabisme. Valeur 4.","breadcrumb":{"@id":"https:\/\/goframe.be\/produit\/pr-100-4-prisme-valeur-4-press-on-3m\/#breadcrumb"},"inLanguage":"nl-NL","potentialAction":[{"@type":"ReadAction","target":["https:\/\/goframe.be\/produit\/pr-100-4-prisme-valeur-4-press-on-3m\/"]}]},{"@type":"ImageObject","inLanguage":"nl-NL","@id":"https:\/\/goframe.be\/produit\/pr-100-4-prisme-valeur-4-press-on-3m\/#primaryimage","url":"https:\/\/goframe.be\/wp-content\/uploads\/2022\/10\/PR-100-04_PRISME_VALEUR_4_PRESS_ON_3M.png","contentUrl":"https:\/\/goframe.be\/wp-content\/uploads\/2022\/10\/PR-100-04_PRISME_VALEUR_4_PRESS_ON_3M.png","width":400,"height":400},{"@type":"BreadcrumbList","@id":"https:\/\/goframe.be\/produit\/pr-100-4-prisme-valeur-4-press-on-3m\/#breadcrumb","itemListElement":[{"@type":"ListItem","position":1,"name":"Home","item":"https:\/\/goframe.be\/nl\/"},{"@type":"ListItem","position":2,"name":"Des produits","item":"https:\/\/goframe.be\/des-produits\/"},{"@type":"ListItem","position":3,"name":"PR-100\/4 &#8211; Prisme valeur 4 press-on 3M"}]},{"@type":"WebSite","@id":"https:\/\/goframe.be\/#website","url":"https:\/\/goframe.be\/","name":"GOFRAME","description":"Bruxelles Brabant Namur Li\u00e8ge Hainaut Luxembourg","publisher":{"@id":"https:\/\/goframe.be\/#organization"},"potentialAction":[{"@type":"SearchAction","target":{"@type":"EntryPoint","urlTemplate":"https:\/\/goframe.be\/?s={search_term_string}"},"query-input":{"@type":"PropertyValueSpecification","valueRequired":true,"valueName":"search_term_string"}}],"inLanguage":"nl-NL"},{"@type":"Organization","@id":"https:\/\/goframe.be\/#organization","name":"GOFRAME","url":"https:\/\/goframe.be\/","logo":{"@type":"ImageObject","inLanguage":"nl-NL","@id":"https:\/\/goframe.be\/#\/schema\/logo\/image\/","url":"https:\/\/goframe.be\/wp-content\/uploads\/2022\/04\/logo-transparent.png","contentUrl":"https:\/\/goframe.be\/wp-content\/uploads\/2022\/04\/logo-transparent.png","width":323,"height":157,"caption":"GOFRAME"},"image":{"@id":"https:\/\/goframe.be\/#\/schema\/logo\/image\/"}}]}},"_links":{"self":[{"href":"https:\/\/goframe.be\/nl\/wp-json\/wp\/v2\/product\/12356","targetHints":{"allow":["GET"]}}],"collection":[{"href":"https:\/\/goframe.be\/nl\/wp-json\/wp\/v2\/product"}],"about":[{"href":"https:\/\/goframe.be\/nl\/wp-json\/wp\/v2\/types\/product"}],"version-history":[{"count":1,"href":"https:\/\/goframe.be\/nl\/wp-json\/wp\/v2\/product\/12356\/revisions"}],"predecessor-version":[{"id":12359,"href":"https:\/\/goframe.be\/nl\/wp-json\/wp\/v2\/product\/12356\/revisions\/12359"}],"wp:featuredmedia":[{"embeddable":true,"href":"https:\/\/goframe.be\/nl\/wp-json\/wp\/v2\/media\/12357"}],"wp:attachment":[{"href":"https:\/\/goframe.be\/nl\/wp-json\/wp\/v2\/media?parent=12356"}],"wp:term":[{"taxonomy":"product_brand","embeddable":true,"href":"https:\/\/goframe.be\/nl\/wp-json\/wp\/v2\/product_brand?post=12356"},{"taxonomy":"product_cat","embeddable":true,"href":"https:\/\/goframe.be\/nl\/wp-json\/wp\/v2\/product_cat?post=12356"},{"taxonomy":"product_tag","embeddable":true,"href":"https:\/\/goframe.be\/nl\/wp-json\/wp\/v2\/product_tag?post=12356"}],"curies":[{"name":"wp","href":"https:\/\/api.w.org\/{rel}","templated":true}]}}