{"id":12044,"date":"2022-11-23T15:21:52","date_gmt":"2022-11-23T14:21:52","guid":{"rendered":"https:\/\/goframe.be\/?post_type=product&#038;p=12044"},"modified":"2024-02-23T11:52:59","modified_gmt":"2024-02-23T10:52:59","slug":"pi-211-e-pince-coupante-laterale-160","status":"publish","type":"product","link":"https:\/\/goframe.be\/nl\/produit\/pi-211-e-pince-coupante-laterale-160\/","title":{"rendered":"PI-211\/E &#8211; Pince coupante lat\u00e9rale 160"},"content":{"rendered":"","protected":false},"excerpt":{"rendered":"<p>Pince coupante lat\u00e9rale superpos\u00e9e en acier au chrome vanadium, poign\u00e9e plastifi\u00e9es en PVC. Duret\u00e9 des tranchants environ 64 HRC. Cette pince permet une grande capacit\u00e9 de coupe:<\/p>\n<p>Acier doux, maillechort: Diam\u00e8tre du fil 3,4mm<\/p>\n<p>Acier dur, inox: Diam\u00e8tre du fil 2,5mm<\/p>\n<p>Corde \u00e0 piano: Diam\u00e8tre du fil 2,0mm<\/p>\n<p>&nbsp;<\/p>\n<p>&nbsp;<\/p>\n","protected":false},"featured_media":12045,"template":"","meta":{"inline_featured_image":false},"product_brand":[],"product_cat":[335,435,356],"product_tag":[],"class_list":{"0":"post-12044","1":"product","2":"type-product","3":"status-publish","4":"has-post-thumbnail","6":"product_cat-werktuigen","7":"product_cat-pinces","8":"product_cat-tangen-en-pincetten","10":"first","11":"instock","12":"shipping-taxable","13":"purchasable","14":"product-type-simple"},"yoast_head":"<!-- This site is optimized with the Yoast SEO plugin v25.1 - https:\/\/yoast.com\/wordpress\/plugins\/seo\/ -->\n<title>PI-211\/E - Pince coupante lat\u00e9rale 160 - GOFRAME<\/title>\n<meta name=\"description\" content=\"Pince coupante lat\u00e9rale superpos\u00e9e en acier au chrome vanadium, poign\u00e9e plastifi\u00e9es en PVC. Duret\u00e9 des tranchants environ 64 HRC\" \/>\n<meta name=\"robots\" content=\"index, follow, max-snippet:-1, max-image-preview:large, max-video-preview:-1\" \/>\n<link rel=\"canonical\" href=\"https:\/\/goframe.be\/produit\/pi-211-e-pince-coupante-laterale-160\/\" \/>\n<meta property=\"og:locale\" content=\"nl_NL\" \/>\n<meta property=\"og:type\" content=\"article\" \/>\n<meta property=\"og:title\" content=\"PI-211\/E - Pince coupante lat\u00e9rale 160 - GOFRAME\" \/>\n<meta property=\"og:description\" content=\"Pince coupante lat\u00e9rale superpos\u00e9e en acier au chrome vanadium, poign\u00e9e plastifi\u00e9es en PVC. Duret\u00e9 des tranchants environ 64 HRC\" \/>\n<meta property=\"og:url\" content=\"https:\/\/goframe.be\/produit\/pi-211-e-pince-coupante-laterale-160\/\" \/>\n<meta property=\"og:site_name\" content=\"GOFRAME\" \/>\n<meta property=\"article:modified_time\" content=\"2024-02-23T10:52:59+00:00\" \/>\n<meta property=\"og:image\" content=\"https:\/\/goframe.be\/wp-content\/uploads\/2022\/09\/PI-211-E-Pince-coupante-laterale-160.png\" \/>\n\t<meta property=\"og:image:width\" content=\"400\" \/>\n\t<meta property=\"og:image:height\" content=\"400\" \/>\n\t<meta property=\"og:image:type\" content=\"image\/png\" \/>\n<meta name=\"twitter:card\" content=\"summary_large_image\" \/>\n<script type=\"application\/ld+json\" class=\"yoast-schema-graph\">{\"@context\":\"https:\/\/schema.org\",\"@graph\":[{\"@type\":\"WebPage\",\"@id\":\"https:\/\/goframe.be\/produit\/pi-211-e-pince-coupante-laterale-160\/\",\"url\":\"https:\/\/goframe.be\/produit\/pi-211-e-pince-coupante-laterale-160\/\",\"name\":\"PI-211\/E - Pince coupante lat\u00e9rale 160 - GOFRAME\",\"isPartOf\":{\"@id\":\"https:\/\/goframe.be\/#website\"},\"primaryImageOfPage\":{\"@id\":\"https:\/\/goframe.be\/produit\/pi-211-e-pince-coupante-laterale-160\/#primaryimage\"},\"image\":{\"@id\":\"https:\/\/goframe.be\/produit\/pi-211-e-pince-coupante-laterale-160\/#primaryimage\"},\"thumbnailUrl\":\"https:\/\/goframe.be\/wp-content\/uploads\/2022\/09\/PI-211-E-Pince-coupante-laterale-160.png\",\"datePublished\":\"2022-11-23T14:21:52+00:00\",\"dateModified\":\"2024-02-23T10:52:59+00:00\",\"description\":\"Pince coupante lat\u00e9rale superpos\u00e9e en acier au chrome vanadium, poign\u00e9e plastifi\u00e9es en PVC. Duret\u00e9 des tranchants environ 64 HRC\",\"breadcrumb\":{\"@id\":\"https:\/\/goframe.be\/produit\/pi-211-e-pince-coupante-laterale-160\/#breadcrumb\"},\"inLanguage\":\"nl-NL\",\"potentialAction\":[{\"@type\":\"ReadAction\",\"target\":[\"https:\/\/goframe.be\/produit\/pi-211-e-pince-coupante-laterale-160\/\"]}]},{\"@type\":\"ImageObject\",\"inLanguage\":\"nl-NL\",\"@id\":\"https:\/\/goframe.be\/produit\/pi-211-e-pince-coupante-laterale-160\/#primaryimage\",\"url\":\"https:\/\/goframe.be\/wp-content\/uploads\/2022\/09\/PI-211-E-Pince-coupante-laterale-160.png\",\"contentUrl\":\"https:\/\/goframe.be\/wp-content\/uploads\/2022\/09\/PI-211-E-Pince-coupante-laterale-160.png\",\"width\":400,\"height\":400},{\"@type\":\"BreadcrumbList\",\"@id\":\"https:\/\/goframe.be\/produit\/pi-211-e-pince-coupante-laterale-160\/#breadcrumb\",\"itemListElement\":[{\"@type\":\"ListItem\",\"position\":1,\"name\":\"Home\",\"item\":\"https:\/\/goframe.be\/nl\/\"},{\"@type\":\"ListItem\",\"position\":2,\"name\":\"Des produits\",\"item\":\"https:\/\/goframe.be\/des-produits\/\"},{\"@type\":\"ListItem\",\"position\":3,\"name\":\"PI-211\/E &#8211; Pince coupante lat\u00e9rale 160\"}]},{\"@type\":\"WebSite\",\"@id\":\"https:\/\/goframe.be\/#website\",\"url\":\"https:\/\/goframe.be\/\",\"name\":\"GOFRAME\",\"description\":\"Bruxelles Brabant Namur Li\u00e8ge Hainaut Luxembourg\",\"publisher\":{\"@id\":\"https:\/\/goframe.be\/#organization\"},\"potentialAction\":[{\"@type\":\"SearchAction\",\"target\":{\"@type\":\"EntryPoint\",\"urlTemplate\":\"https:\/\/goframe.be\/?s={search_term_string}\"},\"query-input\":{\"@type\":\"PropertyValueSpecification\",\"valueRequired\":true,\"valueName\":\"search_term_string\"}}],\"inLanguage\":\"nl-NL\"},{\"@type\":\"Organization\",\"@id\":\"https:\/\/goframe.be\/#organization\",\"name\":\"GOFRAME\",\"url\":\"https:\/\/goframe.be\/\",\"logo\":{\"@type\":\"ImageObject\",\"inLanguage\":\"nl-NL\",\"@id\":\"https:\/\/goframe.be\/#\/schema\/logo\/image\/\",\"url\":\"https:\/\/goframe.be\/wp-content\/uploads\/2022\/04\/logo-transparent.png\",\"contentUrl\":\"https:\/\/goframe.be\/wp-content\/uploads\/2022\/04\/logo-transparent.png\",\"width\":323,\"height\":157,\"caption\":\"GOFRAME\"},\"image\":{\"@id\":\"https:\/\/goframe.be\/#\/schema\/logo\/image\/\"}}]}<\/script>\n<!-- \/ Yoast SEO plugin. -->","yoast_head_json":{"title":"PI-211\/E - Pince coupante lat\u00e9rale 160 - GOFRAME","description":"Pince coupante lat\u00e9rale superpos\u00e9e en acier au chrome vanadium, poign\u00e9e plastifi\u00e9es en PVC. Duret\u00e9 des tranchants environ 64 HRC","robots":{"index":"index","follow":"follow","max-snippet":"max-snippet:-1","max-image-preview":"max-image-preview:large","max-video-preview":"max-video-preview:-1"},"canonical":"https:\/\/goframe.be\/produit\/pi-211-e-pince-coupante-laterale-160\/","og_locale":"nl_NL","og_type":"article","og_title":"PI-211\/E - Pince coupante lat\u00e9rale 160 - GOFRAME","og_description":"Pince coupante lat\u00e9rale superpos\u00e9e en acier au chrome vanadium, poign\u00e9e plastifi\u00e9es en PVC. Duret\u00e9 des tranchants environ 64 HRC","og_url":"https:\/\/goframe.be\/produit\/pi-211-e-pince-coupante-laterale-160\/","og_site_name":"GOFRAME","article_modified_time":"2024-02-23T10:52:59+00:00","og_image":[{"width":400,"height":400,"url":"https:\/\/goframe.be\/wp-content\/uploads\/2022\/09\/PI-211-E-Pince-coupante-laterale-160.png","type":"image\/png"}],"twitter_card":"summary_large_image","schema":{"@context":"https:\/\/schema.org","@graph":[{"@type":"WebPage","@id":"https:\/\/goframe.be\/produit\/pi-211-e-pince-coupante-laterale-160\/","url":"https:\/\/goframe.be\/produit\/pi-211-e-pince-coupante-laterale-160\/","name":"PI-211\/E - Pince coupante lat\u00e9rale 160 - GOFRAME","isPartOf":{"@id":"https:\/\/goframe.be\/#website"},"primaryImageOfPage":{"@id":"https:\/\/goframe.be\/produit\/pi-211-e-pince-coupante-laterale-160\/#primaryimage"},"image":{"@id":"https:\/\/goframe.be\/produit\/pi-211-e-pince-coupante-laterale-160\/#primaryimage"},"thumbnailUrl":"https:\/\/goframe.be\/wp-content\/uploads\/2022\/09\/PI-211-E-Pince-coupante-laterale-160.png","datePublished":"2022-11-23T14:21:52+00:00","dateModified":"2024-02-23T10:52:59+00:00","description":"Pince coupante lat\u00e9rale superpos\u00e9e en acier au chrome vanadium, poign\u00e9e plastifi\u00e9es en PVC. Duret\u00e9 des tranchants environ 64 HRC","breadcrumb":{"@id":"https:\/\/goframe.be\/produit\/pi-211-e-pince-coupante-laterale-160\/#breadcrumb"},"inLanguage":"nl-NL","potentialAction":[{"@type":"ReadAction","target":["https:\/\/goframe.be\/produit\/pi-211-e-pince-coupante-laterale-160\/"]}]},{"@type":"ImageObject","inLanguage":"nl-NL","@id":"https:\/\/goframe.be\/produit\/pi-211-e-pince-coupante-laterale-160\/#primaryimage","url":"https:\/\/goframe.be\/wp-content\/uploads\/2022\/09\/PI-211-E-Pince-coupante-laterale-160.png","contentUrl":"https:\/\/goframe.be\/wp-content\/uploads\/2022\/09\/PI-211-E-Pince-coupante-laterale-160.png","width":400,"height":400},{"@type":"BreadcrumbList","@id":"https:\/\/goframe.be\/produit\/pi-211-e-pince-coupante-laterale-160\/#breadcrumb","itemListElement":[{"@type":"ListItem","position":1,"name":"Home","item":"https:\/\/goframe.be\/nl\/"},{"@type":"ListItem","position":2,"name":"Des produits","item":"https:\/\/goframe.be\/des-produits\/"},{"@type":"ListItem","position":3,"name":"PI-211\/E &#8211; Pince coupante lat\u00e9rale 160"}]},{"@type":"WebSite","@id":"https:\/\/goframe.be\/#website","url":"https:\/\/goframe.be\/","name":"GOFRAME","description":"Bruxelles Brabant Namur Li\u00e8ge Hainaut Luxembourg","publisher":{"@id":"https:\/\/goframe.be\/#organization"},"potentialAction":[{"@type":"SearchAction","target":{"@type":"EntryPoint","urlTemplate":"https:\/\/goframe.be\/?s={search_term_string}"},"query-input":{"@type":"PropertyValueSpecification","valueRequired":true,"valueName":"search_term_string"}}],"inLanguage":"nl-NL"},{"@type":"Organization","@id":"https:\/\/goframe.be\/#organization","name":"GOFRAME","url":"https:\/\/goframe.be\/","logo":{"@type":"ImageObject","inLanguage":"nl-NL","@id":"https:\/\/goframe.be\/#\/schema\/logo\/image\/","url":"https:\/\/goframe.be\/wp-content\/uploads\/2022\/04\/logo-transparent.png","contentUrl":"https:\/\/goframe.be\/wp-content\/uploads\/2022\/04\/logo-transparent.png","width":323,"height":157,"caption":"GOFRAME"},"image":{"@id":"https:\/\/goframe.be\/#\/schema\/logo\/image\/"}}]}},"_links":{"self":[{"href":"https:\/\/goframe.be\/nl\/wp-json\/wp\/v2\/product\/12044","targetHints":{"allow":["GET"]}}],"collection":[{"href":"https:\/\/goframe.be\/nl\/wp-json\/wp\/v2\/product"}],"about":[{"href":"https:\/\/goframe.be\/nl\/wp-json\/wp\/v2\/types\/product"}],"version-history":[{"count":1,"href":"https:\/\/goframe.be\/nl\/wp-json\/wp\/v2\/product\/12044\/revisions"}],"predecessor-version":[{"id":12047,"href":"https:\/\/goframe.be\/nl\/wp-json\/wp\/v2\/product\/12044\/revisions\/12047"}],"wp:featuredmedia":[{"embeddable":true,"href":"https:\/\/goframe.be\/nl\/wp-json\/wp\/v2\/media\/12045"}],"wp:attachment":[{"href":"https:\/\/goframe.be\/nl\/wp-json\/wp\/v2\/media?parent=12044"}],"wp:term":[{"taxonomy":"product_brand","embeddable":true,"href":"https:\/\/goframe.be\/nl\/wp-json\/wp\/v2\/product_brand?post=12044"},{"taxonomy":"product_cat","embeddable":true,"href":"https:\/\/goframe.be\/nl\/wp-json\/wp\/v2\/product_cat?post=12044"},{"taxonomy":"product_tag","embeddable":true,"href":"https:\/\/goframe.be\/nl\/wp-json\/wp\/v2\/product_tag?post=12044"}],"curies":[{"name":"wp","href":"https:\/\/api.w.org\/{rel}","templated":true}]}}