{"id":11953,"date":"2022-11-23T15:40:06","date_gmt":"2022-11-23T14:40:06","guid":{"rendered":"https:\/\/goframe.be\/?post_type=product&#038;p=11953"},"modified":"2024-02-23T11:52:49","modified_gmt":"2024-02-23T10:52:49","slug":"pi-116-s-pince-a-egruger","status":"publish","type":"product","link":"https:\/\/goframe.be\/nl\/produit\/pi-116-s-pince-a-egruger\/","title":{"rendered":"PI-116\/S &#8211; Pince \u00e0 \u00e9gruger"},"content":{"rendered":"","protected":false},"excerpt":{"rendered":"<p>Pince \u00e0 \u00e9gruger, largeur 17mm (mors interchangeables). Acier inoxydable, 135mm,120g.<\/p>\n","protected":false},"featured_media":11954,"template":"","meta":{"inline_featured_image":false},"product_brand":[],"product_cat":[335,435,356],"product_tag":[],"class_list":{"0":"post-11953","1":"product","2":"type-product","3":"status-publish","4":"has-post-thumbnail","6":"product_cat-werktuigen","7":"product_cat-pinces","8":"product_cat-tangen-en-pincetten","10":"first","11":"instock","12":"shipping-taxable","13":"purchasable","14":"product-type-simple"},"yoast_head":"<!-- This site is optimized with the Yoast SEO plugin v25.1 - https:\/\/yoast.com\/wordpress\/plugins\/seo\/ -->\n<title>PI-116\/S - Pince \u00e0 \u00e9gruger - GOFRAME<\/title>\n<meta name=\"description\" content=\"Pince \u00e0 \u00e9gruger, largeur 17mm (mors interchangeables)\" \/>\n<meta name=\"robots\" content=\"index, follow, max-snippet:-1, max-image-preview:large, max-video-preview:-1\" \/>\n<link rel=\"canonical\" href=\"https:\/\/goframe.be\/produit\/pi-116-s-pince-a-egruger\/\" \/>\n<meta property=\"og:locale\" content=\"nl_NL\" \/>\n<meta property=\"og:type\" content=\"article\" \/>\n<meta property=\"og:title\" content=\"PI-116\/S - Pince \u00e0 \u00e9gruger - GOFRAME\" \/>\n<meta property=\"og:description\" content=\"Pince \u00e0 \u00e9gruger, largeur 17mm (mors interchangeables)\" \/>\n<meta property=\"og:url\" content=\"https:\/\/goframe.be\/produit\/pi-116-s-pince-a-egruger\/\" \/>\n<meta property=\"og:site_name\" content=\"GOFRAME\" \/>\n<meta property=\"article:modified_time\" content=\"2024-02-23T10:52:49+00:00\" \/>\n<meta property=\"og:image\" content=\"https:\/\/goframe.be\/wp-content\/uploads\/2022\/09\/PI-116-S_PINCE_A_EGRUGER.png\" \/>\n\t<meta property=\"og:image:width\" content=\"400\" \/>\n\t<meta property=\"og:image:height\" content=\"400\" \/>\n\t<meta property=\"og:image:type\" content=\"image\/png\" \/>\n<meta name=\"twitter:card\" content=\"summary_large_image\" \/>\n<script type=\"application\/ld+json\" class=\"yoast-schema-graph\">{\"@context\":\"https:\/\/schema.org\",\"@graph\":[{\"@type\":\"WebPage\",\"@id\":\"https:\/\/goframe.be\/produit\/pi-116-s-pince-a-egruger\/\",\"url\":\"https:\/\/goframe.be\/produit\/pi-116-s-pince-a-egruger\/\",\"name\":\"PI-116\/S - Pince \u00e0 \u00e9gruger - GOFRAME\",\"isPartOf\":{\"@id\":\"https:\/\/goframe.be\/#website\"},\"primaryImageOfPage\":{\"@id\":\"https:\/\/goframe.be\/produit\/pi-116-s-pince-a-egruger\/#primaryimage\"},\"image\":{\"@id\":\"https:\/\/goframe.be\/produit\/pi-116-s-pince-a-egruger\/#primaryimage\"},\"thumbnailUrl\":\"https:\/\/goframe.be\/wp-content\/uploads\/2022\/09\/PI-116-S_PINCE_A_EGRUGER.png\",\"datePublished\":\"2022-11-23T14:40:06+00:00\",\"dateModified\":\"2024-02-23T10:52:49+00:00\",\"description\":\"Pince \u00e0 \u00e9gruger, largeur 17mm (mors interchangeables)\",\"breadcrumb\":{\"@id\":\"https:\/\/goframe.be\/produit\/pi-116-s-pince-a-egruger\/#breadcrumb\"},\"inLanguage\":\"nl-NL\",\"potentialAction\":[{\"@type\":\"ReadAction\",\"target\":[\"https:\/\/goframe.be\/produit\/pi-116-s-pince-a-egruger\/\"]}]},{\"@type\":\"ImageObject\",\"inLanguage\":\"nl-NL\",\"@id\":\"https:\/\/goframe.be\/produit\/pi-116-s-pince-a-egruger\/#primaryimage\",\"url\":\"https:\/\/goframe.be\/wp-content\/uploads\/2022\/09\/PI-116-S_PINCE_A_EGRUGER.png\",\"contentUrl\":\"https:\/\/goframe.be\/wp-content\/uploads\/2022\/09\/PI-116-S_PINCE_A_EGRUGER.png\",\"width\":400,\"height\":400},{\"@type\":\"BreadcrumbList\",\"@id\":\"https:\/\/goframe.be\/produit\/pi-116-s-pince-a-egruger\/#breadcrumb\",\"itemListElement\":[{\"@type\":\"ListItem\",\"position\":1,\"name\":\"Home\",\"item\":\"https:\/\/goframe.be\/nl\/\"},{\"@type\":\"ListItem\",\"position\":2,\"name\":\"Des produits\",\"item\":\"https:\/\/goframe.be\/des-produits\/\"},{\"@type\":\"ListItem\",\"position\":3,\"name\":\"PI-116\/S &#8211; Pince \u00e0 \u00e9gruger\"}]},{\"@type\":\"WebSite\",\"@id\":\"https:\/\/goframe.be\/#website\",\"url\":\"https:\/\/goframe.be\/\",\"name\":\"GOFRAME\",\"description\":\"Bruxelles Brabant Namur Li\u00e8ge Hainaut Luxembourg\",\"publisher\":{\"@id\":\"https:\/\/goframe.be\/#organization\"},\"potentialAction\":[{\"@type\":\"SearchAction\",\"target\":{\"@type\":\"EntryPoint\",\"urlTemplate\":\"https:\/\/goframe.be\/?s={search_term_string}\"},\"query-input\":{\"@type\":\"PropertyValueSpecification\",\"valueRequired\":true,\"valueName\":\"search_term_string\"}}],\"inLanguage\":\"nl-NL\"},{\"@type\":\"Organization\",\"@id\":\"https:\/\/goframe.be\/#organization\",\"name\":\"GOFRAME\",\"url\":\"https:\/\/goframe.be\/\",\"logo\":{\"@type\":\"ImageObject\",\"inLanguage\":\"nl-NL\",\"@id\":\"https:\/\/goframe.be\/#\/schema\/logo\/image\/\",\"url\":\"https:\/\/goframe.be\/wp-content\/uploads\/2022\/04\/logo-transparent.png\",\"contentUrl\":\"https:\/\/goframe.be\/wp-content\/uploads\/2022\/04\/logo-transparent.png\",\"width\":323,\"height\":157,\"caption\":\"GOFRAME\"},\"image\":{\"@id\":\"https:\/\/goframe.be\/#\/schema\/logo\/image\/\"}}]}<\/script>\n<!-- \/ Yoast SEO plugin. -->","yoast_head_json":{"title":"PI-116\/S - Pince \u00e0 \u00e9gruger - GOFRAME","description":"Pince \u00e0 \u00e9gruger, largeur 17mm (mors interchangeables)","robots":{"index":"index","follow":"follow","max-snippet":"max-snippet:-1","max-image-preview":"max-image-preview:large","max-video-preview":"max-video-preview:-1"},"canonical":"https:\/\/goframe.be\/produit\/pi-116-s-pince-a-egruger\/","og_locale":"nl_NL","og_type":"article","og_title":"PI-116\/S - Pince \u00e0 \u00e9gruger - GOFRAME","og_description":"Pince \u00e0 \u00e9gruger, largeur 17mm (mors interchangeables)","og_url":"https:\/\/goframe.be\/produit\/pi-116-s-pince-a-egruger\/","og_site_name":"GOFRAME","article_modified_time":"2024-02-23T10:52:49+00:00","og_image":[{"width":400,"height":400,"url":"https:\/\/goframe.be\/wp-content\/uploads\/2022\/09\/PI-116-S_PINCE_A_EGRUGER.png","type":"image\/png"}],"twitter_card":"summary_large_image","schema":{"@context":"https:\/\/schema.org","@graph":[{"@type":"WebPage","@id":"https:\/\/goframe.be\/produit\/pi-116-s-pince-a-egruger\/","url":"https:\/\/goframe.be\/produit\/pi-116-s-pince-a-egruger\/","name":"PI-116\/S - Pince \u00e0 \u00e9gruger - GOFRAME","isPartOf":{"@id":"https:\/\/goframe.be\/#website"},"primaryImageOfPage":{"@id":"https:\/\/goframe.be\/produit\/pi-116-s-pince-a-egruger\/#primaryimage"},"image":{"@id":"https:\/\/goframe.be\/produit\/pi-116-s-pince-a-egruger\/#primaryimage"},"thumbnailUrl":"https:\/\/goframe.be\/wp-content\/uploads\/2022\/09\/PI-116-S_PINCE_A_EGRUGER.png","datePublished":"2022-11-23T14:40:06+00:00","dateModified":"2024-02-23T10:52:49+00:00","description":"Pince \u00e0 \u00e9gruger, largeur 17mm (mors interchangeables)","breadcrumb":{"@id":"https:\/\/goframe.be\/produit\/pi-116-s-pince-a-egruger\/#breadcrumb"},"inLanguage":"nl-NL","potentialAction":[{"@type":"ReadAction","target":["https:\/\/goframe.be\/produit\/pi-116-s-pince-a-egruger\/"]}]},{"@type":"ImageObject","inLanguage":"nl-NL","@id":"https:\/\/goframe.be\/produit\/pi-116-s-pince-a-egruger\/#primaryimage","url":"https:\/\/goframe.be\/wp-content\/uploads\/2022\/09\/PI-116-S_PINCE_A_EGRUGER.png","contentUrl":"https:\/\/goframe.be\/wp-content\/uploads\/2022\/09\/PI-116-S_PINCE_A_EGRUGER.png","width":400,"height":400},{"@type":"BreadcrumbList","@id":"https:\/\/goframe.be\/produit\/pi-116-s-pince-a-egruger\/#breadcrumb","itemListElement":[{"@type":"ListItem","position":1,"name":"Home","item":"https:\/\/goframe.be\/nl\/"},{"@type":"ListItem","position":2,"name":"Des produits","item":"https:\/\/goframe.be\/des-produits\/"},{"@type":"ListItem","position":3,"name":"PI-116\/S &#8211; Pince \u00e0 \u00e9gruger"}]},{"@type":"WebSite","@id":"https:\/\/goframe.be\/#website","url":"https:\/\/goframe.be\/","name":"GOFRAME","description":"Bruxelles Brabant Namur Li\u00e8ge Hainaut Luxembourg","publisher":{"@id":"https:\/\/goframe.be\/#organization"},"potentialAction":[{"@type":"SearchAction","target":{"@type":"EntryPoint","urlTemplate":"https:\/\/goframe.be\/?s={search_term_string}"},"query-input":{"@type":"PropertyValueSpecification","valueRequired":true,"valueName":"search_term_string"}}],"inLanguage":"nl-NL"},{"@type":"Organization","@id":"https:\/\/goframe.be\/#organization","name":"GOFRAME","url":"https:\/\/goframe.be\/","logo":{"@type":"ImageObject","inLanguage":"nl-NL","@id":"https:\/\/goframe.be\/#\/schema\/logo\/image\/","url":"https:\/\/goframe.be\/wp-content\/uploads\/2022\/04\/logo-transparent.png","contentUrl":"https:\/\/goframe.be\/wp-content\/uploads\/2022\/04\/logo-transparent.png","width":323,"height":157,"caption":"GOFRAME"},"image":{"@id":"https:\/\/goframe.be\/#\/schema\/logo\/image\/"}}]}},"_links":{"self":[{"href":"https:\/\/goframe.be\/nl\/wp-json\/wp\/v2\/product\/11953","targetHints":{"allow":["GET"]}}],"collection":[{"href":"https:\/\/goframe.be\/nl\/wp-json\/wp\/v2\/product"}],"about":[{"href":"https:\/\/goframe.be\/nl\/wp-json\/wp\/v2\/types\/product"}],"version-history":[{"count":1,"href":"https:\/\/goframe.be\/nl\/wp-json\/wp\/v2\/product\/11953\/revisions"}],"predecessor-version":[{"id":11956,"href":"https:\/\/goframe.be\/nl\/wp-json\/wp\/v2\/product\/11953\/revisions\/11956"}],"wp:featuredmedia":[{"embeddable":true,"href":"https:\/\/goframe.be\/nl\/wp-json\/wp\/v2\/media\/11954"}],"wp:attachment":[{"href":"https:\/\/goframe.be\/nl\/wp-json\/wp\/v2\/media?parent=11953"}],"wp:term":[{"taxonomy":"product_brand","embeddable":true,"href":"https:\/\/goframe.be\/nl\/wp-json\/wp\/v2\/product_brand?post=11953"},{"taxonomy":"product_cat","embeddable":true,"href":"https:\/\/goframe.be\/nl\/wp-json\/wp\/v2\/product_cat?post=11953"},{"taxonomy":"product_tag","embeddable":true,"href":"https:\/\/goframe.be\/nl\/wp-json\/wp\/v2\/product_tag?post=11953"}],"curies":[{"name":"wp","href":"https:\/\/api.w.org\/{rel}","templated":true}]}}