{"id":11949,"date":"2022-11-23T15:41:00","date_gmt":"2022-11-23T14:41:00","guid":{"rendered":"https:\/\/goframe.be\/?post_type=product&#038;p=11949"},"modified":"2024-02-23T11:52:48","modified_gmt":"2024-02-23T10:52:48","slug":"pi-112-b-pince-a-longs-becs-ronds-effiles","status":"publish","type":"product","link":"https:\/\/goframe.be\/nl\/produit\/pi-112-b-pince-a-longs-becs-ronds-effiles\/","title":{"rendered":"PI-112\/B &#8211; Pince \u00e0 longs becs ronds effiles"},"content":{"rendered":"","protected":false},"excerpt":{"rendered":"<p>Pince \u00e0 longs becs ronds effil\u00e9s. Acier inoxydable 150mm, 110g.<\/p>\n","protected":false},"featured_media":11950,"template":"","meta":{"inline_featured_image":false},"product_brand":[],"product_cat":[335,435,356],"product_tag":[],"class_list":{"0":"post-11949","1":"product","2":"type-product","3":"status-publish","4":"has-post-thumbnail","6":"product_cat-werktuigen","7":"product_cat-pinces","8":"product_cat-tangen-en-pincetten","10":"first","11":"instock","12":"shipping-taxable","13":"purchasable","14":"product-type-simple"},"yoast_head":"<!-- This site is optimized with the Yoast SEO plugin v25.1 - https:\/\/yoast.com\/wordpress\/plugins\/seo\/ -->\n<title>PI-112\/B - Pince \u00e0 longs becs ronds effiles - GOFRAME<\/title>\n<meta name=\"description\" content=\"Pince \u00e0 longs becs ronds effil\u00e9s. Acier inoxydable\" \/>\n<meta name=\"robots\" content=\"index, follow, max-snippet:-1, max-image-preview:large, max-video-preview:-1\" \/>\n<link rel=\"canonical\" href=\"https:\/\/goframe.be\/produit\/pi-112-b-pince-a-longs-becs-ronds-effiles\/\" \/>\n<meta property=\"og:locale\" content=\"nl_NL\" \/>\n<meta property=\"og:type\" content=\"article\" \/>\n<meta property=\"og:title\" content=\"PI-112\/B - Pince \u00e0 longs becs ronds effiles - GOFRAME\" \/>\n<meta property=\"og:description\" content=\"Pince \u00e0 longs becs ronds effil\u00e9s. Acier inoxydable\" \/>\n<meta property=\"og:url\" content=\"https:\/\/goframe.be\/produit\/pi-112-b-pince-a-longs-becs-ronds-effiles\/\" \/>\n<meta property=\"og:site_name\" content=\"GOFRAME\" \/>\n<meta property=\"article:modified_time\" content=\"2024-02-23T10:52:48+00:00\" \/>\n<meta property=\"og:image\" content=\"https:\/\/goframe.be\/wp-content\/uploads\/2022\/09\/PI-112-B_PINCE_BECS_RONDS.png\" \/>\n\t<meta property=\"og:image:width\" content=\"400\" \/>\n\t<meta property=\"og:image:height\" content=\"400\" \/>\n\t<meta property=\"og:image:type\" content=\"image\/png\" \/>\n<meta name=\"twitter:card\" content=\"summary_large_image\" \/>\n<script type=\"application\/ld+json\" class=\"yoast-schema-graph\">{\"@context\":\"https:\/\/schema.org\",\"@graph\":[{\"@type\":\"WebPage\",\"@id\":\"https:\/\/goframe.be\/produit\/pi-112-b-pince-a-longs-becs-ronds-effiles\/\",\"url\":\"https:\/\/goframe.be\/produit\/pi-112-b-pince-a-longs-becs-ronds-effiles\/\",\"name\":\"PI-112\/B - Pince \u00e0 longs becs ronds effiles - GOFRAME\",\"isPartOf\":{\"@id\":\"https:\/\/goframe.be\/#website\"},\"primaryImageOfPage\":{\"@id\":\"https:\/\/goframe.be\/produit\/pi-112-b-pince-a-longs-becs-ronds-effiles\/#primaryimage\"},\"image\":{\"@id\":\"https:\/\/goframe.be\/produit\/pi-112-b-pince-a-longs-becs-ronds-effiles\/#primaryimage\"},\"thumbnailUrl\":\"https:\/\/goframe.be\/wp-content\/uploads\/2022\/09\/PI-112-B_PINCE_BECS_RONDS.png\",\"datePublished\":\"2022-11-23T14:41:00+00:00\",\"dateModified\":\"2024-02-23T10:52:48+00:00\",\"description\":\"Pince \u00e0 longs becs ronds effil\u00e9s. Acier inoxydable\",\"breadcrumb\":{\"@id\":\"https:\/\/goframe.be\/produit\/pi-112-b-pince-a-longs-becs-ronds-effiles\/#breadcrumb\"},\"inLanguage\":\"nl-NL\",\"potentialAction\":[{\"@type\":\"ReadAction\",\"target\":[\"https:\/\/goframe.be\/produit\/pi-112-b-pince-a-longs-becs-ronds-effiles\/\"]}]},{\"@type\":\"ImageObject\",\"inLanguage\":\"nl-NL\",\"@id\":\"https:\/\/goframe.be\/produit\/pi-112-b-pince-a-longs-becs-ronds-effiles\/#primaryimage\",\"url\":\"https:\/\/goframe.be\/wp-content\/uploads\/2022\/09\/PI-112-B_PINCE_BECS_RONDS.png\",\"contentUrl\":\"https:\/\/goframe.be\/wp-content\/uploads\/2022\/09\/PI-112-B_PINCE_BECS_RONDS.png\",\"width\":400,\"height\":400},{\"@type\":\"BreadcrumbList\",\"@id\":\"https:\/\/goframe.be\/produit\/pi-112-b-pince-a-longs-becs-ronds-effiles\/#breadcrumb\",\"itemListElement\":[{\"@type\":\"ListItem\",\"position\":1,\"name\":\"Home\",\"item\":\"https:\/\/goframe.be\/nl\/\"},{\"@type\":\"ListItem\",\"position\":2,\"name\":\"Des produits\",\"item\":\"https:\/\/goframe.be\/des-produits\/\"},{\"@type\":\"ListItem\",\"position\":3,\"name\":\"PI-112\/B &#8211; Pince \u00e0 longs becs ronds effiles\"}]},{\"@type\":\"WebSite\",\"@id\":\"https:\/\/goframe.be\/#website\",\"url\":\"https:\/\/goframe.be\/\",\"name\":\"GOFRAME\",\"description\":\"Bruxelles Brabant Namur Li\u00e8ge Hainaut Luxembourg\",\"publisher\":{\"@id\":\"https:\/\/goframe.be\/#organization\"},\"potentialAction\":[{\"@type\":\"SearchAction\",\"target\":{\"@type\":\"EntryPoint\",\"urlTemplate\":\"https:\/\/goframe.be\/?s={search_term_string}\"},\"query-input\":{\"@type\":\"PropertyValueSpecification\",\"valueRequired\":true,\"valueName\":\"search_term_string\"}}],\"inLanguage\":\"nl-NL\"},{\"@type\":\"Organization\",\"@id\":\"https:\/\/goframe.be\/#organization\",\"name\":\"GOFRAME\",\"url\":\"https:\/\/goframe.be\/\",\"logo\":{\"@type\":\"ImageObject\",\"inLanguage\":\"nl-NL\",\"@id\":\"https:\/\/goframe.be\/#\/schema\/logo\/image\/\",\"url\":\"https:\/\/goframe.be\/wp-content\/uploads\/2022\/04\/logo-transparent.png\",\"contentUrl\":\"https:\/\/goframe.be\/wp-content\/uploads\/2022\/04\/logo-transparent.png\",\"width\":323,\"height\":157,\"caption\":\"GOFRAME\"},\"image\":{\"@id\":\"https:\/\/goframe.be\/#\/schema\/logo\/image\/\"}}]}<\/script>\n<!-- \/ Yoast SEO plugin. -->","yoast_head_json":{"title":"PI-112\/B - Pince \u00e0 longs becs ronds effiles - GOFRAME","description":"Pince \u00e0 longs becs ronds effil\u00e9s. Acier inoxydable","robots":{"index":"index","follow":"follow","max-snippet":"max-snippet:-1","max-image-preview":"max-image-preview:large","max-video-preview":"max-video-preview:-1"},"canonical":"https:\/\/goframe.be\/produit\/pi-112-b-pince-a-longs-becs-ronds-effiles\/","og_locale":"nl_NL","og_type":"article","og_title":"PI-112\/B - Pince \u00e0 longs becs ronds effiles - GOFRAME","og_description":"Pince \u00e0 longs becs ronds effil\u00e9s. Acier inoxydable","og_url":"https:\/\/goframe.be\/produit\/pi-112-b-pince-a-longs-becs-ronds-effiles\/","og_site_name":"GOFRAME","article_modified_time":"2024-02-23T10:52:48+00:00","og_image":[{"width":400,"height":400,"url":"https:\/\/goframe.be\/wp-content\/uploads\/2022\/09\/PI-112-B_PINCE_BECS_RONDS.png","type":"image\/png"}],"twitter_card":"summary_large_image","schema":{"@context":"https:\/\/schema.org","@graph":[{"@type":"WebPage","@id":"https:\/\/goframe.be\/produit\/pi-112-b-pince-a-longs-becs-ronds-effiles\/","url":"https:\/\/goframe.be\/produit\/pi-112-b-pince-a-longs-becs-ronds-effiles\/","name":"PI-112\/B - Pince \u00e0 longs becs ronds effiles - GOFRAME","isPartOf":{"@id":"https:\/\/goframe.be\/#website"},"primaryImageOfPage":{"@id":"https:\/\/goframe.be\/produit\/pi-112-b-pince-a-longs-becs-ronds-effiles\/#primaryimage"},"image":{"@id":"https:\/\/goframe.be\/produit\/pi-112-b-pince-a-longs-becs-ronds-effiles\/#primaryimage"},"thumbnailUrl":"https:\/\/goframe.be\/wp-content\/uploads\/2022\/09\/PI-112-B_PINCE_BECS_RONDS.png","datePublished":"2022-11-23T14:41:00+00:00","dateModified":"2024-02-23T10:52:48+00:00","description":"Pince \u00e0 longs becs ronds effil\u00e9s. Acier inoxydable","breadcrumb":{"@id":"https:\/\/goframe.be\/produit\/pi-112-b-pince-a-longs-becs-ronds-effiles\/#breadcrumb"},"inLanguage":"nl-NL","potentialAction":[{"@type":"ReadAction","target":["https:\/\/goframe.be\/produit\/pi-112-b-pince-a-longs-becs-ronds-effiles\/"]}]},{"@type":"ImageObject","inLanguage":"nl-NL","@id":"https:\/\/goframe.be\/produit\/pi-112-b-pince-a-longs-becs-ronds-effiles\/#primaryimage","url":"https:\/\/goframe.be\/wp-content\/uploads\/2022\/09\/PI-112-B_PINCE_BECS_RONDS.png","contentUrl":"https:\/\/goframe.be\/wp-content\/uploads\/2022\/09\/PI-112-B_PINCE_BECS_RONDS.png","width":400,"height":400},{"@type":"BreadcrumbList","@id":"https:\/\/goframe.be\/produit\/pi-112-b-pince-a-longs-becs-ronds-effiles\/#breadcrumb","itemListElement":[{"@type":"ListItem","position":1,"name":"Home","item":"https:\/\/goframe.be\/nl\/"},{"@type":"ListItem","position":2,"name":"Des produits","item":"https:\/\/goframe.be\/des-produits\/"},{"@type":"ListItem","position":3,"name":"PI-112\/B &#8211; Pince \u00e0 longs becs ronds effiles"}]},{"@type":"WebSite","@id":"https:\/\/goframe.be\/#website","url":"https:\/\/goframe.be\/","name":"GOFRAME","description":"Bruxelles Brabant Namur Li\u00e8ge Hainaut Luxembourg","publisher":{"@id":"https:\/\/goframe.be\/#organization"},"potentialAction":[{"@type":"SearchAction","target":{"@type":"EntryPoint","urlTemplate":"https:\/\/goframe.be\/?s={search_term_string}"},"query-input":{"@type":"PropertyValueSpecification","valueRequired":true,"valueName":"search_term_string"}}],"inLanguage":"nl-NL"},{"@type":"Organization","@id":"https:\/\/goframe.be\/#organization","name":"GOFRAME","url":"https:\/\/goframe.be\/","logo":{"@type":"ImageObject","inLanguage":"nl-NL","@id":"https:\/\/goframe.be\/#\/schema\/logo\/image\/","url":"https:\/\/goframe.be\/wp-content\/uploads\/2022\/04\/logo-transparent.png","contentUrl":"https:\/\/goframe.be\/wp-content\/uploads\/2022\/04\/logo-transparent.png","width":323,"height":157,"caption":"GOFRAME"},"image":{"@id":"https:\/\/goframe.be\/#\/schema\/logo\/image\/"}}]}},"_links":{"self":[{"href":"https:\/\/goframe.be\/nl\/wp-json\/wp\/v2\/product\/11949","targetHints":{"allow":["GET"]}}],"collection":[{"href":"https:\/\/goframe.be\/nl\/wp-json\/wp\/v2\/product"}],"about":[{"href":"https:\/\/goframe.be\/nl\/wp-json\/wp\/v2\/types\/product"}],"version-history":[{"count":1,"href":"https:\/\/goframe.be\/nl\/wp-json\/wp\/v2\/product\/11949\/revisions"}],"predecessor-version":[{"id":11952,"href":"https:\/\/goframe.be\/nl\/wp-json\/wp\/v2\/product\/11949\/revisions\/11952"}],"wp:featuredmedia":[{"embeddable":true,"href":"https:\/\/goframe.be\/nl\/wp-json\/wp\/v2\/media\/11950"}],"wp:attachment":[{"href":"https:\/\/goframe.be\/nl\/wp-json\/wp\/v2\/media?parent=11949"}],"wp:term":[{"taxonomy":"product_brand","embeddable":true,"href":"https:\/\/goframe.be\/nl\/wp-json\/wp\/v2\/product_brand?post=11949"},{"taxonomy":"product_cat","embeddable":true,"href":"https:\/\/goframe.be\/nl\/wp-json\/wp\/v2\/product_cat?post=11949"},{"taxonomy":"product_tag","embeddable":true,"href":"https:\/\/goframe.be\/nl\/wp-json\/wp\/v2\/product_tag?post=11949"}],"curies":[{"name":"wp","href":"https:\/\/api.w.org\/{rel}","templated":true}]}}