{"id":11844,"date":"2022-11-23T16:49:40","date_gmt":"2022-11-23T15:49:40","guid":{"rendered":"https:\/\/goframe.be\/?post_type=product&#038;p=11844"},"modified":"2024-01-17T15:12:46","modified_gmt":"2024-01-17T14:12:46","slug":"to-119-assortiment-de-tournevis-a-tete-large","status":"publish","type":"product","link":"https:\/\/goframe.be\/nl\/produit\/to-119-assortiment-de-tournevis-a-tete-large\/","title":{"rendered":"TO-119 &#8211; Assortiment de tournevis \u00e0 t\u00eate large"},"content":{"rendered":"","protected":false},"excerpt":{"rendered":"<p>Assortiment de cinq tournevis \u00e0 t\u00eate large en plastique sur un support en bois, comprenant des tournevis munis d&#8217;une lame plate ou d&#8217;une lame cruciforme de diff\u00e9rentes tailles:<\/p>\n<p>TO-120\/A10: Tournevis \u00e0 lame plate, diam\u00e8tre 1,0mm<\/p>\n<p>TO-120\/A15: Tournevis \u00e0 lame plate, diam\u00e8tre 1,5mm<\/p>\n<p>TO-120\/A18: Tournevis \u00e0 lame plate, diam\u00e8tre 1,8mm<\/p>\n<p>TO-121\/A15: Tournevis \u00e0 lame cruciforme, diam\u00e8tre 1,5mm<\/p>\n<p>TO-121\/A20: Tournevis \u00e0 lame cruciforme, diam\u00e8tre 2,0mm<\/p>\n","protected":false},"featured_media":11845,"template":"","meta":{"inline_featured_image":false},"product_brand":[],"product_cat":[157,162],"product_tag":[],"class_list":{"0":"post-11844","1":"product","2":"type-product","3":"status-publish","4":"has-post-thumbnail","6":"product_cat-outillage","7":"product_cat-tournevis-et-cles","9":"first","10":"instock","11":"shipping-taxable","12":"purchasable","13":"product-type-simple"},"yoast_head":"<!-- This site is optimized with the Yoast SEO plugin v25.1 - https:\/\/yoast.com\/wordpress\/plugins\/seo\/ -->\n<title>TO-119 - Assortiment de tournevis \u00e0 t\u00eate large - GOFRAME<\/title>\n<meta name=\"description\" content=\"Assortiment de cinq tournevis \u00e0 t\u00eate large en plastique sur un support en bois\" \/>\n<meta name=\"robots\" content=\"index, follow, max-snippet:-1, max-image-preview:large, max-video-preview:-1\" \/>\n<link rel=\"canonical\" href=\"https:\/\/goframe.be\/produit\/to-119-assortiment-de-tournevis-a-tete-large\/\" \/>\n<meta property=\"og:locale\" content=\"nl_NL\" \/>\n<meta property=\"og:type\" content=\"article\" \/>\n<meta property=\"og:title\" content=\"TO-119 - Assortiment de tournevis \u00e0 t\u00eate large - GOFRAME\" \/>\n<meta property=\"og:description\" content=\"Assortiment de cinq tournevis \u00e0 t\u00eate large en plastique sur un support en bois\" \/>\n<meta property=\"og:url\" content=\"https:\/\/goframe.be\/produit\/to-119-assortiment-de-tournevis-a-tete-large\/\" \/>\n<meta property=\"og:site_name\" content=\"GOFRAME\" \/>\n<meta property=\"article:modified_time\" content=\"2024-01-17T14:12:46+00:00\" \/>\n<meta property=\"og:image\" content=\"https:\/\/goframe.be\/wp-content\/uploads\/2022\/09\/Kit_tournevis_sur_support_en_bois_TO-119.png\" \/>\n\t<meta property=\"og:image:width\" content=\"400\" \/>\n\t<meta property=\"og:image:height\" content=\"400\" \/>\n\t<meta property=\"og:image:type\" content=\"image\/png\" \/>\n<meta name=\"twitter:card\" content=\"summary_large_image\" \/>\n<script type=\"application\/ld+json\" class=\"yoast-schema-graph\">{\"@context\":\"https:\/\/schema.org\",\"@graph\":[{\"@type\":\"WebPage\",\"@id\":\"https:\/\/goframe.be\/produit\/to-119-assortiment-de-tournevis-a-tete-large\/\",\"url\":\"https:\/\/goframe.be\/produit\/to-119-assortiment-de-tournevis-a-tete-large\/\",\"name\":\"TO-119 - Assortiment de tournevis \u00e0 t\u00eate large - GOFRAME\",\"isPartOf\":{\"@id\":\"https:\/\/goframe.be\/#website\"},\"primaryImageOfPage\":{\"@id\":\"https:\/\/goframe.be\/produit\/to-119-assortiment-de-tournevis-a-tete-large\/#primaryimage\"},\"image\":{\"@id\":\"https:\/\/goframe.be\/produit\/to-119-assortiment-de-tournevis-a-tete-large\/#primaryimage\"},\"thumbnailUrl\":\"https:\/\/goframe.be\/wp-content\/uploads\/2022\/09\/Kit_tournevis_sur_support_en_bois_TO-119.png\",\"datePublished\":\"2022-11-23T15:49:40+00:00\",\"dateModified\":\"2024-01-17T14:12:46+00:00\",\"description\":\"Assortiment de cinq tournevis \u00e0 t\u00eate large en plastique sur un support en bois\",\"breadcrumb\":{\"@id\":\"https:\/\/goframe.be\/produit\/to-119-assortiment-de-tournevis-a-tete-large\/#breadcrumb\"},\"inLanguage\":\"nl-NL\",\"potentialAction\":[{\"@type\":\"ReadAction\",\"target\":[\"https:\/\/goframe.be\/produit\/to-119-assortiment-de-tournevis-a-tete-large\/\"]}]},{\"@type\":\"ImageObject\",\"inLanguage\":\"nl-NL\",\"@id\":\"https:\/\/goframe.be\/produit\/to-119-assortiment-de-tournevis-a-tete-large\/#primaryimage\",\"url\":\"https:\/\/goframe.be\/wp-content\/uploads\/2022\/09\/Kit_tournevis_sur_support_en_bois_TO-119.png\",\"contentUrl\":\"https:\/\/goframe.be\/wp-content\/uploads\/2022\/09\/Kit_tournevis_sur_support_en_bois_TO-119.png\",\"width\":400,\"height\":400},{\"@type\":\"BreadcrumbList\",\"@id\":\"https:\/\/goframe.be\/produit\/to-119-assortiment-de-tournevis-a-tete-large\/#breadcrumb\",\"itemListElement\":[{\"@type\":\"ListItem\",\"position\":1,\"name\":\"Home\",\"item\":\"https:\/\/goframe.be\/nl\/\"},{\"@type\":\"ListItem\",\"position\":2,\"name\":\"Des produits\",\"item\":\"https:\/\/goframe.be\/des-produits\/\"},{\"@type\":\"ListItem\",\"position\":3,\"name\":\"TO-119 &#8211; Assortiment de tournevis \u00e0 t\u00eate large\"}]},{\"@type\":\"WebSite\",\"@id\":\"https:\/\/goframe.be\/#website\",\"url\":\"https:\/\/goframe.be\/\",\"name\":\"GOFRAME\",\"description\":\"Bruxelles Brabant Namur Li\u00e8ge Hainaut Luxembourg\",\"publisher\":{\"@id\":\"https:\/\/goframe.be\/#organization\"},\"potentialAction\":[{\"@type\":\"SearchAction\",\"target\":{\"@type\":\"EntryPoint\",\"urlTemplate\":\"https:\/\/goframe.be\/?s={search_term_string}\"},\"query-input\":{\"@type\":\"PropertyValueSpecification\",\"valueRequired\":true,\"valueName\":\"search_term_string\"}}],\"inLanguage\":\"nl-NL\"},{\"@type\":\"Organization\",\"@id\":\"https:\/\/goframe.be\/#organization\",\"name\":\"GOFRAME\",\"url\":\"https:\/\/goframe.be\/\",\"logo\":{\"@type\":\"ImageObject\",\"inLanguage\":\"nl-NL\",\"@id\":\"https:\/\/goframe.be\/#\/schema\/logo\/image\/\",\"url\":\"https:\/\/goframe.be\/wp-content\/uploads\/2022\/04\/logo-transparent.png\",\"contentUrl\":\"https:\/\/goframe.be\/wp-content\/uploads\/2022\/04\/logo-transparent.png\",\"width\":323,\"height\":157,\"caption\":\"GOFRAME\"},\"image\":{\"@id\":\"https:\/\/goframe.be\/#\/schema\/logo\/image\/\"}}]}<\/script>\n<!-- \/ Yoast SEO plugin. -->","yoast_head_json":{"title":"TO-119 - Assortiment de tournevis \u00e0 t\u00eate large - GOFRAME","description":"Assortiment de cinq tournevis \u00e0 t\u00eate large en plastique sur un support en bois","robots":{"index":"index","follow":"follow","max-snippet":"max-snippet:-1","max-image-preview":"max-image-preview:large","max-video-preview":"max-video-preview:-1"},"canonical":"https:\/\/goframe.be\/produit\/to-119-assortiment-de-tournevis-a-tete-large\/","og_locale":"nl_NL","og_type":"article","og_title":"TO-119 - Assortiment de tournevis \u00e0 t\u00eate large - GOFRAME","og_description":"Assortiment de cinq tournevis \u00e0 t\u00eate large en plastique sur un support en bois","og_url":"https:\/\/goframe.be\/produit\/to-119-assortiment-de-tournevis-a-tete-large\/","og_site_name":"GOFRAME","article_modified_time":"2024-01-17T14:12:46+00:00","og_image":[{"width":400,"height":400,"url":"https:\/\/goframe.be\/wp-content\/uploads\/2022\/09\/Kit_tournevis_sur_support_en_bois_TO-119.png","type":"image\/png"}],"twitter_card":"summary_large_image","schema":{"@context":"https:\/\/schema.org","@graph":[{"@type":"WebPage","@id":"https:\/\/goframe.be\/produit\/to-119-assortiment-de-tournevis-a-tete-large\/","url":"https:\/\/goframe.be\/produit\/to-119-assortiment-de-tournevis-a-tete-large\/","name":"TO-119 - Assortiment de tournevis \u00e0 t\u00eate large - GOFRAME","isPartOf":{"@id":"https:\/\/goframe.be\/#website"},"primaryImageOfPage":{"@id":"https:\/\/goframe.be\/produit\/to-119-assortiment-de-tournevis-a-tete-large\/#primaryimage"},"image":{"@id":"https:\/\/goframe.be\/produit\/to-119-assortiment-de-tournevis-a-tete-large\/#primaryimage"},"thumbnailUrl":"https:\/\/goframe.be\/wp-content\/uploads\/2022\/09\/Kit_tournevis_sur_support_en_bois_TO-119.png","datePublished":"2022-11-23T15:49:40+00:00","dateModified":"2024-01-17T14:12:46+00:00","description":"Assortiment de cinq tournevis \u00e0 t\u00eate large en plastique sur un support en bois","breadcrumb":{"@id":"https:\/\/goframe.be\/produit\/to-119-assortiment-de-tournevis-a-tete-large\/#breadcrumb"},"inLanguage":"nl-NL","potentialAction":[{"@type":"ReadAction","target":["https:\/\/goframe.be\/produit\/to-119-assortiment-de-tournevis-a-tete-large\/"]}]},{"@type":"ImageObject","inLanguage":"nl-NL","@id":"https:\/\/goframe.be\/produit\/to-119-assortiment-de-tournevis-a-tete-large\/#primaryimage","url":"https:\/\/goframe.be\/wp-content\/uploads\/2022\/09\/Kit_tournevis_sur_support_en_bois_TO-119.png","contentUrl":"https:\/\/goframe.be\/wp-content\/uploads\/2022\/09\/Kit_tournevis_sur_support_en_bois_TO-119.png","width":400,"height":400},{"@type":"BreadcrumbList","@id":"https:\/\/goframe.be\/produit\/to-119-assortiment-de-tournevis-a-tete-large\/#breadcrumb","itemListElement":[{"@type":"ListItem","position":1,"name":"Home","item":"https:\/\/goframe.be\/nl\/"},{"@type":"ListItem","position":2,"name":"Des produits","item":"https:\/\/goframe.be\/des-produits\/"},{"@type":"ListItem","position":3,"name":"TO-119 &#8211; Assortiment de tournevis \u00e0 t\u00eate large"}]},{"@type":"WebSite","@id":"https:\/\/goframe.be\/#website","url":"https:\/\/goframe.be\/","name":"GOFRAME","description":"Bruxelles Brabant Namur Li\u00e8ge Hainaut Luxembourg","publisher":{"@id":"https:\/\/goframe.be\/#organization"},"potentialAction":[{"@type":"SearchAction","target":{"@type":"EntryPoint","urlTemplate":"https:\/\/goframe.be\/?s={search_term_string}"},"query-input":{"@type":"PropertyValueSpecification","valueRequired":true,"valueName":"search_term_string"}}],"inLanguage":"nl-NL"},{"@type":"Organization","@id":"https:\/\/goframe.be\/#organization","name":"GOFRAME","url":"https:\/\/goframe.be\/","logo":{"@type":"ImageObject","inLanguage":"nl-NL","@id":"https:\/\/goframe.be\/#\/schema\/logo\/image\/","url":"https:\/\/goframe.be\/wp-content\/uploads\/2022\/04\/logo-transparent.png","contentUrl":"https:\/\/goframe.be\/wp-content\/uploads\/2022\/04\/logo-transparent.png","width":323,"height":157,"caption":"GOFRAME"},"image":{"@id":"https:\/\/goframe.be\/#\/schema\/logo\/image\/"}}]}},"_links":{"self":[{"href":"https:\/\/goframe.be\/nl\/wp-json\/wp\/v2\/product\/11844","targetHints":{"allow":["GET"]}}],"collection":[{"href":"https:\/\/goframe.be\/nl\/wp-json\/wp\/v2\/product"}],"about":[{"href":"https:\/\/goframe.be\/nl\/wp-json\/wp\/v2\/types\/product"}],"version-history":[{"count":3,"href":"https:\/\/goframe.be\/nl\/wp-json\/wp\/v2\/product\/11844\/revisions"}],"predecessor-version":[{"id":12704,"href":"https:\/\/goframe.be\/nl\/wp-json\/wp\/v2\/product\/11844\/revisions\/12704"}],"wp:featuredmedia":[{"embeddable":true,"href":"https:\/\/goframe.be\/nl\/wp-json\/wp\/v2\/media\/11845"}],"wp:attachment":[{"href":"https:\/\/goframe.be\/nl\/wp-json\/wp\/v2\/media?parent=11844"}],"wp:term":[{"taxonomy":"product_brand","embeddable":true,"href":"https:\/\/goframe.be\/nl\/wp-json\/wp\/v2\/product_brand?post=11844"},{"taxonomy":"product_cat","embeddable":true,"href":"https:\/\/goframe.be\/nl\/wp-json\/wp\/v2\/product_cat?post=11844"},{"taxonomy":"product_tag","embeddable":true,"href":"https:\/\/goframe.be\/nl\/wp-json\/wp\/v2\/product_tag?post=11844"}],"curies":[{"name":"wp","href":"https:\/\/api.w.org\/{rel}","templated":true}]}}