{"id":11790,"date":"2022-11-23T17:33:52","date_gmt":"2022-11-23T16:33:52","guid":{"rendered":"https:\/\/goframe.be\/?post_type=product&#038;p=11790"},"modified":"2022-11-23T17:33:52","modified_gmt":"2022-11-23T16:33:52","slug":"fo-316-3-forets-en-acier-16mm","status":"publish","type":"product","link":"https:\/\/goframe.be\/nl\/produit\/fo-316-3-forets-en-acier-16mm\/","title":{"rendered":"FO-316\/3 &#8211; Forets en acier 1,6mm"},"content":{"rendered":"","protected":false},"excerpt":{"rendered":"<p>Trois forets en acier, diam\u00e8tre 1,6 mm. Id\u00e9al pour r\u00e9aliser vos per\u00e7ages.<\/p>\n<p>\u00c9galement disponible en d&#8217;autres diam\u00e8tres:<\/p>\n<p>FO-310\/3: 1,0mm<\/p>\n<p>FO-311\/3: 1,1mm<\/p>\n<p>FO-312\/3: 1,2mm<\/p>\n<p>FO-313\/3: 1,3mm<\/p>\n<p>FO-314\/3: 1,4mm<\/p>\n<p>FO-315\/3: 1,5mm<\/p>\n<p>&nbsp;<\/p>\n","protected":false},"featured_media":11791,"template":"","meta":{"inline_featured_image":false},"product_brand":[],"product_cat":[157,166],"product_tag":[],"class_list":{"0":"post-11790","1":"product","2":"type-product","3":"status-publish","4":"has-post-thumbnail","6":"product_cat-outillage","7":"product_cat-percage","9":"first","10":"instock","11":"shipping-taxable","12":"purchasable","13":"product-type-simple"},"yoast_head":"<!-- This site is optimized with the Yoast SEO plugin v25.1 - https:\/\/yoast.com\/wordpress\/plugins\/seo\/ -->\n<title>FO-316\/3 - Forets en acier 1,6mm - GOFRAME<\/title>\n<meta name=\"description\" content=\"Trois forets en acier, diam\u00e8tre 1,6 mm. Id\u00e9al pour r\u00e9aliser vos per\u00e7ages.\u00c9galement disponible en d&#039;autres diam\u00e8tres\" \/>\n<meta name=\"robots\" content=\"index, follow, max-snippet:-1, max-image-preview:large, max-video-preview:-1\" \/>\n<link rel=\"canonical\" href=\"https:\/\/goframe.be\/produit\/fo-316-3-forets-en-acier-16mm\/\" \/>\n<meta property=\"og:locale\" content=\"nl_NL\" \/>\n<meta property=\"og:type\" content=\"article\" \/>\n<meta property=\"og:title\" content=\"FO-316\/3 - Forets en acier 1,6mm - GOFRAME\" \/>\n<meta property=\"og:description\" content=\"Trois forets en acier, diam\u00e8tre 1,6 mm. Id\u00e9al pour r\u00e9aliser vos per\u00e7ages.\u00c9galement disponible en d&#039;autres diam\u00e8tres\" \/>\n<meta property=\"og:url\" content=\"https:\/\/goframe.be\/produit\/fo-316-3-forets-en-acier-16mm\/\" \/>\n<meta property=\"og:site_name\" content=\"GOFRAME\" \/>\n<meta property=\"og:image\" content=\"https:\/\/goframe.be\/wp-content\/uploads\/2022\/08\/Foret_metal_1.6_mm.png\" \/>\n\t<meta property=\"og:image:width\" content=\"400\" \/>\n\t<meta property=\"og:image:height\" content=\"400\" \/>\n\t<meta property=\"og:image:type\" content=\"image\/png\" \/>\n<meta name=\"twitter:card\" content=\"summary_large_image\" \/>\n<script type=\"application\/ld+json\" class=\"yoast-schema-graph\">{\"@context\":\"https:\/\/schema.org\",\"@graph\":[{\"@type\":\"WebPage\",\"@id\":\"https:\/\/goframe.be\/produit\/fo-316-3-forets-en-acier-16mm\/\",\"url\":\"https:\/\/goframe.be\/produit\/fo-316-3-forets-en-acier-16mm\/\",\"name\":\"FO-316\/3 - Forets en acier 1,6mm - GOFRAME\",\"isPartOf\":{\"@id\":\"https:\/\/goframe.be\/#website\"},\"primaryImageOfPage\":{\"@id\":\"https:\/\/goframe.be\/produit\/fo-316-3-forets-en-acier-16mm\/#primaryimage\"},\"image\":{\"@id\":\"https:\/\/goframe.be\/produit\/fo-316-3-forets-en-acier-16mm\/#primaryimage\"},\"thumbnailUrl\":\"https:\/\/goframe.be\/wp-content\/uploads\/2022\/08\/Foret_metal_1.6_mm.png\",\"datePublished\":\"2022-11-23T16:33:52+00:00\",\"description\":\"Trois forets en acier, diam\u00e8tre 1,6 mm. Id\u00e9al pour r\u00e9aliser vos per\u00e7ages.\u00c9galement disponible en d'autres diam\u00e8tres\",\"breadcrumb\":{\"@id\":\"https:\/\/goframe.be\/produit\/fo-316-3-forets-en-acier-16mm\/#breadcrumb\"},\"inLanguage\":\"nl-NL\",\"potentialAction\":[{\"@type\":\"ReadAction\",\"target\":[\"https:\/\/goframe.be\/produit\/fo-316-3-forets-en-acier-16mm\/\"]}]},{\"@type\":\"ImageObject\",\"inLanguage\":\"nl-NL\",\"@id\":\"https:\/\/goframe.be\/produit\/fo-316-3-forets-en-acier-16mm\/#primaryimage\",\"url\":\"https:\/\/goframe.be\/wp-content\/uploads\/2022\/08\/Foret_metal_1.6_mm.png\",\"contentUrl\":\"https:\/\/goframe.be\/wp-content\/uploads\/2022\/08\/Foret_metal_1.6_mm.png\",\"width\":400,\"height\":400},{\"@type\":\"BreadcrumbList\",\"@id\":\"https:\/\/goframe.be\/produit\/fo-316-3-forets-en-acier-16mm\/#breadcrumb\",\"itemListElement\":[{\"@type\":\"ListItem\",\"position\":1,\"name\":\"Home\",\"item\":\"https:\/\/goframe.be\/nl\/\"},{\"@type\":\"ListItem\",\"position\":2,\"name\":\"Des produits\",\"item\":\"https:\/\/goframe.be\/des-produits\/\"},{\"@type\":\"ListItem\",\"position\":3,\"name\":\"FO-316\/3 &#8211; Forets en acier 1,6mm\"}]},{\"@type\":\"WebSite\",\"@id\":\"https:\/\/goframe.be\/#website\",\"url\":\"https:\/\/goframe.be\/\",\"name\":\"GOFRAME\",\"description\":\"Bruxelles Brabant Namur Li\u00e8ge Hainaut Luxembourg\",\"publisher\":{\"@id\":\"https:\/\/goframe.be\/#organization\"},\"potentialAction\":[{\"@type\":\"SearchAction\",\"target\":{\"@type\":\"EntryPoint\",\"urlTemplate\":\"https:\/\/goframe.be\/?s={search_term_string}\"},\"query-input\":{\"@type\":\"PropertyValueSpecification\",\"valueRequired\":true,\"valueName\":\"search_term_string\"}}],\"inLanguage\":\"nl-NL\"},{\"@type\":\"Organization\",\"@id\":\"https:\/\/goframe.be\/#organization\",\"name\":\"GOFRAME\",\"url\":\"https:\/\/goframe.be\/\",\"logo\":{\"@type\":\"ImageObject\",\"inLanguage\":\"nl-NL\",\"@id\":\"https:\/\/goframe.be\/#\/schema\/logo\/image\/\",\"url\":\"https:\/\/goframe.be\/wp-content\/uploads\/2022\/04\/logo-transparent.png\",\"contentUrl\":\"https:\/\/goframe.be\/wp-content\/uploads\/2022\/04\/logo-transparent.png\",\"width\":323,\"height\":157,\"caption\":\"GOFRAME\"},\"image\":{\"@id\":\"https:\/\/goframe.be\/#\/schema\/logo\/image\/\"}}]}<\/script>\n<!-- \/ Yoast SEO plugin. -->","yoast_head_json":{"title":"FO-316\/3 - Forets en acier 1,6mm - GOFRAME","description":"Trois forets en acier, diam\u00e8tre 1,6 mm. Id\u00e9al pour r\u00e9aliser vos per\u00e7ages.\u00c9galement disponible en d'autres diam\u00e8tres","robots":{"index":"index","follow":"follow","max-snippet":"max-snippet:-1","max-image-preview":"max-image-preview:large","max-video-preview":"max-video-preview:-1"},"canonical":"https:\/\/goframe.be\/produit\/fo-316-3-forets-en-acier-16mm\/","og_locale":"nl_NL","og_type":"article","og_title":"FO-316\/3 - Forets en acier 1,6mm - GOFRAME","og_description":"Trois forets en acier, diam\u00e8tre 1,6 mm. Id\u00e9al pour r\u00e9aliser vos per\u00e7ages.\u00c9galement disponible en d'autres diam\u00e8tres","og_url":"https:\/\/goframe.be\/produit\/fo-316-3-forets-en-acier-16mm\/","og_site_name":"GOFRAME","og_image":[{"width":400,"height":400,"url":"https:\/\/goframe.be\/wp-content\/uploads\/2022\/08\/Foret_metal_1.6_mm.png","type":"image\/png"}],"twitter_card":"summary_large_image","schema":{"@context":"https:\/\/schema.org","@graph":[{"@type":"WebPage","@id":"https:\/\/goframe.be\/produit\/fo-316-3-forets-en-acier-16mm\/","url":"https:\/\/goframe.be\/produit\/fo-316-3-forets-en-acier-16mm\/","name":"FO-316\/3 - Forets en acier 1,6mm - GOFRAME","isPartOf":{"@id":"https:\/\/goframe.be\/#website"},"primaryImageOfPage":{"@id":"https:\/\/goframe.be\/produit\/fo-316-3-forets-en-acier-16mm\/#primaryimage"},"image":{"@id":"https:\/\/goframe.be\/produit\/fo-316-3-forets-en-acier-16mm\/#primaryimage"},"thumbnailUrl":"https:\/\/goframe.be\/wp-content\/uploads\/2022\/08\/Foret_metal_1.6_mm.png","datePublished":"2022-11-23T16:33:52+00:00","description":"Trois forets en acier, diam\u00e8tre 1,6 mm. Id\u00e9al pour r\u00e9aliser vos per\u00e7ages.\u00c9galement disponible en d'autres diam\u00e8tres","breadcrumb":{"@id":"https:\/\/goframe.be\/produit\/fo-316-3-forets-en-acier-16mm\/#breadcrumb"},"inLanguage":"nl-NL","potentialAction":[{"@type":"ReadAction","target":["https:\/\/goframe.be\/produit\/fo-316-3-forets-en-acier-16mm\/"]}]},{"@type":"ImageObject","inLanguage":"nl-NL","@id":"https:\/\/goframe.be\/produit\/fo-316-3-forets-en-acier-16mm\/#primaryimage","url":"https:\/\/goframe.be\/wp-content\/uploads\/2022\/08\/Foret_metal_1.6_mm.png","contentUrl":"https:\/\/goframe.be\/wp-content\/uploads\/2022\/08\/Foret_metal_1.6_mm.png","width":400,"height":400},{"@type":"BreadcrumbList","@id":"https:\/\/goframe.be\/produit\/fo-316-3-forets-en-acier-16mm\/#breadcrumb","itemListElement":[{"@type":"ListItem","position":1,"name":"Home","item":"https:\/\/goframe.be\/nl\/"},{"@type":"ListItem","position":2,"name":"Des produits","item":"https:\/\/goframe.be\/des-produits\/"},{"@type":"ListItem","position":3,"name":"FO-316\/3 &#8211; Forets en acier 1,6mm"}]},{"@type":"WebSite","@id":"https:\/\/goframe.be\/#website","url":"https:\/\/goframe.be\/","name":"GOFRAME","description":"Bruxelles Brabant Namur Li\u00e8ge Hainaut Luxembourg","publisher":{"@id":"https:\/\/goframe.be\/#organization"},"potentialAction":[{"@type":"SearchAction","target":{"@type":"EntryPoint","urlTemplate":"https:\/\/goframe.be\/?s={search_term_string}"},"query-input":{"@type":"PropertyValueSpecification","valueRequired":true,"valueName":"search_term_string"}}],"inLanguage":"nl-NL"},{"@type":"Organization","@id":"https:\/\/goframe.be\/#organization","name":"GOFRAME","url":"https:\/\/goframe.be\/","logo":{"@type":"ImageObject","inLanguage":"nl-NL","@id":"https:\/\/goframe.be\/#\/schema\/logo\/image\/","url":"https:\/\/goframe.be\/wp-content\/uploads\/2022\/04\/logo-transparent.png","contentUrl":"https:\/\/goframe.be\/wp-content\/uploads\/2022\/04\/logo-transparent.png","width":323,"height":157,"caption":"GOFRAME"},"image":{"@id":"https:\/\/goframe.be\/#\/schema\/logo\/image\/"}}]}},"_links":{"self":[{"href":"https:\/\/goframe.be\/nl\/wp-json\/wp\/v2\/product\/11790","targetHints":{"allow":["GET"]}}],"collection":[{"href":"https:\/\/goframe.be\/nl\/wp-json\/wp\/v2\/product"}],"about":[{"href":"https:\/\/goframe.be\/nl\/wp-json\/wp\/v2\/types\/product"}],"version-history":[{"count":1,"href":"https:\/\/goframe.be\/nl\/wp-json\/wp\/v2\/product\/11790\/revisions"}],"predecessor-version":[{"id":11793,"href":"https:\/\/goframe.be\/nl\/wp-json\/wp\/v2\/product\/11790\/revisions\/11793"}],"wp:featuredmedia":[{"embeddable":true,"href":"https:\/\/goframe.be\/nl\/wp-json\/wp\/v2\/media\/11791"}],"wp:attachment":[{"href":"https:\/\/goframe.be\/nl\/wp-json\/wp\/v2\/media?parent=11790"}],"wp:term":[{"taxonomy":"product_brand","embeddable":true,"href":"https:\/\/goframe.be\/nl\/wp-json\/wp\/v2\/product_brand?post=11790"},{"taxonomy":"product_cat","embeddable":true,"href":"https:\/\/goframe.be\/nl\/wp-json\/wp\/v2\/product_cat?post=11790"},{"taxonomy":"product_tag","embeddable":true,"href":"https:\/\/goframe.be\/nl\/wp-json\/wp\/v2\/product_tag?post=11790"}],"curies":[{"name":"wp","href":"https:\/\/api.w.org\/{rel}","templated":true}]}}