{"id":11759,"date":"2022-11-23T18:02:43","date_gmt":"2022-11-23T17:02:43","guid":{"rendered":"https:\/\/goframe.be\/?post_type=product&#038;p=11759"},"modified":"2022-11-23T18:02:43","modified_gmt":"2022-11-23T17:02:43","slug":"fa-360-face-polarisee-fixe-forme-rectangulaire-gris","status":"publish","type":"product","link":"https:\/\/goframe.be\/nl\/produit\/fa-360-face-polarisee-fixe-forme-rectangulaire-gris\/","title":{"rendered":"FA-360 &#8211; Face polaris\u00e9e fixe forme rectangulaire gris"},"content":{"rendered":"","protected":false},"excerpt":{"rendered":"<p>Dix faces fixes polaris\u00e9es, couleur gris (forme rectangulaire d\u00e9coupable). Longueur 54mm, hauteur 35mm).<\/p>\n","protected":false},"featured_media":0,"template":"","meta":{"inline_featured_image":false},"product_brand":[],"product_cat":[172,157],"product_tag":[],"class_list":{"0":"post-11759","1":"product","2":"type-product","3":"status-publish","5":"product_cat-applique-et-protection","6":"product_cat-outillage","8":"first","9":"instock","10":"shipping-taxable","11":"purchasable","12":"product-type-simple"},"yoast_head":"<!-- This site is optimized with the Yoast SEO plugin v25.1 - https:\/\/yoast.com\/wordpress\/plugins\/seo\/ -->\n<title>FA-360 - Face polaris\u00e9e fixe forme rectangulaire gris - GOFRAME<\/title>\n<meta name=\"description\" content=\"Dix faces fixes polaris\u00e9es, couleur gris (forme rectangulaire d\u00e9coupable). Longueur 54mm, hauteur 35mm).\" \/>\n<meta name=\"robots\" content=\"index, follow, max-snippet:-1, max-image-preview:large, max-video-preview:-1\" \/>\n<link rel=\"canonical\" href=\"https:\/\/goframe.be\/produit\/fa-360-face-polarisee-fixe-forme-rectangulaire-gris\/\" \/>\n<meta property=\"og:locale\" content=\"nl_NL\" \/>\n<meta property=\"og:type\" content=\"article\" \/>\n<meta property=\"og:title\" content=\"FA-360 - Face polaris\u00e9e fixe forme rectangulaire gris - GOFRAME\" \/>\n<meta property=\"og:description\" content=\"Dix faces fixes polaris\u00e9es, couleur gris (forme rectangulaire d\u00e9coupable). Longueur 54mm, hauteur 35mm).\" \/>\n<meta property=\"og:url\" content=\"https:\/\/goframe.be\/produit\/fa-360-face-polarisee-fixe-forme-rectangulaire-gris\/\" \/>\n<meta property=\"og:site_name\" content=\"GOFRAME\" \/>\n<meta name=\"twitter:card\" content=\"summary_large_image\" \/>\n<script type=\"application\/ld+json\" class=\"yoast-schema-graph\">{\"@context\":\"https:\/\/schema.org\",\"@graph\":[{\"@type\":\"WebPage\",\"@id\":\"https:\/\/goframe.be\/produit\/fa-360-face-polarisee-fixe-forme-rectangulaire-gris\/\",\"url\":\"https:\/\/goframe.be\/produit\/fa-360-face-polarisee-fixe-forme-rectangulaire-gris\/\",\"name\":\"FA-360 - Face polaris\u00e9e fixe forme rectangulaire gris - GOFRAME\",\"isPartOf\":{\"@id\":\"https:\/\/goframe.be\/#website\"},\"datePublished\":\"2022-11-23T17:02:43+00:00\",\"description\":\"Dix faces fixes polaris\u00e9es, couleur gris (forme rectangulaire d\u00e9coupable). Longueur 54mm, hauteur 35mm).\",\"breadcrumb\":{\"@id\":\"https:\/\/goframe.be\/produit\/fa-360-face-polarisee-fixe-forme-rectangulaire-gris\/#breadcrumb\"},\"inLanguage\":\"nl-NL\",\"potentialAction\":[{\"@type\":\"ReadAction\",\"target\":[\"https:\/\/goframe.be\/produit\/fa-360-face-polarisee-fixe-forme-rectangulaire-gris\/\"]}]},{\"@type\":\"BreadcrumbList\",\"@id\":\"https:\/\/goframe.be\/produit\/fa-360-face-polarisee-fixe-forme-rectangulaire-gris\/#breadcrumb\",\"itemListElement\":[{\"@type\":\"ListItem\",\"position\":1,\"name\":\"Home\",\"item\":\"https:\/\/goframe.be\/nl\/\"},{\"@type\":\"ListItem\",\"position\":2,\"name\":\"Des produits\",\"item\":\"https:\/\/goframe.be\/des-produits\/\"},{\"@type\":\"ListItem\",\"position\":3,\"name\":\"FA-360 &#8211; Face polaris\u00e9e fixe forme rectangulaire gris\"}]},{\"@type\":\"WebSite\",\"@id\":\"https:\/\/goframe.be\/#website\",\"url\":\"https:\/\/goframe.be\/\",\"name\":\"GOFRAME\",\"description\":\"Bruxelles Brabant Namur Li\u00e8ge Hainaut Luxembourg\",\"publisher\":{\"@id\":\"https:\/\/goframe.be\/#organization\"},\"potentialAction\":[{\"@type\":\"SearchAction\",\"target\":{\"@type\":\"EntryPoint\",\"urlTemplate\":\"https:\/\/goframe.be\/?s={search_term_string}\"},\"query-input\":{\"@type\":\"PropertyValueSpecification\",\"valueRequired\":true,\"valueName\":\"search_term_string\"}}],\"inLanguage\":\"nl-NL\"},{\"@type\":\"Organization\",\"@id\":\"https:\/\/goframe.be\/#organization\",\"name\":\"GOFRAME\",\"url\":\"https:\/\/goframe.be\/\",\"logo\":{\"@type\":\"ImageObject\",\"inLanguage\":\"nl-NL\",\"@id\":\"https:\/\/goframe.be\/#\/schema\/logo\/image\/\",\"url\":\"https:\/\/goframe.be\/wp-content\/uploads\/2022\/04\/logo-transparent.png\",\"contentUrl\":\"https:\/\/goframe.be\/wp-content\/uploads\/2022\/04\/logo-transparent.png\",\"width\":323,\"height\":157,\"caption\":\"GOFRAME\"},\"image\":{\"@id\":\"https:\/\/goframe.be\/#\/schema\/logo\/image\/\"}}]}<\/script>\n<!-- \/ Yoast SEO plugin. -->","yoast_head_json":{"title":"FA-360 - Face polaris\u00e9e fixe forme rectangulaire gris - GOFRAME","description":"Dix faces fixes polaris\u00e9es, couleur gris (forme rectangulaire d\u00e9coupable). Longueur 54mm, hauteur 35mm).","robots":{"index":"index","follow":"follow","max-snippet":"max-snippet:-1","max-image-preview":"max-image-preview:large","max-video-preview":"max-video-preview:-1"},"canonical":"https:\/\/goframe.be\/produit\/fa-360-face-polarisee-fixe-forme-rectangulaire-gris\/","og_locale":"nl_NL","og_type":"article","og_title":"FA-360 - Face polaris\u00e9e fixe forme rectangulaire gris - GOFRAME","og_description":"Dix faces fixes polaris\u00e9es, couleur gris (forme rectangulaire d\u00e9coupable). Longueur 54mm, hauteur 35mm).","og_url":"https:\/\/goframe.be\/produit\/fa-360-face-polarisee-fixe-forme-rectangulaire-gris\/","og_site_name":"GOFRAME","twitter_card":"summary_large_image","schema":{"@context":"https:\/\/schema.org","@graph":[{"@type":"WebPage","@id":"https:\/\/goframe.be\/produit\/fa-360-face-polarisee-fixe-forme-rectangulaire-gris\/","url":"https:\/\/goframe.be\/produit\/fa-360-face-polarisee-fixe-forme-rectangulaire-gris\/","name":"FA-360 - Face polaris\u00e9e fixe forme rectangulaire gris - GOFRAME","isPartOf":{"@id":"https:\/\/goframe.be\/#website"},"datePublished":"2022-11-23T17:02:43+00:00","description":"Dix faces fixes polaris\u00e9es, couleur gris (forme rectangulaire d\u00e9coupable). Longueur 54mm, hauteur 35mm).","breadcrumb":{"@id":"https:\/\/goframe.be\/produit\/fa-360-face-polarisee-fixe-forme-rectangulaire-gris\/#breadcrumb"},"inLanguage":"nl-NL","potentialAction":[{"@type":"ReadAction","target":["https:\/\/goframe.be\/produit\/fa-360-face-polarisee-fixe-forme-rectangulaire-gris\/"]}]},{"@type":"BreadcrumbList","@id":"https:\/\/goframe.be\/produit\/fa-360-face-polarisee-fixe-forme-rectangulaire-gris\/#breadcrumb","itemListElement":[{"@type":"ListItem","position":1,"name":"Home","item":"https:\/\/goframe.be\/nl\/"},{"@type":"ListItem","position":2,"name":"Des produits","item":"https:\/\/goframe.be\/des-produits\/"},{"@type":"ListItem","position":3,"name":"FA-360 &#8211; Face polaris\u00e9e fixe forme rectangulaire gris"}]},{"@type":"WebSite","@id":"https:\/\/goframe.be\/#website","url":"https:\/\/goframe.be\/","name":"GOFRAME","description":"Bruxelles Brabant Namur Li\u00e8ge Hainaut Luxembourg","publisher":{"@id":"https:\/\/goframe.be\/#organization"},"potentialAction":[{"@type":"SearchAction","target":{"@type":"EntryPoint","urlTemplate":"https:\/\/goframe.be\/?s={search_term_string}"},"query-input":{"@type":"PropertyValueSpecification","valueRequired":true,"valueName":"search_term_string"}}],"inLanguage":"nl-NL"},{"@type":"Organization","@id":"https:\/\/goframe.be\/#organization","name":"GOFRAME","url":"https:\/\/goframe.be\/","logo":{"@type":"ImageObject","inLanguage":"nl-NL","@id":"https:\/\/goframe.be\/#\/schema\/logo\/image\/","url":"https:\/\/goframe.be\/wp-content\/uploads\/2022\/04\/logo-transparent.png","contentUrl":"https:\/\/goframe.be\/wp-content\/uploads\/2022\/04\/logo-transparent.png","width":323,"height":157,"caption":"GOFRAME"},"image":{"@id":"https:\/\/goframe.be\/#\/schema\/logo\/image\/"}}]}},"_links":{"self":[{"href":"https:\/\/goframe.be\/nl\/wp-json\/wp\/v2\/product\/11759","targetHints":{"allow":["GET"]}}],"collection":[{"href":"https:\/\/goframe.be\/nl\/wp-json\/wp\/v2\/product"}],"about":[{"href":"https:\/\/goframe.be\/nl\/wp-json\/wp\/v2\/types\/product"}],"version-history":[{"count":2,"href":"https:\/\/goframe.be\/nl\/wp-json\/wp\/v2\/product\/11759\/revisions"}],"predecessor-version":[{"id":11765,"href":"https:\/\/goframe.be\/nl\/wp-json\/wp\/v2\/product\/11759\/revisions\/11765"}],"wp:attachment":[{"href":"https:\/\/goframe.be\/nl\/wp-json\/wp\/v2\/media?parent=11759"}],"wp:term":[{"taxonomy":"product_brand","embeddable":true,"href":"https:\/\/goframe.be\/nl\/wp-json\/wp\/v2\/product_brand?post=11759"},{"taxonomy":"product_cat","embeddable":true,"href":"https:\/\/goframe.be\/nl\/wp-json\/wp\/v2\/product_cat?post=11759"},{"taxonomy":"product_tag","embeddable":true,"href":"https:\/\/goframe.be\/nl\/wp-json\/wp\/v2\/product_tag?post=11759"}],"curies":[{"name":"wp","href":"https:\/\/api.w.org\/{rel}","templated":true}]}}