{"id":11713,"date":"2023-04-11T16:58:04","date_gmt":"2023-04-11T14:58:04","guid":{"rendered":"https:\/\/goframe.be\/?post_type=product&#038;p=11713"},"modified":"2023-04-12T13:26:57","modified_gmt":"2023-04-12T11:26:57","slug":"em-434-5-embouts-cylindriques-en-acetate-145mm-brun","status":"publish","type":"product","link":"https:\/\/goframe.be\/nl\/produit\/em-434-5-embouts-cylindriques-en-acetate-145mm-brun\/","title":{"rendered":"EM-434\/5- Embouts cylindriques en ac\u00e9tate 1,45mm brun"},"content":{"rendered":"","protected":false},"excerpt":{"rendered":"<p>Embouts cylindriques brun en ac\u00e9tate (5 paires). Longueur 65mm, diam\u00e8tre 1,45 mm. \u00c9galement disponible en 1,60mm (r\u00e9f\u00e9rence EM-464\/5).<\/p>\n","protected":false},"featured_media":11714,"template":"","meta":{"inline_featured_image":false},"product_brand":[],"product_cat":[432,157],"product_tag":[],"class_list":{"0":"post-11713","1":"product","2":"type-product","3":"status-publish","4":"has-post-thumbnail","6":"product_cat-embouts","7":"product_cat-outillage","9":"first","10":"instock","11":"shipping-taxable","12":"purchasable","13":"product-type-simple"},"yoast_head":"<!-- This site is optimized with the Yoast SEO plugin v25.1 - https:\/\/yoast.com\/wordpress\/plugins\/seo\/ -->\n<title>EM-434\/5- Embouts cylindriques en ac\u00e9tate 1,45mm brun - GOFRAME<\/title>\n<meta name=\"description\" content=\"Embouts cylindriques en ac\u00e9tate 1.45mm brun\" \/>\n<meta name=\"robots\" content=\"index, follow, max-snippet:-1, max-image-preview:large, max-video-preview:-1\" \/>\n<link rel=\"canonical\" href=\"https:\/\/goframe.be\/produit\/em-434-5-embouts-cylindriques-en-acetate-145mm-brun\/\" \/>\n<meta property=\"og:locale\" content=\"nl_NL\" \/>\n<meta property=\"og:type\" content=\"article\" \/>\n<meta property=\"og:title\" content=\"EM-434\/5- Embouts cylindriques en ac\u00e9tate 1,45mm brun - GOFRAME\" \/>\n<meta property=\"og:description\" content=\"Embouts cylindriques en ac\u00e9tate 1.45mm brun\" \/>\n<meta property=\"og:url\" content=\"https:\/\/goframe.be\/produit\/em-434-5-embouts-cylindriques-en-acetate-145mm-brun\/\" \/>\n<meta property=\"og:site_name\" content=\"GOFRAME\" \/>\n<meta property=\"article:modified_time\" content=\"2023-04-12T11:26:57+00:00\" \/>\n<meta property=\"og:image\" content=\"https:\/\/goframe.be\/wp-content\/uploads\/2022\/08\/Embout_actetate_cylindrique_brun_EM40-434-464.png\" \/>\n\t<meta property=\"og:image:width\" content=\"400\" \/>\n\t<meta property=\"og:image:height\" content=\"400\" \/>\n\t<meta property=\"og:image:type\" content=\"image\/png\" \/>\n<meta name=\"twitter:card\" content=\"summary_large_image\" \/>\n<script type=\"application\/ld+json\" class=\"yoast-schema-graph\">{\"@context\":\"https:\/\/schema.org\",\"@graph\":[{\"@type\":\"WebPage\",\"@id\":\"https:\/\/goframe.be\/produit\/em-434-5-embouts-cylindriques-en-acetate-145mm-brun\/\",\"url\":\"https:\/\/goframe.be\/produit\/em-434-5-embouts-cylindriques-en-acetate-145mm-brun\/\",\"name\":\"EM-434\/5- Embouts cylindriques en ac\u00e9tate 1,45mm brun - GOFRAME\",\"isPartOf\":{\"@id\":\"https:\/\/goframe.be\/#website\"},\"primaryImageOfPage\":{\"@id\":\"https:\/\/goframe.be\/produit\/em-434-5-embouts-cylindriques-en-acetate-145mm-brun\/#primaryimage\"},\"image\":{\"@id\":\"https:\/\/goframe.be\/produit\/em-434-5-embouts-cylindriques-en-acetate-145mm-brun\/#primaryimage\"},\"thumbnailUrl\":\"https:\/\/goframe.be\/wp-content\/uploads\/2022\/08\/Embout_actetate_cylindrique_brun_EM40-434-464.png\",\"datePublished\":\"2023-04-11T14:58:04+00:00\",\"dateModified\":\"2023-04-12T11:26:57+00:00\",\"description\":\"Embouts cylindriques en ac\u00e9tate 1.45mm brun\",\"breadcrumb\":{\"@id\":\"https:\/\/goframe.be\/produit\/em-434-5-embouts-cylindriques-en-acetate-145mm-brun\/#breadcrumb\"},\"inLanguage\":\"nl-NL\",\"potentialAction\":[{\"@type\":\"ReadAction\",\"target\":[\"https:\/\/goframe.be\/produit\/em-434-5-embouts-cylindriques-en-acetate-145mm-brun\/\"]}]},{\"@type\":\"ImageObject\",\"inLanguage\":\"nl-NL\",\"@id\":\"https:\/\/goframe.be\/produit\/em-434-5-embouts-cylindriques-en-acetate-145mm-brun\/#primaryimage\",\"url\":\"https:\/\/goframe.be\/wp-content\/uploads\/2022\/08\/Embout_actetate_cylindrique_brun_EM40-434-464.png\",\"contentUrl\":\"https:\/\/goframe.be\/wp-content\/uploads\/2022\/08\/Embout_actetate_cylindrique_brun_EM40-434-464.png\",\"width\":400,\"height\":400},{\"@type\":\"BreadcrumbList\",\"@id\":\"https:\/\/goframe.be\/produit\/em-434-5-embouts-cylindriques-en-acetate-145mm-brun\/#breadcrumb\",\"itemListElement\":[{\"@type\":\"ListItem\",\"position\":1,\"name\":\"Home\",\"item\":\"https:\/\/goframe.be\/nl\/\"},{\"@type\":\"ListItem\",\"position\":2,\"name\":\"Des produits\",\"item\":\"https:\/\/goframe.be\/des-produits\/\"},{\"@type\":\"ListItem\",\"position\":3,\"name\":\"EM-434\/5- Embouts cylindriques en ac\u00e9tate 1,45mm brun\"}]},{\"@type\":\"WebSite\",\"@id\":\"https:\/\/goframe.be\/#website\",\"url\":\"https:\/\/goframe.be\/\",\"name\":\"GOFRAME\",\"description\":\"Bruxelles Brabant Namur Li\u00e8ge Hainaut Luxembourg\",\"publisher\":{\"@id\":\"https:\/\/goframe.be\/#organization\"},\"potentialAction\":[{\"@type\":\"SearchAction\",\"target\":{\"@type\":\"EntryPoint\",\"urlTemplate\":\"https:\/\/goframe.be\/?s={search_term_string}\"},\"query-input\":{\"@type\":\"PropertyValueSpecification\",\"valueRequired\":true,\"valueName\":\"search_term_string\"}}],\"inLanguage\":\"nl-NL\"},{\"@type\":\"Organization\",\"@id\":\"https:\/\/goframe.be\/#organization\",\"name\":\"GOFRAME\",\"url\":\"https:\/\/goframe.be\/\",\"logo\":{\"@type\":\"ImageObject\",\"inLanguage\":\"nl-NL\",\"@id\":\"https:\/\/goframe.be\/#\/schema\/logo\/image\/\",\"url\":\"https:\/\/goframe.be\/wp-content\/uploads\/2022\/04\/logo-transparent.png\",\"contentUrl\":\"https:\/\/goframe.be\/wp-content\/uploads\/2022\/04\/logo-transparent.png\",\"width\":323,\"height\":157,\"caption\":\"GOFRAME\"},\"image\":{\"@id\":\"https:\/\/goframe.be\/#\/schema\/logo\/image\/\"}}]}<\/script>\n<!-- \/ Yoast SEO plugin. -->","yoast_head_json":{"title":"EM-434\/5- Embouts cylindriques en ac\u00e9tate 1,45mm brun - GOFRAME","description":"Embouts cylindriques en ac\u00e9tate 1.45mm brun","robots":{"index":"index","follow":"follow","max-snippet":"max-snippet:-1","max-image-preview":"max-image-preview:large","max-video-preview":"max-video-preview:-1"},"canonical":"https:\/\/goframe.be\/produit\/em-434-5-embouts-cylindriques-en-acetate-145mm-brun\/","og_locale":"nl_NL","og_type":"article","og_title":"EM-434\/5- Embouts cylindriques en ac\u00e9tate 1,45mm brun - GOFRAME","og_description":"Embouts cylindriques en ac\u00e9tate 1.45mm brun","og_url":"https:\/\/goframe.be\/produit\/em-434-5-embouts-cylindriques-en-acetate-145mm-brun\/","og_site_name":"GOFRAME","article_modified_time":"2023-04-12T11:26:57+00:00","og_image":[{"width":400,"height":400,"url":"https:\/\/goframe.be\/wp-content\/uploads\/2022\/08\/Embout_actetate_cylindrique_brun_EM40-434-464.png","type":"image\/png"}],"twitter_card":"summary_large_image","schema":{"@context":"https:\/\/schema.org","@graph":[{"@type":"WebPage","@id":"https:\/\/goframe.be\/produit\/em-434-5-embouts-cylindriques-en-acetate-145mm-brun\/","url":"https:\/\/goframe.be\/produit\/em-434-5-embouts-cylindriques-en-acetate-145mm-brun\/","name":"EM-434\/5- Embouts cylindriques en ac\u00e9tate 1,45mm brun - GOFRAME","isPartOf":{"@id":"https:\/\/goframe.be\/#website"},"primaryImageOfPage":{"@id":"https:\/\/goframe.be\/produit\/em-434-5-embouts-cylindriques-en-acetate-145mm-brun\/#primaryimage"},"image":{"@id":"https:\/\/goframe.be\/produit\/em-434-5-embouts-cylindriques-en-acetate-145mm-brun\/#primaryimage"},"thumbnailUrl":"https:\/\/goframe.be\/wp-content\/uploads\/2022\/08\/Embout_actetate_cylindrique_brun_EM40-434-464.png","datePublished":"2023-04-11T14:58:04+00:00","dateModified":"2023-04-12T11:26:57+00:00","description":"Embouts cylindriques en ac\u00e9tate 1.45mm brun","breadcrumb":{"@id":"https:\/\/goframe.be\/produit\/em-434-5-embouts-cylindriques-en-acetate-145mm-brun\/#breadcrumb"},"inLanguage":"nl-NL","potentialAction":[{"@type":"ReadAction","target":["https:\/\/goframe.be\/produit\/em-434-5-embouts-cylindriques-en-acetate-145mm-brun\/"]}]},{"@type":"ImageObject","inLanguage":"nl-NL","@id":"https:\/\/goframe.be\/produit\/em-434-5-embouts-cylindriques-en-acetate-145mm-brun\/#primaryimage","url":"https:\/\/goframe.be\/wp-content\/uploads\/2022\/08\/Embout_actetate_cylindrique_brun_EM40-434-464.png","contentUrl":"https:\/\/goframe.be\/wp-content\/uploads\/2022\/08\/Embout_actetate_cylindrique_brun_EM40-434-464.png","width":400,"height":400},{"@type":"BreadcrumbList","@id":"https:\/\/goframe.be\/produit\/em-434-5-embouts-cylindriques-en-acetate-145mm-brun\/#breadcrumb","itemListElement":[{"@type":"ListItem","position":1,"name":"Home","item":"https:\/\/goframe.be\/nl\/"},{"@type":"ListItem","position":2,"name":"Des produits","item":"https:\/\/goframe.be\/des-produits\/"},{"@type":"ListItem","position":3,"name":"EM-434\/5- Embouts cylindriques en ac\u00e9tate 1,45mm brun"}]},{"@type":"WebSite","@id":"https:\/\/goframe.be\/#website","url":"https:\/\/goframe.be\/","name":"GOFRAME","description":"Bruxelles Brabant Namur Li\u00e8ge Hainaut Luxembourg","publisher":{"@id":"https:\/\/goframe.be\/#organization"},"potentialAction":[{"@type":"SearchAction","target":{"@type":"EntryPoint","urlTemplate":"https:\/\/goframe.be\/?s={search_term_string}"},"query-input":{"@type":"PropertyValueSpecification","valueRequired":true,"valueName":"search_term_string"}}],"inLanguage":"nl-NL"},{"@type":"Organization","@id":"https:\/\/goframe.be\/#organization","name":"GOFRAME","url":"https:\/\/goframe.be\/","logo":{"@type":"ImageObject","inLanguage":"nl-NL","@id":"https:\/\/goframe.be\/#\/schema\/logo\/image\/","url":"https:\/\/goframe.be\/wp-content\/uploads\/2022\/04\/logo-transparent.png","contentUrl":"https:\/\/goframe.be\/wp-content\/uploads\/2022\/04\/logo-transparent.png","width":323,"height":157,"caption":"GOFRAME"},"image":{"@id":"https:\/\/goframe.be\/#\/schema\/logo\/image\/"}}]}},"_links":{"self":[{"href":"https:\/\/goframe.be\/nl\/wp-json\/wp\/v2\/product\/11713","targetHints":{"allow":["GET"]}}],"collection":[{"href":"https:\/\/goframe.be\/nl\/wp-json\/wp\/v2\/product"}],"about":[{"href":"https:\/\/goframe.be\/nl\/wp-json\/wp\/v2\/types\/product"}],"version-history":[{"count":1,"href":"https:\/\/goframe.be\/nl\/wp-json\/wp\/v2\/product\/11713\/revisions"}],"predecessor-version":[{"id":11716,"href":"https:\/\/goframe.be\/nl\/wp-json\/wp\/v2\/product\/11713\/revisions\/11716"}],"wp:featuredmedia":[{"embeddable":true,"href":"https:\/\/goframe.be\/nl\/wp-json\/wp\/v2\/media\/11714"}],"wp:attachment":[{"href":"https:\/\/goframe.be\/nl\/wp-json\/wp\/v2\/media?parent=11713"}],"wp:term":[{"taxonomy":"product_brand","embeddable":true,"href":"https:\/\/goframe.be\/nl\/wp-json\/wp\/v2\/product_brand?post=11713"},{"taxonomy":"product_cat","embeddable":true,"href":"https:\/\/goframe.be\/nl\/wp-json\/wp\/v2\/product_cat?post=11713"},{"taxonomy":"product_tag","embeddable":true,"href":"https:\/\/goframe.be\/nl\/wp-json\/wp\/v2\/product_tag?post=11713"}],"curies":[{"name":"wp","href":"https:\/\/api.w.org\/{rel}","templated":true}]}}