{"id":11708,"date":"2023-04-11T17:43:52","date_gmt":"2023-04-11T15:43:52","guid":{"rendered":"https:\/\/goframe.be\/?post_type=product&#038;p=11708"},"modified":"2023-04-12T13:21:53","modified_gmt":"2023-04-12T11:21:53","slug":"em-405-5-embouts-cylindriques-en-acetate-1-35mm-noir","status":"publish","type":"product","link":"https:\/\/goframe.be\/nl\/produit\/em-405-5-embouts-cylindriques-en-acetate-1-35mm-noir\/","title":{"rendered":"EM-405\/5 &#8211; Embouts cylindriques en ac\u00e9tate 1.35mm noir"},"content":{"rendered":"","protected":false},"excerpt":{"rendered":"<p>Embouts cylindriques noir en ac\u00e9tate (5 paires). Longueur 65mm, diam\u00e8tre 1,35 mm. \u00c9galement disponible en d&#8217;autres tailles:<\/p>\n<p>EM-435\/5: longueur 65mm, diam\u00e8tre 1,45mm<\/p>\n<p>EM-465\/5: longueur 70mm, diam\u00e8tre 1,60mm<\/p>\n<p>EM-485\/5: longueur 65mm, diam\u00e8tre 1,90mm<\/p>\n<h1 class=\"h1 entry-title\"><\/h1>\n","protected":false},"featured_media":11709,"template":"","meta":{"inline_featured_image":false},"product_brand":[],"product_cat":[432,157],"product_tag":[],"class_list":{"0":"post-11708","1":"product","2":"type-product","3":"status-publish","4":"has-post-thumbnail","6":"product_cat-embouts","7":"product_cat-outillage","9":"first","10":"instock","11":"shipping-taxable","12":"purchasable","13":"product-type-simple"},"yoast_head":"<!-- This site is optimized with the Yoast SEO plugin v25.1 - https:\/\/yoast.com\/wordpress\/plugins\/seo\/ -->\n<title>EM-405\/5 - Embouts cylindriques en ac\u00e9tate 1.35mm noir - GOFRAME<\/title>\n<meta name=\"description\" content=\"Embouts cylindriques noir en ac\u00e9tate (5 paires). Longueur 65mm, diam\u00e8tre 1,35 mm. \u00c9galement disponible en d&#039;autres tailles:EM-435\/5: longueur 65mm, diam\u00e8tre 1,45mm\" \/>\n<meta name=\"robots\" content=\"index, follow, max-snippet:-1, max-image-preview:large, max-video-preview:-1\" \/>\n<link rel=\"canonical\" href=\"https:\/\/goframe.be\/produit\/em-405-5-embouts-cylindriques-en-acetate-1-35mm-noir\/\" \/>\n<meta property=\"og:locale\" content=\"nl_NL\" \/>\n<meta property=\"og:type\" content=\"article\" \/>\n<meta property=\"og:title\" content=\"EM-405\/5 - Embouts cylindriques en ac\u00e9tate 1.35mm noir - GOFRAME\" \/>\n<meta property=\"og:description\" content=\"Embouts cylindriques noir en ac\u00e9tate (5 paires). Longueur 65mm, diam\u00e8tre 1,35 mm. \u00c9galement disponible en d&#039;autres tailles:EM-435\/5: longueur 65mm, diam\u00e8tre 1,45mm\" \/>\n<meta property=\"og:url\" content=\"https:\/\/goframe.be\/produit\/em-405-5-embouts-cylindriques-en-acetate-1-35mm-noir\/\" \/>\n<meta property=\"og:site_name\" content=\"GOFRAME\" \/>\n<meta property=\"article:modified_time\" content=\"2023-04-12T11:21:53+00:00\" \/>\n<meta property=\"og:image\" content=\"https:\/\/goframe.be\/wp-content\/uploads\/2022\/08\/Embout_acetate_cylindrique_NOIR_EM405-435-465.png\" \/>\n\t<meta property=\"og:image:width\" content=\"400\" \/>\n\t<meta property=\"og:image:height\" content=\"400\" \/>\n\t<meta property=\"og:image:type\" content=\"image\/png\" \/>\n<meta name=\"twitter:card\" content=\"summary_large_image\" \/>\n<script type=\"application\/ld+json\" class=\"yoast-schema-graph\">{\"@context\":\"https:\/\/schema.org\",\"@graph\":[{\"@type\":\"WebPage\",\"@id\":\"https:\/\/goframe.be\/produit\/em-405-5-embouts-cylindriques-en-acetate-1-35mm-noir\/\",\"url\":\"https:\/\/goframe.be\/produit\/em-405-5-embouts-cylindriques-en-acetate-1-35mm-noir\/\",\"name\":\"EM-405\/5 - Embouts cylindriques en ac\u00e9tate 1.35mm noir - GOFRAME\",\"isPartOf\":{\"@id\":\"https:\/\/goframe.be\/#website\"},\"primaryImageOfPage\":{\"@id\":\"https:\/\/goframe.be\/produit\/em-405-5-embouts-cylindriques-en-acetate-1-35mm-noir\/#primaryimage\"},\"image\":{\"@id\":\"https:\/\/goframe.be\/produit\/em-405-5-embouts-cylindriques-en-acetate-1-35mm-noir\/#primaryimage\"},\"thumbnailUrl\":\"https:\/\/goframe.be\/wp-content\/uploads\/2022\/08\/Embout_acetate_cylindrique_NOIR_EM405-435-465.png\",\"datePublished\":\"2023-04-11T15:43:52+00:00\",\"dateModified\":\"2023-04-12T11:21:53+00:00\",\"description\":\"Embouts cylindriques noir en ac\u00e9tate (5 paires). Longueur 65mm, diam\u00e8tre 1,35 mm. \u00c9galement disponible en d'autres tailles:EM-435\/5: longueur 65mm, diam\u00e8tre 1,45mm\",\"breadcrumb\":{\"@id\":\"https:\/\/goframe.be\/produit\/em-405-5-embouts-cylindriques-en-acetate-1-35mm-noir\/#breadcrumb\"},\"inLanguage\":\"nl-NL\",\"potentialAction\":[{\"@type\":\"ReadAction\",\"target\":[\"https:\/\/goframe.be\/produit\/em-405-5-embouts-cylindriques-en-acetate-1-35mm-noir\/\"]}]},{\"@type\":\"ImageObject\",\"inLanguage\":\"nl-NL\",\"@id\":\"https:\/\/goframe.be\/produit\/em-405-5-embouts-cylindriques-en-acetate-1-35mm-noir\/#primaryimage\",\"url\":\"https:\/\/goframe.be\/wp-content\/uploads\/2022\/08\/Embout_acetate_cylindrique_NOIR_EM405-435-465.png\",\"contentUrl\":\"https:\/\/goframe.be\/wp-content\/uploads\/2022\/08\/Embout_acetate_cylindrique_NOIR_EM405-435-465.png\",\"width\":400,\"height\":400},{\"@type\":\"BreadcrumbList\",\"@id\":\"https:\/\/goframe.be\/produit\/em-405-5-embouts-cylindriques-en-acetate-1-35mm-noir\/#breadcrumb\",\"itemListElement\":[{\"@type\":\"ListItem\",\"position\":1,\"name\":\"Home\",\"item\":\"https:\/\/goframe.be\/nl\/\"},{\"@type\":\"ListItem\",\"position\":2,\"name\":\"Des produits\",\"item\":\"https:\/\/goframe.be\/des-produits\/\"},{\"@type\":\"ListItem\",\"position\":3,\"name\":\"EM-405\/5 &#8211; Embouts cylindriques en ac\u00e9tate 1.35mm noir\"}]},{\"@type\":\"WebSite\",\"@id\":\"https:\/\/goframe.be\/#website\",\"url\":\"https:\/\/goframe.be\/\",\"name\":\"GOFRAME\",\"description\":\"Bruxelles Brabant Namur Li\u00e8ge Hainaut Luxembourg\",\"publisher\":{\"@id\":\"https:\/\/goframe.be\/#organization\"},\"potentialAction\":[{\"@type\":\"SearchAction\",\"target\":{\"@type\":\"EntryPoint\",\"urlTemplate\":\"https:\/\/goframe.be\/?s={search_term_string}\"},\"query-input\":{\"@type\":\"PropertyValueSpecification\",\"valueRequired\":true,\"valueName\":\"search_term_string\"}}],\"inLanguage\":\"nl-NL\"},{\"@type\":\"Organization\",\"@id\":\"https:\/\/goframe.be\/#organization\",\"name\":\"GOFRAME\",\"url\":\"https:\/\/goframe.be\/\",\"logo\":{\"@type\":\"ImageObject\",\"inLanguage\":\"nl-NL\",\"@id\":\"https:\/\/goframe.be\/#\/schema\/logo\/image\/\",\"url\":\"https:\/\/goframe.be\/wp-content\/uploads\/2022\/04\/logo-transparent.png\",\"contentUrl\":\"https:\/\/goframe.be\/wp-content\/uploads\/2022\/04\/logo-transparent.png\",\"width\":323,\"height\":157,\"caption\":\"GOFRAME\"},\"image\":{\"@id\":\"https:\/\/goframe.be\/#\/schema\/logo\/image\/\"}}]}<\/script>\n<!-- \/ Yoast SEO plugin. -->","yoast_head_json":{"title":"EM-405\/5 - Embouts cylindriques en ac\u00e9tate 1.35mm noir - GOFRAME","description":"Embouts cylindriques noir en ac\u00e9tate (5 paires). Longueur 65mm, diam\u00e8tre 1,35 mm. \u00c9galement disponible en d'autres tailles:EM-435\/5: longueur 65mm, diam\u00e8tre 1,45mm","robots":{"index":"index","follow":"follow","max-snippet":"max-snippet:-1","max-image-preview":"max-image-preview:large","max-video-preview":"max-video-preview:-1"},"canonical":"https:\/\/goframe.be\/produit\/em-405-5-embouts-cylindriques-en-acetate-1-35mm-noir\/","og_locale":"nl_NL","og_type":"article","og_title":"EM-405\/5 - Embouts cylindriques en ac\u00e9tate 1.35mm noir - GOFRAME","og_description":"Embouts cylindriques noir en ac\u00e9tate (5 paires). Longueur 65mm, diam\u00e8tre 1,35 mm. \u00c9galement disponible en d'autres tailles:EM-435\/5: longueur 65mm, diam\u00e8tre 1,45mm","og_url":"https:\/\/goframe.be\/produit\/em-405-5-embouts-cylindriques-en-acetate-1-35mm-noir\/","og_site_name":"GOFRAME","article_modified_time":"2023-04-12T11:21:53+00:00","og_image":[{"width":400,"height":400,"url":"https:\/\/goframe.be\/wp-content\/uploads\/2022\/08\/Embout_acetate_cylindrique_NOIR_EM405-435-465.png","type":"image\/png"}],"twitter_card":"summary_large_image","schema":{"@context":"https:\/\/schema.org","@graph":[{"@type":"WebPage","@id":"https:\/\/goframe.be\/produit\/em-405-5-embouts-cylindriques-en-acetate-1-35mm-noir\/","url":"https:\/\/goframe.be\/produit\/em-405-5-embouts-cylindriques-en-acetate-1-35mm-noir\/","name":"EM-405\/5 - Embouts cylindriques en ac\u00e9tate 1.35mm noir - GOFRAME","isPartOf":{"@id":"https:\/\/goframe.be\/#website"},"primaryImageOfPage":{"@id":"https:\/\/goframe.be\/produit\/em-405-5-embouts-cylindriques-en-acetate-1-35mm-noir\/#primaryimage"},"image":{"@id":"https:\/\/goframe.be\/produit\/em-405-5-embouts-cylindriques-en-acetate-1-35mm-noir\/#primaryimage"},"thumbnailUrl":"https:\/\/goframe.be\/wp-content\/uploads\/2022\/08\/Embout_acetate_cylindrique_NOIR_EM405-435-465.png","datePublished":"2023-04-11T15:43:52+00:00","dateModified":"2023-04-12T11:21:53+00:00","description":"Embouts cylindriques noir en ac\u00e9tate (5 paires). Longueur 65mm, diam\u00e8tre 1,35 mm. \u00c9galement disponible en d'autres tailles:EM-435\/5: longueur 65mm, diam\u00e8tre 1,45mm","breadcrumb":{"@id":"https:\/\/goframe.be\/produit\/em-405-5-embouts-cylindriques-en-acetate-1-35mm-noir\/#breadcrumb"},"inLanguage":"nl-NL","potentialAction":[{"@type":"ReadAction","target":["https:\/\/goframe.be\/produit\/em-405-5-embouts-cylindriques-en-acetate-1-35mm-noir\/"]}]},{"@type":"ImageObject","inLanguage":"nl-NL","@id":"https:\/\/goframe.be\/produit\/em-405-5-embouts-cylindriques-en-acetate-1-35mm-noir\/#primaryimage","url":"https:\/\/goframe.be\/wp-content\/uploads\/2022\/08\/Embout_acetate_cylindrique_NOIR_EM405-435-465.png","contentUrl":"https:\/\/goframe.be\/wp-content\/uploads\/2022\/08\/Embout_acetate_cylindrique_NOIR_EM405-435-465.png","width":400,"height":400},{"@type":"BreadcrumbList","@id":"https:\/\/goframe.be\/produit\/em-405-5-embouts-cylindriques-en-acetate-1-35mm-noir\/#breadcrumb","itemListElement":[{"@type":"ListItem","position":1,"name":"Home","item":"https:\/\/goframe.be\/nl\/"},{"@type":"ListItem","position":2,"name":"Des produits","item":"https:\/\/goframe.be\/des-produits\/"},{"@type":"ListItem","position":3,"name":"EM-405\/5 &#8211; Embouts cylindriques en ac\u00e9tate 1.35mm noir"}]},{"@type":"WebSite","@id":"https:\/\/goframe.be\/#website","url":"https:\/\/goframe.be\/","name":"GOFRAME","description":"Bruxelles Brabant Namur Li\u00e8ge Hainaut Luxembourg","publisher":{"@id":"https:\/\/goframe.be\/#organization"},"potentialAction":[{"@type":"SearchAction","target":{"@type":"EntryPoint","urlTemplate":"https:\/\/goframe.be\/?s={search_term_string}"},"query-input":{"@type":"PropertyValueSpecification","valueRequired":true,"valueName":"search_term_string"}}],"inLanguage":"nl-NL"},{"@type":"Organization","@id":"https:\/\/goframe.be\/#organization","name":"GOFRAME","url":"https:\/\/goframe.be\/","logo":{"@type":"ImageObject","inLanguage":"nl-NL","@id":"https:\/\/goframe.be\/#\/schema\/logo\/image\/","url":"https:\/\/goframe.be\/wp-content\/uploads\/2022\/04\/logo-transparent.png","contentUrl":"https:\/\/goframe.be\/wp-content\/uploads\/2022\/04\/logo-transparent.png","width":323,"height":157,"caption":"GOFRAME"},"image":{"@id":"https:\/\/goframe.be\/#\/schema\/logo\/image\/"}}]}},"_links":{"self":[{"href":"https:\/\/goframe.be\/nl\/wp-json\/wp\/v2\/product\/11708","targetHints":{"allow":["GET"]}}],"collection":[{"href":"https:\/\/goframe.be\/nl\/wp-json\/wp\/v2\/product"}],"about":[{"href":"https:\/\/goframe.be\/nl\/wp-json\/wp\/v2\/types\/product"}],"version-history":[{"count":1,"href":"https:\/\/goframe.be\/nl\/wp-json\/wp\/v2\/product\/11708\/revisions"}],"predecessor-version":[{"id":11711,"href":"https:\/\/goframe.be\/nl\/wp-json\/wp\/v2\/product\/11708\/revisions\/11711"}],"wp:featuredmedia":[{"embeddable":true,"href":"https:\/\/goframe.be\/nl\/wp-json\/wp\/v2\/media\/11709"}],"wp:attachment":[{"href":"https:\/\/goframe.be\/nl\/wp-json\/wp\/v2\/media?parent=11708"}],"wp:term":[{"taxonomy":"product_brand","embeddable":true,"href":"https:\/\/goframe.be\/nl\/wp-json\/wp\/v2\/product_brand?post=11708"},{"taxonomy":"product_cat","embeddable":true,"href":"https:\/\/goframe.be\/nl\/wp-json\/wp\/v2\/product_cat?post=11708"},{"taxonomy":"product_tag","embeddable":true,"href":"https:\/\/goframe.be\/nl\/wp-json\/wp\/v2\/product_tag?post=11708"}],"curies":[{"name":"wp","href":"https:\/\/api.w.org\/{rel}","templated":true}]}}