{"id":11679,"date":"2023-04-11T17:06:43","date_gmt":"2023-04-11T15:06:43","guid":{"rendered":"https:\/\/goframe.be\/?post_type=product&#038;p=11679"},"modified":"2023-04-11T17:06:43","modified_gmt":"2023-04-11T15:06:43","slug":"ec102-100-ecrou-etoile-12mm-argent","status":"publish","type":"product","link":"https:\/\/goframe.be\/nl\/produit\/ec102-100-ecrou-etoile-12mm-argent\/","title":{"rendered":"EC102\/100 &#8211; \u00c9crou \u00e9toile 1,2mm argent"},"content":{"rendered":"","protected":false},"excerpt":{"rendered":"<p>\u00c9crous \u00e9toile, 100 pi\u00e8ces (diam\u00e8tre int\u00e9rieur 1,5mm, diam\u00e8tre ext\u00e9rieur 2,5 mm, longueur 1 mm).<\/p>\n<p>Existe aussi en 1,4 mm (r\u00e9f\u00e9rence EC104\/100).<\/p>\n","protected":false},"featured_media":11680,"template":"","meta":{"inline_featured_image":false},"product_brand":[],"product_cat":[157,169],"product_tag":[],"class_list":{"0":"post-11679","1":"product","2":"type-product","3":"status-publish","4":"has-post-thumbnail","6":"product_cat-outillage","7":"product_cat-vis","9":"first","10":"instock","11":"shipping-taxable","12":"purchasable","13":"product-type-simple"},"yoast_head":"<!-- This site is optimized with the Yoast SEO plugin v25.1 - https:\/\/yoast.com\/wordpress\/plugins\/seo\/ -->\n<title>EC102\/100 - \u00c9crou \u00e9toile 1,2mm argent - GOFRAME<\/title>\n<meta name=\"description\" content=\"Ecrou \u00e9toile 1.2mm argent\" \/>\n<meta name=\"robots\" content=\"index, follow, max-snippet:-1, max-image-preview:large, max-video-preview:-1\" \/>\n<link rel=\"canonical\" href=\"https:\/\/goframe.be\/produit\/ec102-100-ecrou-etoile-12mm-argent\/\" \/>\n<meta property=\"og:locale\" content=\"nl_NL\" \/>\n<meta property=\"og:type\" content=\"article\" \/>\n<meta property=\"og:title\" content=\"EC102\/100 - \u00c9crou \u00e9toile 1,2mm argent - GOFRAME\" \/>\n<meta property=\"og:description\" content=\"Ecrou \u00e9toile 1.2mm argent\" \/>\n<meta property=\"og:url\" content=\"https:\/\/goframe.be\/produit\/ec102-100-ecrou-etoile-12mm-argent\/\" \/>\n<meta property=\"og:site_name\" content=\"GOFRAME\" \/>\n<meta property=\"og:image\" content=\"https:\/\/goframe.be\/wp-content\/uploads\/2022\/08\/Ecrou_etoile_1.2_mm_EC102-100.png\" \/>\n\t<meta property=\"og:image:width\" content=\"400\" \/>\n\t<meta property=\"og:image:height\" content=\"400\" \/>\n\t<meta property=\"og:image:type\" content=\"image\/png\" \/>\n<meta name=\"twitter:card\" content=\"summary_large_image\" \/>\n<script type=\"application\/ld+json\" class=\"yoast-schema-graph\">{\"@context\":\"https:\/\/schema.org\",\"@graph\":[{\"@type\":\"WebPage\",\"@id\":\"https:\/\/goframe.be\/produit\/ec102-100-ecrou-etoile-12mm-argent\/\",\"url\":\"https:\/\/goframe.be\/produit\/ec102-100-ecrou-etoile-12mm-argent\/\",\"name\":\"EC102\/100 - \u00c9crou \u00e9toile 1,2mm argent - GOFRAME\",\"isPartOf\":{\"@id\":\"https:\/\/goframe.be\/#website\"},\"primaryImageOfPage\":{\"@id\":\"https:\/\/goframe.be\/produit\/ec102-100-ecrou-etoile-12mm-argent\/#primaryimage\"},\"image\":{\"@id\":\"https:\/\/goframe.be\/produit\/ec102-100-ecrou-etoile-12mm-argent\/#primaryimage\"},\"thumbnailUrl\":\"https:\/\/goframe.be\/wp-content\/uploads\/2022\/08\/Ecrou_etoile_1.2_mm_EC102-100.png\",\"datePublished\":\"2023-04-11T15:06:43+00:00\",\"description\":\"Ecrou \u00e9toile 1.2mm argent\",\"breadcrumb\":{\"@id\":\"https:\/\/goframe.be\/produit\/ec102-100-ecrou-etoile-12mm-argent\/#breadcrumb\"},\"inLanguage\":\"nl-NL\",\"potentialAction\":[{\"@type\":\"ReadAction\",\"target\":[\"https:\/\/goframe.be\/produit\/ec102-100-ecrou-etoile-12mm-argent\/\"]}]},{\"@type\":\"ImageObject\",\"inLanguage\":\"nl-NL\",\"@id\":\"https:\/\/goframe.be\/produit\/ec102-100-ecrou-etoile-12mm-argent\/#primaryimage\",\"url\":\"https:\/\/goframe.be\/wp-content\/uploads\/2022\/08\/Ecrou_etoile_1.2_mm_EC102-100.png\",\"contentUrl\":\"https:\/\/goframe.be\/wp-content\/uploads\/2022\/08\/Ecrou_etoile_1.2_mm_EC102-100.png\",\"width\":400,\"height\":400},{\"@type\":\"BreadcrumbList\",\"@id\":\"https:\/\/goframe.be\/produit\/ec102-100-ecrou-etoile-12mm-argent\/#breadcrumb\",\"itemListElement\":[{\"@type\":\"ListItem\",\"position\":1,\"name\":\"Home\",\"item\":\"https:\/\/goframe.be\/nl\/\"},{\"@type\":\"ListItem\",\"position\":2,\"name\":\"Des produits\",\"item\":\"https:\/\/goframe.be\/des-produits\/\"},{\"@type\":\"ListItem\",\"position\":3,\"name\":\"EC102\/100 &#8211; \u00c9crou \u00e9toile 1,2mm argent\"}]},{\"@type\":\"WebSite\",\"@id\":\"https:\/\/goframe.be\/#website\",\"url\":\"https:\/\/goframe.be\/\",\"name\":\"GOFRAME\",\"description\":\"Bruxelles Brabant Namur Li\u00e8ge Hainaut Luxembourg\",\"publisher\":{\"@id\":\"https:\/\/goframe.be\/#organization\"},\"potentialAction\":[{\"@type\":\"SearchAction\",\"target\":{\"@type\":\"EntryPoint\",\"urlTemplate\":\"https:\/\/goframe.be\/?s={search_term_string}\"},\"query-input\":{\"@type\":\"PropertyValueSpecification\",\"valueRequired\":true,\"valueName\":\"search_term_string\"}}],\"inLanguage\":\"nl-NL\"},{\"@type\":\"Organization\",\"@id\":\"https:\/\/goframe.be\/#organization\",\"name\":\"GOFRAME\",\"url\":\"https:\/\/goframe.be\/\",\"logo\":{\"@type\":\"ImageObject\",\"inLanguage\":\"nl-NL\",\"@id\":\"https:\/\/goframe.be\/#\/schema\/logo\/image\/\",\"url\":\"https:\/\/goframe.be\/wp-content\/uploads\/2022\/04\/logo-transparent.png\",\"contentUrl\":\"https:\/\/goframe.be\/wp-content\/uploads\/2022\/04\/logo-transparent.png\",\"width\":323,\"height\":157,\"caption\":\"GOFRAME\"},\"image\":{\"@id\":\"https:\/\/goframe.be\/#\/schema\/logo\/image\/\"}}]}<\/script>\n<!-- \/ Yoast SEO plugin. -->","yoast_head_json":{"title":"EC102\/100 - \u00c9crou \u00e9toile 1,2mm argent - GOFRAME","description":"Ecrou \u00e9toile 1.2mm argent","robots":{"index":"index","follow":"follow","max-snippet":"max-snippet:-1","max-image-preview":"max-image-preview:large","max-video-preview":"max-video-preview:-1"},"canonical":"https:\/\/goframe.be\/produit\/ec102-100-ecrou-etoile-12mm-argent\/","og_locale":"nl_NL","og_type":"article","og_title":"EC102\/100 - \u00c9crou \u00e9toile 1,2mm argent - GOFRAME","og_description":"Ecrou \u00e9toile 1.2mm argent","og_url":"https:\/\/goframe.be\/produit\/ec102-100-ecrou-etoile-12mm-argent\/","og_site_name":"GOFRAME","og_image":[{"width":400,"height":400,"url":"https:\/\/goframe.be\/wp-content\/uploads\/2022\/08\/Ecrou_etoile_1.2_mm_EC102-100.png","type":"image\/png"}],"twitter_card":"summary_large_image","schema":{"@context":"https:\/\/schema.org","@graph":[{"@type":"WebPage","@id":"https:\/\/goframe.be\/produit\/ec102-100-ecrou-etoile-12mm-argent\/","url":"https:\/\/goframe.be\/produit\/ec102-100-ecrou-etoile-12mm-argent\/","name":"EC102\/100 - \u00c9crou \u00e9toile 1,2mm argent - GOFRAME","isPartOf":{"@id":"https:\/\/goframe.be\/#website"},"primaryImageOfPage":{"@id":"https:\/\/goframe.be\/produit\/ec102-100-ecrou-etoile-12mm-argent\/#primaryimage"},"image":{"@id":"https:\/\/goframe.be\/produit\/ec102-100-ecrou-etoile-12mm-argent\/#primaryimage"},"thumbnailUrl":"https:\/\/goframe.be\/wp-content\/uploads\/2022\/08\/Ecrou_etoile_1.2_mm_EC102-100.png","datePublished":"2023-04-11T15:06:43+00:00","description":"Ecrou \u00e9toile 1.2mm argent","breadcrumb":{"@id":"https:\/\/goframe.be\/produit\/ec102-100-ecrou-etoile-12mm-argent\/#breadcrumb"},"inLanguage":"nl-NL","potentialAction":[{"@type":"ReadAction","target":["https:\/\/goframe.be\/produit\/ec102-100-ecrou-etoile-12mm-argent\/"]}]},{"@type":"ImageObject","inLanguage":"nl-NL","@id":"https:\/\/goframe.be\/produit\/ec102-100-ecrou-etoile-12mm-argent\/#primaryimage","url":"https:\/\/goframe.be\/wp-content\/uploads\/2022\/08\/Ecrou_etoile_1.2_mm_EC102-100.png","contentUrl":"https:\/\/goframe.be\/wp-content\/uploads\/2022\/08\/Ecrou_etoile_1.2_mm_EC102-100.png","width":400,"height":400},{"@type":"BreadcrumbList","@id":"https:\/\/goframe.be\/produit\/ec102-100-ecrou-etoile-12mm-argent\/#breadcrumb","itemListElement":[{"@type":"ListItem","position":1,"name":"Home","item":"https:\/\/goframe.be\/nl\/"},{"@type":"ListItem","position":2,"name":"Des produits","item":"https:\/\/goframe.be\/des-produits\/"},{"@type":"ListItem","position":3,"name":"EC102\/100 &#8211; \u00c9crou \u00e9toile 1,2mm argent"}]},{"@type":"WebSite","@id":"https:\/\/goframe.be\/#website","url":"https:\/\/goframe.be\/","name":"GOFRAME","description":"Bruxelles Brabant Namur Li\u00e8ge Hainaut Luxembourg","publisher":{"@id":"https:\/\/goframe.be\/#organization"},"potentialAction":[{"@type":"SearchAction","target":{"@type":"EntryPoint","urlTemplate":"https:\/\/goframe.be\/?s={search_term_string}"},"query-input":{"@type":"PropertyValueSpecification","valueRequired":true,"valueName":"search_term_string"}}],"inLanguage":"nl-NL"},{"@type":"Organization","@id":"https:\/\/goframe.be\/#organization","name":"GOFRAME","url":"https:\/\/goframe.be\/","logo":{"@type":"ImageObject","inLanguage":"nl-NL","@id":"https:\/\/goframe.be\/#\/schema\/logo\/image\/","url":"https:\/\/goframe.be\/wp-content\/uploads\/2022\/04\/logo-transparent.png","contentUrl":"https:\/\/goframe.be\/wp-content\/uploads\/2022\/04\/logo-transparent.png","width":323,"height":157,"caption":"GOFRAME"},"image":{"@id":"https:\/\/goframe.be\/#\/schema\/logo\/image\/"}}]}},"_links":{"self":[{"href":"https:\/\/goframe.be\/nl\/wp-json\/wp\/v2\/product\/11679","targetHints":{"allow":["GET"]}}],"collection":[{"href":"https:\/\/goframe.be\/nl\/wp-json\/wp\/v2\/product"}],"about":[{"href":"https:\/\/goframe.be\/nl\/wp-json\/wp\/v2\/types\/product"}],"version-history":[{"count":2,"href":"https:\/\/goframe.be\/nl\/wp-json\/wp\/v2\/product\/11679\/revisions"}],"predecessor-version":[{"id":12666,"href":"https:\/\/goframe.be\/nl\/wp-json\/wp\/v2\/product\/11679\/revisions\/12666"}],"wp:featuredmedia":[{"embeddable":true,"href":"https:\/\/goframe.be\/nl\/wp-json\/wp\/v2\/media\/11680"}],"wp:attachment":[{"href":"https:\/\/goframe.be\/nl\/wp-json\/wp\/v2\/media?parent=11679"}],"wp:term":[{"taxonomy":"product_brand","embeddable":true,"href":"https:\/\/goframe.be\/nl\/wp-json\/wp\/v2\/product_brand?post=11679"},{"taxonomy":"product_cat","embeddable":true,"href":"https:\/\/goframe.be\/nl\/wp-json\/wp\/v2\/product_cat?post=11679"},{"taxonomy":"product_tag","embeddable":true,"href":"https:\/\/goframe.be\/nl\/wp-json\/wp\/v2\/product_tag?post=11679"}],"curies":[{"name":"wp","href":"https:\/\/api.w.org\/{rel}","templated":true}]}}