{"id":11638,"date":"2023-04-11T17:31:28","date_gmt":"2023-04-11T15:31:28","guid":{"rendered":"https:\/\/goframe.be\/?post_type=product&#038;p=11638"},"modified":"2023-04-11T17:31:28","modified_gmt":"2023-04-11T15:31:28","slug":"cslb-cordon-et-crochet-adulte-bleu-en-silicone-longueur-17cm-grands-crochets","status":"publish","type":"product","link":"https:\/\/goframe.be\/nl\/produit\/cslb-cordon-et-crochet-adulte-bleu-en-silicone-longueur-17cm-grands-crochets\/","title":{"rendered":"CSLB &#8211; Cordon et crochet adulte bleu en silicone longueur 17cm + grands crochets"},"content":{"rendered":"","protected":false},"excerpt":{"rendered":"<p>Set d&#8217;un cordon et d&#8217;un grand crochet en silicone bleu, conditionn\u00e9s dans une petite bo\u00eete. Ces deux outils permettent de maintenir parfaitement vos lunettes dans toutes vos activit\u00e9s quotidiennes.<\/p>\n","protected":false},"featured_media":11639,"template":"","meta":{"inline_featured_image":false},"product_brand":[],"product_cat":[431,152],"product_tag":[],"class_list":{"0":"post-11638","1":"product","2":"type-product","3":"status-publish","4":"has-post-thumbnail","6":"product_cat-adulte","7":"product_cat-cordon","9":"first","10":"instock","11":"shipping-taxable","12":"purchasable","13":"product-type-simple"},"yoast_head":"<!-- This site is optimized with the Yoast SEO plugin v25.1 - https:\/\/yoast.com\/wordpress\/plugins\/seo\/ -->\n<title>CSLB - Cordon et crochet adulte bleu en silicone longueur 17cm + grands crochets - GOFRAME<\/title>\n<meta name=\"description\" content=\"Cordon silicone bleu 17cm + grands crochets pour adulte id\u00e9al pour maintenir vos lunettes lors de vos sorties sportives\" \/>\n<meta name=\"robots\" content=\"index, follow, max-snippet:-1, max-image-preview:large, max-video-preview:-1\" \/>\n<link rel=\"canonical\" href=\"https:\/\/goframe.be\/produit\/cslb-cordon-et-crochet-adulte-bleu-en-silicone-longueur-17cm-grands-crochets\/\" \/>\n<meta property=\"og:locale\" content=\"nl_NL\" \/>\n<meta property=\"og:type\" content=\"article\" \/>\n<meta property=\"og:title\" content=\"CSLB - Cordon et crochet adulte bleu en silicone longueur 17cm + grands crochets - GOFRAME\" \/>\n<meta property=\"og:description\" content=\"Cordon silicone bleu 17cm + grands crochets pour adulte id\u00e9al pour maintenir vos lunettes lors de vos sorties sportives\" \/>\n<meta property=\"og:url\" content=\"https:\/\/goframe.be\/produit\/cslb-cordon-et-crochet-adulte-bleu-en-silicone-longueur-17cm-grands-crochets\/\" \/>\n<meta property=\"og:site_name\" content=\"GOFRAME\" \/>\n<meta property=\"og:image\" content=\"https:\/\/goframe.be\/wp-content\/uploads\/2022\/08\/CSLB_-_CORDON_SILICONE_BLEU__CROCHET_LARGE.png\" \/>\n\t<meta property=\"og:image:width\" content=\"400\" \/>\n\t<meta property=\"og:image:height\" content=\"400\" \/>\n\t<meta property=\"og:image:type\" content=\"image\/png\" \/>\n<meta name=\"twitter:card\" content=\"summary_large_image\" \/>\n<script type=\"application\/ld+json\" class=\"yoast-schema-graph\">{\"@context\":\"https:\/\/schema.org\",\"@graph\":[{\"@type\":\"WebPage\",\"@id\":\"https:\/\/goframe.be\/produit\/cslb-cordon-et-crochet-adulte-bleu-en-silicone-longueur-17cm-grands-crochets\/\",\"url\":\"https:\/\/goframe.be\/produit\/cslb-cordon-et-crochet-adulte-bleu-en-silicone-longueur-17cm-grands-crochets\/\",\"name\":\"CSLB - Cordon et crochet adulte bleu en silicone longueur 17cm + grands crochets - GOFRAME\",\"isPartOf\":{\"@id\":\"https:\/\/goframe.be\/#website\"},\"primaryImageOfPage\":{\"@id\":\"https:\/\/goframe.be\/produit\/cslb-cordon-et-crochet-adulte-bleu-en-silicone-longueur-17cm-grands-crochets\/#primaryimage\"},\"image\":{\"@id\":\"https:\/\/goframe.be\/produit\/cslb-cordon-et-crochet-adulte-bleu-en-silicone-longueur-17cm-grands-crochets\/#primaryimage\"},\"thumbnailUrl\":\"https:\/\/goframe.be\/wp-content\/uploads\/2022\/08\/CSLB_-_CORDON_SILICONE_BLEU__CROCHET_LARGE.png\",\"datePublished\":\"2023-04-11T15:31:28+00:00\",\"description\":\"Cordon silicone bleu 17cm + grands crochets pour adulte id\u00e9al pour maintenir vos lunettes lors de vos sorties sportives\",\"breadcrumb\":{\"@id\":\"https:\/\/goframe.be\/produit\/cslb-cordon-et-crochet-adulte-bleu-en-silicone-longueur-17cm-grands-crochets\/#breadcrumb\"},\"inLanguage\":\"nl-NL\",\"potentialAction\":[{\"@type\":\"ReadAction\",\"target\":[\"https:\/\/goframe.be\/produit\/cslb-cordon-et-crochet-adulte-bleu-en-silicone-longueur-17cm-grands-crochets\/\"]}]},{\"@type\":\"ImageObject\",\"inLanguage\":\"nl-NL\",\"@id\":\"https:\/\/goframe.be\/produit\/cslb-cordon-et-crochet-adulte-bleu-en-silicone-longueur-17cm-grands-crochets\/#primaryimage\",\"url\":\"https:\/\/goframe.be\/wp-content\/uploads\/2022\/08\/CSLB_-_CORDON_SILICONE_BLEU__CROCHET_LARGE.png\",\"contentUrl\":\"https:\/\/goframe.be\/wp-content\/uploads\/2022\/08\/CSLB_-_CORDON_SILICONE_BLEU__CROCHET_LARGE.png\",\"width\":400,\"height\":400},{\"@type\":\"BreadcrumbList\",\"@id\":\"https:\/\/goframe.be\/produit\/cslb-cordon-et-crochet-adulte-bleu-en-silicone-longueur-17cm-grands-crochets\/#breadcrumb\",\"itemListElement\":[{\"@type\":\"ListItem\",\"position\":1,\"name\":\"Home\",\"item\":\"https:\/\/goframe.be\/nl\/\"},{\"@type\":\"ListItem\",\"position\":2,\"name\":\"Des produits\",\"item\":\"https:\/\/goframe.be\/des-produits\/\"},{\"@type\":\"ListItem\",\"position\":3,\"name\":\"CSLB &#8211; Cordon et crochet adulte bleu en silicone longueur 17cm + grands crochets\"}]},{\"@type\":\"WebSite\",\"@id\":\"https:\/\/goframe.be\/#website\",\"url\":\"https:\/\/goframe.be\/\",\"name\":\"GOFRAME\",\"description\":\"Bruxelles Brabant Namur Li\u00e8ge Hainaut Luxembourg\",\"publisher\":{\"@id\":\"https:\/\/goframe.be\/#organization\"},\"potentialAction\":[{\"@type\":\"SearchAction\",\"target\":{\"@type\":\"EntryPoint\",\"urlTemplate\":\"https:\/\/goframe.be\/?s={search_term_string}\"},\"query-input\":{\"@type\":\"PropertyValueSpecification\",\"valueRequired\":true,\"valueName\":\"search_term_string\"}}],\"inLanguage\":\"nl-NL\"},{\"@type\":\"Organization\",\"@id\":\"https:\/\/goframe.be\/#organization\",\"name\":\"GOFRAME\",\"url\":\"https:\/\/goframe.be\/\",\"logo\":{\"@type\":\"ImageObject\",\"inLanguage\":\"nl-NL\",\"@id\":\"https:\/\/goframe.be\/#\/schema\/logo\/image\/\",\"url\":\"https:\/\/goframe.be\/wp-content\/uploads\/2022\/04\/logo-transparent.png\",\"contentUrl\":\"https:\/\/goframe.be\/wp-content\/uploads\/2022\/04\/logo-transparent.png\",\"width\":323,\"height\":157,\"caption\":\"GOFRAME\"},\"image\":{\"@id\":\"https:\/\/goframe.be\/#\/schema\/logo\/image\/\"}}]}<\/script>\n<!-- \/ Yoast SEO plugin. -->","yoast_head_json":{"title":"CSLB - Cordon et crochet adulte bleu en silicone longueur 17cm + grands crochets - GOFRAME","description":"Cordon silicone bleu 17cm + grands crochets pour adulte id\u00e9al pour maintenir vos lunettes lors de vos sorties sportives","robots":{"index":"index","follow":"follow","max-snippet":"max-snippet:-1","max-image-preview":"max-image-preview:large","max-video-preview":"max-video-preview:-1"},"canonical":"https:\/\/goframe.be\/produit\/cslb-cordon-et-crochet-adulte-bleu-en-silicone-longueur-17cm-grands-crochets\/","og_locale":"nl_NL","og_type":"article","og_title":"CSLB - Cordon et crochet adulte bleu en silicone longueur 17cm + grands crochets - GOFRAME","og_description":"Cordon silicone bleu 17cm + grands crochets pour adulte id\u00e9al pour maintenir vos lunettes lors de vos sorties sportives","og_url":"https:\/\/goframe.be\/produit\/cslb-cordon-et-crochet-adulte-bleu-en-silicone-longueur-17cm-grands-crochets\/","og_site_name":"GOFRAME","og_image":[{"width":400,"height":400,"url":"https:\/\/goframe.be\/wp-content\/uploads\/2022\/08\/CSLB_-_CORDON_SILICONE_BLEU__CROCHET_LARGE.png","type":"image\/png"}],"twitter_card":"summary_large_image","schema":{"@context":"https:\/\/schema.org","@graph":[{"@type":"WebPage","@id":"https:\/\/goframe.be\/produit\/cslb-cordon-et-crochet-adulte-bleu-en-silicone-longueur-17cm-grands-crochets\/","url":"https:\/\/goframe.be\/produit\/cslb-cordon-et-crochet-adulte-bleu-en-silicone-longueur-17cm-grands-crochets\/","name":"CSLB - Cordon et crochet adulte bleu en silicone longueur 17cm + grands crochets - GOFRAME","isPartOf":{"@id":"https:\/\/goframe.be\/#website"},"primaryImageOfPage":{"@id":"https:\/\/goframe.be\/produit\/cslb-cordon-et-crochet-adulte-bleu-en-silicone-longueur-17cm-grands-crochets\/#primaryimage"},"image":{"@id":"https:\/\/goframe.be\/produit\/cslb-cordon-et-crochet-adulte-bleu-en-silicone-longueur-17cm-grands-crochets\/#primaryimage"},"thumbnailUrl":"https:\/\/goframe.be\/wp-content\/uploads\/2022\/08\/CSLB_-_CORDON_SILICONE_BLEU__CROCHET_LARGE.png","datePublished":"2023-04-11T15:31:28+00:00","description":"Cordon silicone bleu 17cm + grands crochets pour adulte id\u00e9al pour maintenir vos lunettes lors de vos sorties sportives","breadcrumb":{"@id":"https:\/\/goframe.be\/produit\/cslb-cordon-et-crochet-adulte-bleu-en-silicone-longueur-17cm-grands-crochets\/#breadcrumb"},"inLanguage":"nl-NL","potentialAction":[{"@type":"ReadAction","target":["https:\/\/goframe.be\/produit\/cslb-cordon-et-crochet-adulte-bleu-en-silicone-longueur-17cm-grands-crochets\/"]}]},{"@type":"ImageObject","inLanguage":"nl-NL","@id":"https:\/\/goframe.be\/produit\/cslb-cordon-et-crochet-adulte-bleu-en-silicone-longueur-17cm-grands-crochets\/#primaryimage","url":"https:\/\/goframe.be\/wp-content\/uploads\/2022\/08\/CSLB_-_CORDON_SILICONE_BLEU__CROCHET_LARGE.png","contentUrl":"https:\/\/goframe.be\/wp-content\/uploads\/2022\/08\/CSLB_-_CORDON_SILICONE_BLEU__CROCHET_LARGE.png","width":400,"height":400},{"@type":"BreadcrumbList","@id":"https:\/\/goframe.be\/produit\/cslb-cordon-et-crochet-adulte-bleu-en-silicone-longueur-17cm-grands-crochets\/#breadcrumb","itemListElement":[{"@type":"ListItem","position":1,"name":"Home","item":"https:\/\/goframe.be\/nl\/"},{"@type":"ListItem","position":2,"name":"Des produits","item":"https:\/\/goframe.be\/des-produits\/"},{"@type":"ListItem","position":3,"name":"CSLB &#8211; Cordon et crochet adulte bleu en silicone longueur 17cm + grands crochets"}]},{"@type":"WebSite","@id":"https:\/\/goframe.be\/#website","url":"https:\/\/goframe.be\/","name":"GOFRAME","description":"Bruxelles Brabant Namur Li\u00e8ge Hainaut Luxembourg","publisher":{"@id":"https:\/\/goframe.be\/#organization"},"potentialAction":[{"@type":"SearchAction","target":{"@type":"EntryPoint","urlTemplate":"https:\/\/goframe.be\/?s={search_term_string}"},"query-input":{"@type":"PropertyValueSpecification","valueRequired":true,"valueName":"search_term_string"}}],"inLanguage":"nl-NL"},{"@type":"Organization","@id":"https:\/\/goframe.be\/#organization","name":"GOFRAME","url":"https:\/\/goframe.be\/","logo":{"@type":"ImageObject","inLanguage":"nl-NL","@id":"https:\/\/goframe.be\/#\/schema\/logo\/image\/","url":"https:\/\/goframe.be\/wp-content\/uploads\/2022\/04\/logo-transparent.png","contentUrl":"https:\/\/goframe.be\/wp-content\/uploads\/2022\/04\/logo-transparent.png","width":323,"height":157,"caption":"GOFRAME"},"image":{"@id":"https:\/\/goframe.be\/#\/schema\/logo\/image\/"}}]}},"_links":{"self":[{"href":"https:\/\/goframe.be\/nl\/wp-json\/wp\/v2\/product\/11638","targetHints":{"allow":["GET"]}}],"collection":[{"href":"https:\/\/goframe.be\/nl\/wp-json\/wp\/v2\/product"}],"about":[{"href":"https:\/\/goframe.be\/nl\/wp-json\/wp\/v2\/types\/product"}],"version-history":[{"count":3,"href":"https:\/\/goframe.be\/nl\/wp-json\/wp\/v2\/product\/11638\/revisions"}],"predecessor-version":[{"id":12675,"href":"https:\/\/goframe.be\/nl\/wp-json\/wp\/v2\/product\/11638\/revisions\/12675"}],"wp:featuredmedia":[{"embeddable":true,"href":"https:\/\/goframe.be\/nl\/wp-json\/wp\/v2\/media\/11639"}],"wp:attachment":[{"href":"https:\/\/goframe.be\/nl\/wp-json\/wp\/v2\/media?parent=11638"}],"wp:term":[{"taxonomy":"product_brand","embeddable":true,"href":"https:\/\/goframe.be\/nl\/wp-json\/wp\/v2\/product_brand?post=11638"},{"taxonomy":"product_cat","embeddable":true,"href":"https:\/\/goframe.be\/nl\/wp-json\/wp\/v2\/product_cat?post=11638"},{"taxonomy":"product_tag","embeddable":true,"href":"https:\/\/goframe.be\/nl\/wp-json\/wp\/v2\/product_tag?post=11638"}],"curies":[{"name":"wp","href":"https:\/\/api.w.org\/{rel}","templated":true}]}}