{"id":11580,"date":"2023-04-11T17:37:22","date_gmt":"2023-04-11T15:37:22","guid":{"rendered":"https:\/\/goframe.be\/?post_type=product&#038;p=11580"},"modified":"2024-01-04T12:25:53","modified_gmt":"2024-01-04T11:25:53","slug":"cl-102-a1-cle-pour-ecrous-hexagonale-2-2mm","status":"publish","type":"product","link":"https:\/\/goframe.be\/nl\/produit\/cl-102-a1-cle-pour-ecrous-hexagonale-2-2mm\/","title":{"rendered":"CL-102\/A1 &#8211; Cl\u00e9 pour \u00e9crous -hexagonale 2.2mm"},"content":{"rendered":"","protected":false},"excerpt":{"rendered":"<p>Cl\u00e9s pour \u00e9crous et pour vis \u00e0 t\u00eate sp\u00e9ciale. Diff\u00e9rents types de cl\u00e9s disponibles pour une utilisation optimale dans votre atelier.<\/p>\n<p>CL-102\/A0: \u00c9toile 2,2mm<\/p>\n<p>CL-102\/A1: Hexagonal 2,2mm<\/p>\n<p>CL-102\/A2: Fendu<\/p>\n<p>CL-102\/A3: \u00c9toile 2,8mm<\/p>\n<p>CL-102\/A4: \u00c9toile 2,5mm<\/p>\n<p>CL-102\/A5: Carr\u00e9<\/p>\n<p>CL-102\/A7: Hexagonal 2,5mm<\/p>\n<p>CL-102\/A8: \u00c9toile 5 branches<\/p>\n<p>&nbsp;<\/p>\n<p>&nbsp;<\/p>\n<p>&nbsp;<\/p>\n","protected":false},"featured_media":11581,"template":"","meta":{"inline_featured_image":false},"product_brand":[],"product_cat":[157,162],"product_tag":[],"class_list":{"0":"post-11580","1":"product","2":"type-product","3":"status-publish","4":"has-post-thumbnail","6":"product_cat-outillage","7":"product_cat-tournevis-et-cles","9":"first","10":"instock","11":"shipping-taxable","12":"purchasable","13":"product-type-simple"},"yoast_head":"<!-- This site is optimized with the Yoast SEO plugin v25.1 - https:\/\/yoast.com\/wordpress\/plugins\/seo\/ -->\n<title>CL-102\/A1 - Cl\u00e9 pour \u00e9crous -hexagonale 2.2mm - GOFRAME<\/title>\n<meta name=\"description\" content=\"Cl\u00e9s pour \u00e9crous et pour vis \u00e0 t\u00eate sp\u00e9ciale. Diff\u00e9rents types de cl\u00e9s disponibles pour une utilisation optimale dans votre atelier.\" \/>\n<meta name=\"robots\" content=\"index, follow, max-snippet:-1, max-image-preview:large, max-video-preview:-1\" \/>\n<link rel=\"canonical\" href=\"https:\/\/goframe.be\/produit\/cl-102-a1-cle-pour-ecrous-hexagonale-2-2mm\/\" \/>\n<meta property=\"og:locale\" content=\"nl_NL\" \/>\n<meta property=\"og:type\" content=\"article\" \/>\n<meta property=\"og:title\" content=\"CL-102\/A1 - Cl\u00e9 pour \u00e9crous -hexagonale 2.2mm - GOFRAME\" \/>\n<meta property=\"og:description\" content=\"Cl\u00e9s pour \u00e9crous et pour vis \u00e0 t\u00eate sp\u00e9ciale. Diff\u00e9rents types de cl\u00e9s disponibles pour une utilisation optimale dans votre atelier.\" \/>\n<meta property=\"og:url\" content=\"https:\/\/goframe.be\/produit\/cl-102-a1-cle-pour-ecrous-hexagonale-2-2mm\/\" \/>\n<meta property=\"og:site_name\" content=\"GOFRAME\" \/>\n<meta property=\"article:modified_time\" content=\"2024-01-04T11:25:53+00:00\" \/>\n<meta property=\"og:image\" content=\"https:\/\/goframe.be\/wp-content\/uploads\/2022\/08\/CLe_pour_ecrous_hexa_2.2mm_cl-102-a1-.png\" \/>\n\t<meta property=\"og:image:width\" content=\"400\" \/>\n\t<meta property=\"og:image:height\" content=\"400\" \/>\n\t<meta property=\"og:image:type\" content=\"image\/png\" \/>\n<meta name=\"twitter:card\" content=\"summary_large_image\" \/>\n<script type=\"application\/ld+json\" class=\"yoast-schema-graph\">{\"@context\":\"https:\/\/schema.org\",\"@graph\":[{\"@type\":\"WebPage\",\"@id\":\"https:\/\/goframe.be\/produit\/cl-102-a1-cle-pour-ecrous-hexagonale-2-2mm\/\",\"url\":\"https:\/\/goframe.be\/produit\/cl-102-a1-cle-pour-ecrous-hexagonale-2-2mm\/\",\"name\":\"CL-102\/A1 - Cl\u00e9 pour \u00e9crous -hexagonale 2.2mm - GOFRAME\",\"isPartOf\":{\"@id\":\"https:\/\/goframe.be\/#website\"},\"primaryImageOfPage\":{\"@id\":\"https:\/\/goframe.be\/produit\/cl-102-a1-cle-pour-ecrous-hexagonale-2-2mm\/#primaryimage\"},\"image\":{\"@id\":\"https:\/\/goframe.be\/produit\/cl-102-a1-cle-pour-ecrous-hexagonale-2-2mm\/#primaryimage\"},\"thumbnailUrl\":\"https:\/\/goframe.be\/wp-content\/uploads\/2022\/08\/CLe_pour_ecrous_hexa_2.2mm_cl-102-a1-.png\",\"datePublished\":\"2023-04-11T15:37:22+00:00\",\"dateModified\":\"2024-01-04T11:25:53+00:00\",\"description\":\"Cl\u00e9s pour \u00e9crous et pour vis \u00e0 t\u00eate sp\u00e9ciale. Diff\u00e9rents types de cl\u00e9s disponibles pour une utilisation optimale dans votre atelier.\",\"breadcrumb\":{\"@id\":\"https:\/\/goframe.be\/produit\/cl-102-a1-cle-pour-ecrous-hexagonale-2-2mm\/#breadcrumb\"},\"inLanguage\":\"nl-NL\",\"potentialAction\":[{\"@type\":\"ReadAction\",\"target\":[\"https:\/\/goframe.be\/produit\/cl-102-a1-cle-pour-ecrous-hexagonale-2-2mm\/\"]}]},{\"@type\":\"ImageObject\",\"inLanguage\":\"nl-NL\",\"@id\":\"https:\/\/goframe.be\/produit\/cl-102-a1-cle-pour-ecrous-hexagonale-2-2mm\/#primaryimage\",\"url\":\"https:\/\/goframe.be\/wp-content\/uploads\/2022\/08\/CLe_pour_ecrous_hexa_2.2mm_cl-102-a1-.png\",\"contentUrl\":\"https:\/\/goframe.be\/wp-content\/uploads\/2022\/08\/CLe_pour_ecrous_hexa_2.2mm_cl-102-a1-.png\",\"width\":400,\"height\":400},{\"@type\":\"BreadcrumbList\",\"@id\":\"https:\/\/goframe.be\/produit\/cl-102-a1-cle-pour-ecrous-hexagonale-2-2mm\/#breadcrumb\",\"itemListElement\":[{\"@type\":\"ListItem\",\"position\":1,\"name\":\"Home\",\"item\":\"https:\/\/goframe.be\/nl\/\"},{\"@type\":\"ListItem\",\"position\":2,\"name\":\"Des produits\",\"item\":\"https:\/\/goframe.be\/des-produits\/\"},{\"@type\":\"ListItem\",\"position\":3,\"name\":\"CL-102\/A1 &#8211; Cl\u00e9 pour \u00e9crous -hexagonale 2.2mm\"}]},{\"@type\":\"WebSite\",\"@id\":\"https:\/\/goframe.be\/#website\",\"url\":\"https:\/\/goframe.be\/\",\"name\":\"GOFRAME\",\"description\":\"Bruxelles Brabant Namur Li\u00e8ge Hainaut Luxembourg\",\"publisher\":{\"@id\":\"https:\/\/goframe.be\/#organization\"},\"potentialAction\":[{\"@type\":\"SearchAction\",\"target\":{\"@type\":\"EntryPoint\",\"urlTemplate\":\"https:\/\/goframe.be\/?s={search_term_string}\"},\"query-input\":{\"@type\":\"PropertyValueSpecification\",\"valueRequired\":true,\"valueName\":\"search_term_string\"}}],\"inLanguage\":\"nl-NL\"},{\"@type\":\"Organization\",\"@id\":\"https:\/\/goframe.be\/#organization\",\"name\":\"GOFRAME\",\"url\":\"https:\/\/goframe.be\/\",\"logo\":{\"@type\":\"ImageObject\",\"inLanguage\":\"nl-NL\",\"@id\":\"https:\/\/goframe.be\/#\/schema\/logo\/image\/\",\"url\":\"https:\/\/goframe.be\/wp-content\/uploads\/2022\/04\/logo-transparent.png\",\"contentUrl\":\"https:\/\/goframe.be\/wp-content\/uploads\/2022\/04\/logo-transparent.png\",\"width\":323,\"height\":157,\"caption\":\"GOFRAME\"},\"image\":{\"@id\":\"https:\/\/goframe.be\/#\/schema\/logo\/image\/\"}}]}<\/script>\n<!-- \/ Yoast SEO plugin. -->","yoast_head_json":{"title":"CL-102\/A1 - Cl\u00e9 pour \u00e9crous -hexagonale 2.2mm - GOFRAME","description":"Cl\u00e9s pour \u00e9crous et pour vis \u00e0 t\u00eate sp\u00e9ciale. Diff\u00e9rents types de cl\u00e9s disponibles pour une utilisation optimale dans votre atelier.","robots":{"index":"index","follow":"follow","max-snippet":"max-snippet:-1","max-image-preview":"max-image-preview:large","max-video-preview":"max-video-preview:-1"},"canonical":"https:\/\/goframe.be\/produit\/cl-102-a1-cle-pour-ecrous-hexagonale-2-2mm\/","og_locale":"nl_NL","og_type":"article","og_title":"CL-102\/A1 - Cl\u00e9 pour \u00e9crous -hexagonale 2.2mm - GOFRAME","og_description":"Cl\u00e9s pour \u00e9crous et pour vis \u00e0 t\u00eate sp\u00e9ciale. Diff\u00e9rents types de cl\u00e9s disponibles pour une utilisation optimale dans votre atelier.","og_url":"https:\/\/goframe.be\/produit\/cl-102-a1-cle-pour-ecrous-hexagonale-2-2mm\/","og_site_name":"GOFRAME","article_modified_time":"2024-01-04T11:25:53+00:00","og_image":[{"width":400,"height":400,"url":"https:\/\/goframe.be\/wp-content\/uploads\/2022\/08\/CLe_pour_ecrous_hexa_2.2mm_cl-102-a1-.png","type":"image\/png"}],"twitter_card":"summary_large_image","schema":{"@context":"https:\/\/schema.org","@graph":[{"@type":"WebPage","@id":"https:\/\/goframe.be\/produit\/cl-102-a1-cle-pour-ecrous-hexagonale-2-2mm\/","url":"https:\/\/goframe.be\/produit\/cl-102-a1-cle-pour-ecrous-hexagonale-2-2mm\/","name":"CL-102\/A1 - Cl\u00e9 pour \u00e9crous -hexagonale 2.2mm - GOFRAME","isPartOf":{"@id":"https:\/\/goframe.be\/#website"},"primaryImageOfPage":{"@id":"https:\/\/goframe.be\/produit\/cl-102-a1-cle-pour-ecrous-hexagonale-2-2mm\/#primaryimage"},"image":{"@id":"https:\/\/goframe.be\/produit\/cl-102-a1-cle-pour-ecrous-hexagonale-2-2mm\/#primaryimage"},"thumbnailUrl":"https:\/\/goframe.be\/wp-content\/uploads\/2022\/08\/CLe_pour_ecrous_hexa_2.2mm_cl-102-a1-.png","datePublished":"2023-04-11T15:37:22+00:00","dateModified":"2024-01-04T11:25:53+00:00","description":"Cl\u00e9s pour \u00e9crous et pour vis \u00e0 t\u00eate sp\u00e9ciale. Diff\u00e9rents types de cl\u00e9s disponibles pour une utilisation optimale dans votre atelier.","breadcrumb":{"@id":"https:\/\/goframe.be\/produit\/cl-102-a1-cle-pour-ecrous-hexagonale-2-2mm\/#breadcrumb"},"inLanguage":"nl-NL","potentialAction":[{"@type":"ReadAction","target":["https:\/\/goframe.be\/produit\/cl-102-a1-cle-pour-ecrous-hexagonale-2-2mm\/"]}]},{"@type":"ImageObject","inLanguage":"nl-NL","@id":"https:\/\/goframe.be\/produit\/cl-102-a1-cle-pour-ecrous-hexagonale-2-2mm\/#primaryimage","url":"https:\/\/goframe.be\/wp-content\/uploads\/2022\/08\/CLe_pour_ecrous_hexa_2.2mm_cl-102-a1-.png","contentUrl":"https:\/\/goframe.be\/wp-content\/uploads\/2022\/08\/CLe_pour_ecrous_hexa_2.2mm_cl-102-a1-.png","width":400,"height":400},{"@type":"BreadcrumbList","@id":"https:\/\/goframe.be\/produit\/cl-102-a1-cle-pour-ecrous-hexagonale-2-2mm\/#breadcrumb","itemListElement":[{"@type":"ListItem","position":1,"name":"Home","item":"https:\/\/goframe.be\/nl\/"},{"@type":"ListItem","position":2,"name":"Des produits","item":"https:\/\/goframe.be\/des-produits\/"},{"@type":"ListItem","position":3,"name":"CL-102\/A1 &#8211; Cl\u00e9 pour \u00e9crous -hexagonale 2.2mm"}]},{"@type":"WebSite","@id":"https:\/\/goframe.be\/#website","url":"https:\/\/goframe.be\/","name":"GOFRAME","description":"Bruxelles Brabant Namur Li\u00e8ge Hainaut Luxembourg","publisher":{"@id":"https:\/\/goframe.be\/#organization"},"potentialAction":[{"@type":"SearchAction","target":{"@type":"EntryPoint","urlTemplate":"https:\/\/goframe.be\/?s={search_term_string}"},"query-input":{"@type":"PropertyValueSpecification","valueRequired":true,"valueName":"search_term_string"}}],"inLanguage":"nl-NL"},{"@type":"Organization","@id":"https:\/\/goframe.be\/#organization","name":"GOFRAME","url":"https:\/\/goframe.be\/","logo":{"@type":"ImageObject","inLanguage":"nl-NL","@id":"https:\/\/goframe.be\/#\/schema\/logo\/image\/","url":"https:\/\/goframe.be\/wp-content\/uploads\/2022\/04\/logo-transparent.png","contentUrl":"https:\/\/goframe.be\/wp-content\/uploads\/2022\/04\/logo-transparent.png","width":323,"height":157,"caption":"GOFRAME"},"image":{"@id":"https:\/\/goframe.be\/#\/schema\/logo\/image\/"}}]}},"_links":{"self":[{"href":"https:\/\/goframe.be\/nl\/wp-json\/wp\/v2\/product\/11580","targetHints":{"allow":["GET"]}}],"collection":[{"href":"https:\/\/goframe.be\/nl\/wp-json\/wp\/v2\/product"}],"about":[{"href":"https:\/\/goframe.be\/nl\/wp-json\/wp\/v2\/types\/product"}],"version-history":[{"count":1,"href":"https:\/\/goframe.be\/nl\/wp-json\/wp\/v2\/product\/11580\/revisions"}],"predecessor-version":[{"id":11583,"href":"https:\/\/goframe.be\/nl\/wp-json\/wp\/v2\/product\/11580\/revisions\/11583"}],"wp:featuredmedia":[{"embeddable":true,"href":"https:\/\/goframe.be\/nl\/wp-json\/wp\/v2\/media\/11581"}],"wp:attachment":[{"href":"https:\/\/goframe.be\/nl\/wp-json\/wp\/v2\/media?parent=11580"}],"wp:term":[{"taxonomy":"product_brand","embeddable":true,"href":"https:\/\/goframe.be\/nl\/wp-json\/wp\/v2\/product_brand?post=11580"},{"taxonomy":"product_cat","embeddable":true,"href":"https:\/\/goframe.be\/nl\/wp-json\/wp\/v2\/product_cat?post=11580"},{"taxonomy":"product_tag","embeddable":true,"href":"https:\/\/goframe.be\/nl\/wp-json\/wp\/v2\/product_tag?post=11580"}],"curies":[{"name":"wp","href":"https:\/\/api.w.org\/{rel}","templated":true}]}}