{"id":11568,"date":"2023-04-11T17:39:57","date_gmt":"2023-04-11T15:39:57","guid":{"rendered":"https:\/\/goframe.be\/?post_type=product&#038;p=11568"},"modified":"2023-04-12T13:22:46","modified_gmt":"2023-04-12T11:22:46","slug":"co-201-composition-a-polir-jaune","status":"publish","type":"product","link":"https:\/\/goframe.be\/nl\/produit\/co-201-composition-a-polir-jaune\/","title":{"rendered":"CO-201 &#8211; Composition \u00e0 polir jaune"},"content":{"rendered":"","protected":false},"excerpt":{"rendered":"<p>P\u00e2te \u00e0 polir grain moyen, id\u00e9ale pour le plastique.<\/p>\n","protected":false},"featured_media":11569,"template":"","meta":{"inline_featured_image":false},"product_brand":[],"product_cat":[157,164],"product_tag":[],"class_list":{"0":"post-11568","1":"product","2":"type-product","3":"status-publish","4":"has-post-thumbnail","6":"product_cat-outillage","7":"product_cat-polissage","9":"first","10":"instock","11":"shipping-taxable","12":"purchasable","13":"product-type-simple"},"yoast_head":"<!-- This site is optimized with the Yoast SEO plugin v25.1 - https:\/\/yoast.com\/wordpress\/plugins\/seo\/ -->\n<title>CO-201 - Composition \u00e0 polir jaune - GOFRAME<\/title>\n<meta name=\"description\" content=\"P\u00e2te \u00e0 polir grain moyen, id\u00e9ale pour le plastique.\" \/>\n<meta name=\"robots\" content=\"index, follow, max-snippet:-1, max-image-preview:large, max-video-preview:-1\" \/>\n<link rel=\"canonical\" href=\"https:\/\/goframe.be\/produit\/co-201-composition-a-polir-jaune\/\" \/>\n<meta property=\"og:locale\" content=\"nl_NL\" \/>\n<meta property=\"og:type\" content=\"article\" \/>\n<meta property=\"og:title\" content=\"CO-201 - Composition \u00e0 polir jaune - GOFRAME\" \/>\n<meta property=\"og:description\" content=\"P\u00e2te \u00e0 polir grain moyen, id\u00e9ale pour le plastique.\" \/>\n<meta property=\"og:url\" content=\"https:\/\/goframe.be\/produit\/co-201-composition-a-polir-jaune\/\" \/>\n<meta property=\"og:site_name\" content=\"GOFRAME\" \/>\n<meta property=\"article:modified_time\" content=\"2023-04-12T11:22:46+00:00\" \/>\n<meta property=\"og:image\" content=\"https:\/\/goframe.be\/wp-content\/uploads\/2022\/08\/Composition-a-polir-jaune-pour-plastiques-CO201.png\" \/>\n\t<meta property=\"og:image:width\" content=\"400\" \/>\n\t<meta property=\"og:image:height\" content=\"400\" \/>\n\t<meta property=\"og:image:type\" content=\"image\/png\" \/>\n<meta name=\"twitter:card\" content=\"summary_large_image\" \/>\n<script type=\"application\/ld+json\" class=\"yoast-schema-graph\">{\"@context\":\"https:\/\/schema.org\",\"@graph\":[{\"@type\":\"WebPage\",\"@id\":\"https:\/\/goframe.be\/produit\/co-201-composition-a-polir-jaune\/\",\"url\":\"https:\/\/goframe.be\/produit\/co-201-composition-a-polir-jaune\/\",\"name\":\"CO-201 - Composition \u00e0 polir jaune - GOFRAME\",\"isPartOf\":{\"@id\":\"https:\/\/goframe.be\/#website\"},\"primaryImageOfPage\":{\"@id\":\"https:\/\/goframe.be\/produit\/co-201-composition-a-polir-jaune\/#primaryimage\"},\"image\":{\"@id\":\"https:\/\/goframe.be\/produit\/co-201-composition-a-polir-jaune\/#primaryimage\"},\"thumbnailUrl\":\"https:\/\/goframe.be\/wp-content\/uploads\/2022\/08\/Composition-a-polir-jaune-pour-plastiques-CO201.png\",\"datePublished\":\"2023-04-11T15:39:57+00:00\",\"dateModified\":\"2023-04-12T11:22:46+00:00\",\"description\":\"P\u00e2te \u00e0 polir grain moyen, id\u00e9ale pour le plastique.\",\"breadcrumb\":{\"@id\":\"https:\/\/goframe.be\/produit\/co-201-composition-a-polir-jaune\/#breadcrumb\"},\"inLanguage\":\"nl-NL\",\"potentialAction\":[{\"@type\":\"ReadAction\",\"target\":[\"https:\/\/goframe.be\/produit\/co-201-composition-a-polir-jaune\/\"]}]},{\"@type\":\"ImageObject\",\"inLanguage\":\"nl-NL\",\"@id\":\"https:\/\/goframe.be\/produit\/co-201-composition-a-polir-jaune\/#primaryimage\",\"url\":\"https:\/\/goframe.be\/wp-content\/uploads\/2022\/08\/Composition-a-polir-jaune-pour-plastiques-CO201.png\",\"contentUrl\":\"https:\/\/goframe.be\/wp-content\/uploads\/2022\/08\/Composition-a-polir-jaune-pour-plastiques-CO201.png\",\"width\":400,\"height\":400},{\"@type\":\"BreadcrumbList\",\"@id\":\"https:\/\/goframe.be\/produit\/co-201-composition-a-polir-jaune\/#breadcrumb\",\"itemListElement\":[{\"@type\":\"ListItem\",\"position\":1,\"name\":\"Home\",\"item\":\"https:\/\/goframe.be\/nl\/\"},{\"@type\":\"ListItem\",\"position\":2,\"name\":\"Des produits\",\"item\":\"https:\/\/goframe.be\/des-produits\/\"},{\"@type\":\"ListItem\",\"position\":3,\"name\":\"CO-201 &#8211; Composition \u00e0 polir jaune\"}]},{\"@type\":\"WebSite\",\"@id\":\"https:\/\/goframe.be\/#website\",\"url\":\"https:\/\/goframe.be\/\",\"name\":\"GOFRAME\",\"description\":\"Bruxelles Brabant Namur Li\u00e8ge Hainaut Luxembourg\",\"publisher\":{\"@id\":\"https:\/\/goframe.be\/#organization\"},\"potentialAction\":[{\"@type\":\"SearchAction\",\"target\":{\"@type\":\"EntryPoint\",\"urlTemplate\":\"https:\/\/goframe.be\/?s={search_term_string}\"},\"query-input\":{\"@type\":\"PropertyValueSpecification\",\"valueRequired\":true,\"valueName\":\"search_term_string\"}}],\"inLanguage\":\"nl-NL\"},{\"@type\":\"Organization\",\"@id\":\"https:\/\/goframe.be\/#organization\",\"name\":\"GOFRAME\",\"url\":\"https:\/\/goframe.be\/\",\"logo\":{\"@type\":\"ImageObject\",\"inLanguage\":\"nl-NL\",\"@id\":\"https:\/\/goframe.be\/#\/schema\/logo\/image\/\",\"url\":\"https:\/\/goframe.be\/wp-content\/uploads\/2022\/04\/logo-transparent.png\",\"contentUrl\":\"https:\/\/goframe.be\/wp-content\/uploads\/2022\/04\/logo-transparent.png\",\"width\":323,\"height\":157,\"caption\":\"GOFRAME\"},\"image\":{\"@id\":\"https:\/\/goframe.be\/#\/schema\/logo\/image\/\"}}]}<\/script>\n<!-- \/ Yoast SEO plugin. -->","yoast_head_json":{"title":"CO-201 - Composition \u00e0 polir jaune - GOFRAME","description":"P\u00e2te \u00e0 polir grain moyen, id\u00e9ale pour le plastique.","robots":{"index":"index","follow":"follow","max-snippet":"max-snippet:-1","max-image-preview":"max-image-preview:large","max-video-preview":"max-video-preview:-1"},"canonical":"https:\/\/goframe.be\/produit\/co-201-composition-a-polir-jaune\/","og_locale":"nl_NL","og_type":"article","og_title":"CO-201 - Composition \u00e0 polir jaune - GOFRAME","og_description":"P\u00e2te \u00e0 polir grain moyen, id\u00e9ale pour le plastique.","og_url":"https:\/\/goframe.be\/produit\/co-201-composition-a-polir-jaune\/","og_site_name":"GOFRAME","article_modified_time":"2023-04-12T11:22:46+00:00","og_image":[{"width":400,"height":400,"url":"https:\/\/goframe.be\/wp-content\/uploads\/2022\/08\/Composition-a-polir-jaune-pour-plastiques-CO201.png","type":"image\/png"}],"twitter_card":"summary_large_image","schema":{"@context":"https:\/\/schema.org","@graph":[{"@type":"WebPage","@id":"https:\/\/goframe.be\/produit\/co-201-composition-a-polir-jaune\/","url":"https:\/\/goframe.be\/produit\/co-201-composition-a-polir-jaune\/","name":"CO-201 - Composition \u00e0 polir jaune - GOFRAME","isPartOf":{"@id":"https:\/\/goframe.be\/#website"},"primaryImageOfPage":{"@id":"https:\/\/goframe.be\/produit\/co-201-composition-a-polir-jaune\/#primaryimage"},"image":{"@id":"https:\/\/goframe.be\/produit\/co-201-composition-a-polir-jaune\/#primaryimage"},"thumbnailUrl":"https:\/\/goframe.be\/wp-content\/uploads\/2022\/08\/Composition-a-polir-jaune-pour-plastiques-CO201.png","datePublished":"2023-04-11T15:39:57+00:00","dateModified":"2023-04-12T11:22:46+00:00","description":"P\u00e2te \u00e0 polir grain moyen, id\u00e9ale pour le plastique.","breadcrumb":{"@id":"https:\/\/goframe.be\/produit\/co-201-composition-a-polir-jaune\/#breadcrumb"},"inLanguage":"nl-NL","potentialAction":[{"@type":"ReadAction","target":["https:\/\/goframe.be\/produit\/co-201-composition-a-polir-jaune\/"]}]},{"@type":"ImageObject","inLanguage":"nl-NL","@id":"https:\/\/goframe.be\/produit\/co-201-composition-a-polir-jaune\/#primaryimage","url":"https:\/\/goframe.be\/wp-content\/uploads\/2022\/08\/Composition-a-polir-jaune-pour-plastiques-CO201.png","contentUrl":"https:\/\/goframe.be\/wp-content\/uploads\/2022\/08\/Composition-a-polir-jaune-pour-plastiques-CO201.png","width":400,"height":400},{"@type":"BreadcrumbList","@id":"https:\/\/goframe.be\/produit\/co-201-composition-a-polir-jaune\/#breadcrumb","itemListElement":[{"@type":"ListItem","position":1,"name":"Home","item":"https:\/\/goframe.be\/nl\/"},{"@type":"ListItem","position":2,"name":"Des produits","item":"https:\/\/goframe.be\/des-produits\/"},{"@type":"ListItem","position":3,"name":"CO-201 &#8211; Composition \u00e0 polir jaune"}]},{"@type":"WebSite","@id":"https:\/\/goframe.be\/#website","url":"https:\/\/goframe.be\/","name":"GOFRAME","description":"Bruxelles Brabant Namur Li\u00e8ge Hainaut Luxembourg","publisher":{"@id":"https:\/\/goframe.be\/#organization"},"potentialAction":[{"@type":"SearchAction","target":{"@type":"EntryPoint","urlTemplate":"https:\/\/goframe.be\/?s={search_term_string}"},"query-input":{"@type":"PropertyValueSpecification","valueRequired":true,"valueName":"search_term_string"}}],"inLanguage":"nl-NL"},{"@type":"Organization","@id":"https:\/\/goframe.be\/#organization","name":"GOFRAME","url":"https:\/\/goframe.be\/","logo":{"@type":"ImageObject","inLanguage":"nl-NL","@id":"https:\/\/goframe.be\/#\/schema\/logo\/image\/","url":"https:\/\/goframe.be\/wp-content\/uploads\/2022\/04\/logo-transparent.png","contentUrl":"https:\/\/goframe.be\/wp-content\/uploads\/2022\/04\/logo-transparent.png","width":323,"height":157,"caption":"GOFRAME"},"image":{"@id":"https:\/\/goframe.be\/#\/schema\/logo\/image\/"}}]}},"_links":{"self":[{"href":"https:\/\/goframe.be\/nl\/wp-json\/wp\/v2\/product\/11568","targetHints":{"allow":["GET"]}}],"collection":[{"href":"https:\/\/goframe.be\/nl\/wp-json\/wp\/v2\/product"}],"about":[{"href":"https:\/\/goframe.be\/nl\/wp-json\/wp\/v2\/types\/product"}],"version-history":[{"count":1,"href":"https:\/\/goframe.be\/nl\/wp-json\/wp\/v2\/product\/11568\/revisions"}],"predecessor-version":[{"id":11571,"href":"https:\/\/goframe.be\/nl\/wp-json\/wp\/v2\/product\/11568\/revisions\/11571"}],"wp:featuredmedia":[{"embeddable":true,"href":"https:\/\/goframe.be\/nl\/wp-json\/wp\/v2\/media\/11569"}],"wp:attachment":[{"href":"https:\/\/goframe.be\/nl\/wp-json\/wp\/v2\/media?parent=11568"}],"wp:term":[{"taxonomy":"product_brand","embeddable":true,"href":"https:\/\/goframe.be\/nl\/wp-json\/wp\/v2\/product_brand?post=11568"},{"taxonomy":"product_cat","embeddable":true,"href":"https:\/\/goframe.be\/nl\/wp-json\/wp\/v2\/product_cat?post=11568"},{"taxonomy":"product_tag","embeddable":true,"href":"https:\/\/goframe.be\/nl\/wp-json\/wp\/v2\/product_tag?post=11568"}],"curies":[{"name":"wp","href":"https:\/\/api.w.org\/{rel}","templated":true}]}}