{"id":11492,"date":"2023-04-11T18:06:03","date_gmt":"2023-04-11T16:06:03","guid":{"rendered":"https:\/\/goframe.be\/?post_type=product&#038;p=11492"},"modified":"2023-04-11T18:06:03","modified_gmt":"2023-04-11T16:06:03","slug":"ca-200-cache-oeil-noir","status":"publish","type":"product","link":"https:\/\/goframe.be\/nl\/produit\/ca-200-cache-oeil-noir\/","title":{"rendered":"CA-200 &#8211; Cache-\u0153il noir"},"content":{"rendered":"","protected":false},"excerpt":{"rendered":"<p>Cache-oeil m\u00e9dical rigide avec \u00e9lastique noir, dispositif d&#8217;ophtalmologie utilis\u00e9 pour traiter certaines pathologies des yeux ou employ\u00e9 lors de la r\u00e9alisation de tests visuels.<\/p>\n","protected":false},"featured_media":11493,"template":"","meta":{"inline_featured_image":false},"product_brand":[],"product_cat":[430,157],"product_tag":[],"class_list":{"0":"post-11492","1":"product","2":"type-product","3":"status-publish","4":"has-post-thumbnail","6":"product_cat-occlusion-et-obturateurs","7":"product_cat-outillage","9":"first","10":"instock","11":"shipping-taxable","12":"purchasable","13":"product-type-simple"},"yoast_head":"<!-- This site is optimized with the Yoast SEO plugin v25.1 - https:\/\/yoast.com\/wordpress\/plugins\/seo\/ -->\n<title>CA-200 - Cache-\u0153il noir - GOFRAME<\/title>\n<meta name=\"description\" content=\"Cache-oeil m\u00e9dical rigide avec \u00e9lastique noir, dispositif d&#039;ophtalmologie utilis\u00e9 pour traiter certaines pathologies des yeux.\" \/>\n<meta name=\"robots\" content=\"index, follow, max-snippet:-1, max-image-preview:large, max-video-preview:-1\" \/>\n<link rel=\"canonical\" href=\"https:\/\/goframe.be\/produit\/ca-200-cache-oeil-noir\/\" \/>\n<meta property=\"og:locale\" content=\"nl_NL\" \/>\n<meta property=\"og:type\" content=\"article\" \/>\n<meta property=\"og:title\" content=\"CA-200 - Cache-\u0153il noir - GOFRAME\" \/>\n<meta property=\"og:description\" content=\"Cache-oeil m\u00e9dical rigide avec \u00e9lastique noir, dispositif d&#039;ophtalmologie utilis\u00e9 pour traiter certaines pathologies des yeux.\" \/>\n<meta property=\"og:url\" content=\"https:\/\/goframe.be\/produit\/ca-200-cache-oeil-noir\/\" \/>\n<meta property=\"og:site_name\" content=\"GOFRAME\" \/>\n<meta property=\"og:image\" content=\"https:\/\/goframe.be\/wp-content\/uploads\/2022\/07\/CA-200_CACHE-OEIL_NOIR.png\" \/>\n\t<meta property=\"og:image:width\" content=\"400\" \/>\n\t<meta property=\"og:image:height\" content=\"400\" \/>\n\t<meta property=\"og:image:type\" content=\"image\/png\" \/>\n<meta name=\"twitter:card\" content=\"summary_large_image\" \/>\n<script type=\"application\/ld+json\" class=\"yoast-schema-graph\">{\"@context\":\"https:\/\/schema.org\",\"@graph\":[{\"@type\":\"WebPage\",\"@id\":\"https:\/\/goframe.be\/produit\/ca-200-cache-oeil-noir\/\",\"url\":\"https:\/\/goframe.be\/produit\/ca-200-cache-oeil-noir\/\",\"name\":\"CA-200 - Cache-\u0153il noir - GOFRAME\",\"isPartOf\":{\"@id\":\"https:\/\/goframe.be\/#website\"},\"primaryImageOfPage\":{\"@id\":\"https:\/\/goframe.be\/produit\/ca-200-cache-oeil-noir\/#primaryimage\"},\"image\":{\"@id\":\"https:\/\/goframe.be\/produit\/ca-200-cache-oeil-noir\/#primaryimage\"},\"thumbnailUrl\":\"https:\/\/goframe.be\/wp-content\/uploads\/2022\/07\/CA-200_CACHE-OEIL_NOIR.png\",\"datePublished\":\"2023-04-11T16:06:03+00:00\",\"description\":\"Cache-oeil m\u00e9dical rigide avec \u00e9lastique noir, dispositif d'ophtalmologie utilis\u00e9 pour traiter certaines pathologies des yeux.\",\"breadcrumb\":{\"@id\":\"https:\/\/goframe.be\/produit\/ca-200-cache-oeil-noir\/#breadcrumb\"},\"inLanguage\":\"nl-NL\",\"potentialAction\":[{\"@type\":\"ReadAction\",\"target\":[\"https:\/\/goframe.be\/produit\/ca-200-cache-oeil-noir\/\"]}]},{\"@type\":\"ImageObject\",\"inLanguage\":\"nl-NL\",\"@id\":\"https:\/\/goframe.be\/produit\/ca-200-cache-oeil-noir\/#primaryimage\",\"url\":\"https:\/\/goframe.be\/wp-content\/uploads\/2022\/07\/CA-200_CACHE-OEIL_NOIR.png\",\"contentUrl\":\"https:\/\/goframe.be\/wp-content\/uploads\/2022\/07\/CA-200_CACHE-OEIL_NOIR.png\",\"width\":400,\"height\":400},{\"@type\":\"BreadcrumbList\",\"@id\":\"https:\/\/goframe.be\/produit\/ca-200-cache-oeil-noir\/#breadcrumb\",\"itemListElement\":[{\"@type\":\"ListItem\",\"position\":1,\"name\":\"Home\",\"item\":\"https:\/\/goframe.be\/nl\/\"},{\"@type\":\"ListItem\",\"position\":2,\"name\":\"Des produits\",\"item\":\"https:\/\/goframe.be\/des-produits\/\"},{\"@type\":\"ListItem\",\"position\":3,\"name\":\"CA-200 &#8211; Cache-\u0153il noir\"}]},{\"@type\":\"WebSite\",\"@id\":\"https:\/\/goframe.be\/#website\",\"url\":\"https:\/\/goframe.be\/\",\"name\":\"GOFRAME\",\"description\":\"Bruxelles Brabant Namur Li\u00e8ge Hainaut Luxembourg\",\"publisher\":{\"@id\":\"https:\/\/goframe.be\/#organization\"},\"potentialAction\":[{\"@type\":\"SearchAction\",\"target\":{\"@type\":\"EntryPoint\",\"urlTemplate\":\"https:\/\/goframe.be\/?s={search_term_string}\"},\"query-input\":{\"@type\":\"PropertyValueSpecification\",\"valueRequired\":true,\"valueName\":\"search_term_string\"}}],\"inLanguage\":\"nl-NL\"},{\"@type\":\"Organization\",\"@id\":\"https:\/\/goframe.be\/#organization\",\"name\":\"GOFRAME\",\"url\":\"https:\/\/goframe.be\/\",\"logo\":{\"@type\":\"ImageObject\",\"inLanguage\":\"nl-NL\",\"@id\":\"https:\/\/goframe.be\/#\/schema\/logo\/image\/\",\"url\":\"https:\/\/goframe.be\/wp-content\/uploads\/2022\/04\/logo-transparent.png\",\"contentUrl\":\"https:\/\/goframe.be\/wp-content\/uploads\/2022\/04\/logo-transparent.png\",\"width\":323,\"height\":157,\"caption\":\"GOFRAME\"},\"image\":{\"@id\":\"https:\/\/goframe.be\/#\/schema\/logo\/image\/\"}}]}<\/script>\n<!-- \/ Yoast SEO plugin. -->","yoast_head_json":{"title":"CA-200 - Cache-\u0153il noir - GOFRAME","description":"Cache-oeil m\u00e9dical rigide avec \u00e9lastique noir, dispositif d'ophtalmologie utilis\u00e9 pour traiter certaines pathologies des yeux.","robots":{"index":"index","follow":"follow","max-snippet":"max-snippet:-1","max-image-preview":"max-image-preview:large","max-video-preview":"max-video-preview:-1"},"canonical":"https:\/\/goframe.be\/produit\/ca-200-cache-oeil-noir\/","og_locale":"nl_NL","og_type":"article","og_title":"CA-200 - Cache-\u0153il noir - GOFRAME","og_description":"Cache-oeil m\u00e9dical rigide avec \u00e9lastique noir, dispositif d'ophtalmologie utilis\u00e9 pour traiter certaines pathologies des yeux.","og_url":"https:\/\/goframe.be\/produit\/ca-200-cache-oeil-noir\/","og_site_name":"GOFRAME","og_image":[{"width":400,"height":400,"url":"https:\/\/goframe.be\/wp-content\/uploads\/2022\/07\/CA-200_CACHE-OEIL_NOIR.png","type":"image\/png"}],"twitter_card":"summary_large_image","schema":{"@context":"https:\/\/schema.org","@graph":[{"@type":"WebPage","@id":"https:\/\/goframe.be\/produit\/ca-200-cache-oeil-noir\/","url":"https:\/\/goframe.be\/produit\/ca-200-cache-oeil-noir\/","name":"CA-200 - Cache-\u0153il noir - GOFRAME","isPartOf":{"@id":"https:\/\/goframe.be\/#website"},"primaryImageOfPage":{"@id":"https:\/\/goframe.be\/produit\/ca-200-cache-oeil-noir\/#primaryimage"},"image":{"@id":"https:\/\/goframe.be\/produit\/ca-200-cache-oeil-noir\/#primaryimage"},"thumbnailUrl":"https:\/\/goframe.be\/wp-content\/uploads\/2022\/07\/CA-200_CACHE-OEIL_NOIR.png","datePublished":"2023-04-11T16:06:03+00:00","description":"Cache-oeil m\u00e9dical rigide avec \u00e9lastique noir, dispositif d'ophtalmologie utilis\u00e9 pour traiter certaines pathologies des yeux.","breadcrumb":{"@id":"https:\/\/goframe.be\/produit\/ca-200-cache-oeil-noir\/#breadcrumb"},"inLanguage":"nl-NL","potentialAction":[{"@type":"ReadAction","target":["https:\/\/goframe.be\/produit\/ca-200-cache-oeil-noir\/"]}]},{"@type":"ImageObject","inLanguage":"nl-NL","@id":"https:\/\/goframe.be\/produit\/ca-200-cache-oeil-noir\/#primaryimage","url":"https:\/\/goframe.be\/wp-content\/uploads\/2022\/07\/CA-200_CACHE-OEIL_NOIR.png","contentUrl":"https:\/\/goframe.be\/wp-content\/uploads\/2022\/07\/CA-200_CACHE-OEIL_NOIR.png","width":400,"height":400},{"@type":"BreadcrumbList","@id":"https:\/\/goframe.be\/produit\/ca-200-cache-oeil-noir\/#breadcrumb","itemListElement":[{"@type":"ListItem","position":1,"name":"Home","item":"https:\/\/goframe.be\/nl\/"},{"@type":"ListItem","position":2,"name":"Des produits","item":"https:\/\/goframe.be\/des-produits\/"},{"@type":"ListItem","position":3,"name":"CA-200 &#8211; Cache-\u0153il noir"}]},{"@type":"WebSite","@id":"https:\/\/goframe.be\/#website","url":"https:\/\/goframe.be\/","name":"GOFRAME","description":"Bruxelles Brabant Namur Li\u00e8ge Hainaut Luxembourg","publisher":{"@id":"https:\/\/goframe.be\/#organization"},"potentialAction":[{"@type":"SearchAction","target":{"@type":"EntryPoint","urlTemplate":"https:\/\/goframe.be\/?s={search_term_string}"},"query-input":{"@type":"PropertyValueSpecification","valueRequired":true,"valueName":"search_term_string"}}],"inLanguage":"nl-NL"},{"@type":"Organization","@id":"https:\/\/goframe.be\/#organization","name":"GOFRAME","url":"https:\/\/goframe.be\/","logo":{"@type":"ImageObject","inLanguage":"nl-NL","@id":"https:\/\/goframe.be\/#\/schema\/logo\/image\/","url":"https:\/\/goframe.be\/wp-content\/uploads\/2022\/04\/logo-transparent.png","contentUrl":"https:\/\/goframe.be\/wp-content\/uploads\/2022\/04\/logo-transparent.png","width":323,"height":157,"caption":"GOFRAME"},"image":{"@id":"https:\/\/goframe.be\/#\/schema\/logo\/image\/"}}]}},"_links":{"self":[{"href":"https:\/\/goframe.be\/nl\/wp-json\/wp\/v2\/product\/11492","targetHints":{"allow":["GET"]}}],"collection":[{"href":"https:\/\/goframe.be\/nl\/wp-json\/wp\/v2\/product"}],"about":[{"href":"https:\/\/goframe.be\/nl\/wp-json\/wp\/v2\/types\/product"}],"version-history":[{"count":2,"href":"https:\/\/goframe.be\/nl\/wp-json\/wp\/v2\/product\/11492\/revisions"}],"predecessor-version":[{"id":11506,"href":"https:\/\/goframe.be\/nl\/wp-json\/wp\/v2\/product\/11492\/revisions\/11506"}],"wp:featuredmedia":[{"embeddable":true,"href":"https:\/\/goframe.be\/nl\/wp-json\/wp\/v2\/media\/11493"}],"wp:attachment":[{"href":"https:\/\/goframe.be\/nl\/wp-json\/wp\/v2\/media?parent=11492"}],"wp:term":[{"taxonomy":"product_brand","embeddable":true,"href":"https:\/\/goframe.be\/nl\/wp-json\/wp\/v2\/product_brand?post=11492"},{"taxonomy":"product_cat","embeddable":true,"href":"https:\/\/goframe.be\/nl\/wp-json\/wp\/v2\/product_cat?post=11492"},{"taxonomy":"product_tag","embeddable":true,"href":"https:\/\/goframe.be\/nl\/wp-json\/wp\/v2\/product_tag?post=11492"}],"curies":[{"name":"wp","href":"https:\/\/api.w.org\/{rel}","templated":true}]}}