{"id":11484,"date":"2023-04-11T18:04:31","date_gmt":"2023-04-11T16:04:31","guid":{"rendered":"https:\/\/goframe.be\/?post_type=product&#038;p=11484"},"modified":"2024-02-23T11:50:01","modified_gmt":"2024-02-23T10:50:01","slug":"br-106-brucelle-a-tenir-les-vis-pointes-etroites","status":"publish","type":"product","link":"https:\/\/goframe.be\/nl\/produit\/br-106-brucelle-a-tenir-les-vis-pointes-etroites\/","title":{"rendered":"BR-106 &#8211; BRUCELLE A TENIR LES VIS (pointes \u00e9troites)"},"content":{"rendered":"","protected":false},"excerpt":{"rendered":"<p>Brucelles en acier inoxydable pour tenir les vis (pointes \u00e9troites), parfaite pour remettre une vis dans un endroit difficile d&#8217;acc\u00e8s.<\/p>\n","protected":false},"featured_media":11485,"template":"","meta":{"inline_featured_image":false},"product_brand":[],"product_cat":[436,157,158],"product_tag":[],"class_list":{"0":"post-11484","1":"product","2":"type-product","3":"status-publish","4":"has-post-thumbnail","6":"product_cat-brucelles","7":"product_cat-outillage","8":"product_cat-pinces-et-brucelles","10":"first","11":"instock","12":"shipping-taxable","13":"purchasable","14":"product-type-simple"},"yoast_head":"<!-- This site is optimized with the Yoast SEO plugin v25.1 - https:\/\/yoast.com\/wordpress\/plugins\/seo\/ -->\n<title>BR-106 - BRUCELLE A TENIR LES VIS (pointes \u00e9troites) - GOFRAME<\/title>\n<meta name=\"description\" content=\"Brucelles en acier inoxydable pour tenir les vis (pointes \u00e9troites), parfaite pour remettre une vis dans un endroit difficile d&#039;acc\u00e8s.\" \/>\n<meta name=\"robots\" content=\"index, follow, max-snippet:-1, max-image-preview:large, max-video-preview:-1\" \/>\n<link rel=\"canonical\" href=\"https:\/\/goframe.be\/produit\/br-106-brucelle-a-tenir-les-vis-pointes-etroites\/\" \/>\n<meta property=\"og:locale\" content=\"nl_NL\" \/>\n<meta property=\"og:type\" content=\"article\" \/>\n<meta property=\"og:title\" content=\"BR-106 - BRUCELLE A TENIR LES VIS (pointes \u00e9troites) - GOFRAME\" \/>\n<meta property=\"og:description\" content=\"Brucelles en acier inoxydable pour tenir les vis (pointes \u00e9troites), parfaite pour remettre une vis dans un endroit difficile d&#039;acc\u00e8s.\" \/>\n<meta property=\"og:url\" content=\"https:\/\/goframe.be\/produit\/br-106-brucelle-a-tenir-les-vis-pointes-etroites\/\" \/>\n<meta property=\"og:site_name\" content=\"GOFRAME\" \/>\n<meta property=\"article:modified_time\" content=\"2024-02-23T10:50:01+00:00\" \/>\n<meta property=\"og:image\" content=\"https:\/\/goframe.be\/wp-content\/uploads\/2022\/07\/Brucelle_a_tenir_les_vis_BR-106.png\" \/>\n\t<meta property=\"og:image:width\" content=\"400\" \/>\n\t<meta property=\"og:image:height\" content=\"400\" \/>\n\t<meta property=\"og:image:type\" content=\"image\/png\" \/>\n<meta name=\"twitter:card\" content=\"summary_large_image\" \/>\n<script type=\"application\/ld+json\" class=\"yoast-schema-graph\">{\"@context\":\"https:\/\/schema.org\",\"@graph\":[{\"@type\":\"WebPage\",\"@id\":\"https:\/\/goframe.be\/produit\/br-106-brucelle-a-tenir-les-vis-pointes-etroites\/\",\"url\":\"https:\/\/goframe.be\/produit\/br-106-brucelle-a-tenir-les-vis-pointes-etroites\/\",\"name\":\"BR-106 - BRUCELLE A TENIR LES VIS (pointes \u00e9troites) - GOFRAME\",\"isPartOf\":{\"@id\":\"https:\/\/goframe.be\/#website\"},\"primaryImageOfPage\":{\"@id\":\"https:\/\/goframe.be\/produit\/br-106-brucelle-a-tenir-les-vis-pointes-etroites\/#primaryimage\"},\"image\":{\"@id\":\"https:\/\/goframe.be\/produit\/br-106-brucelle-a-tenir-les-vis-pointes-etroites\/#primaryimage\"},\"thumbnailUrl\":\"https:\/\/goframe.be\/wp-content\/uploads\/2022\/07\/Brucelle_a_tenir_les_vis_BR-106.png\",\"datePublished\":\"2023-04-11T16:04:31+00:00\",\"dateModified\":\"2024-02-23T10:50:01+00:00\",\"description\":\"Brucelles en acier inoxydable pour tenir les vis (pointes \u00e9troites), parfaite pour remettre une vis dans un endroit difficile d'acc\u00e8s.\",\"breadcrumb\":{\"@id\":\"https:\/\/goframe.be\/produit\/br-106-brucelle-a-tenir-les-vis-pointes-etroites\/#breadcrumb\"},\"inLanguage\":\"nl-NL\",\"potentialAction\":[{\"@type\":\"ReadAction\",\"target\":[\"https:\/\/goframe.be\/produit\/br-106-brucelle-a-tenir-les-vis-pointes-etroites\/\"]}]},{\"@type\":\"ImageObject\",\"inLanguage\":\"nl-NL\",\"@id\":\"https:\/\/goframe.be\/produit\/br-106-brucelle-a-tenir-les-vis-pointes-etroites\/#primaryimage\",\"url\":\"https:\/\/goframe.be\/wp-content\/uploads\/2022\/07\/Brucelle_a_tenir_les_vis_BR-106.png\",\"contentUrl\":\"https:\/\/goframe.be\/wp-content\/uploads\/2022\/07\/Brucelle_a_tenir_les_vis_BR-106.png\",\"width\":400,\"height\":400},{\"@type\":\"BreadcrumbList\",\"@id\":\"https:\/\/goframe.be\/produit\/br-106-brucelle-a-tenir-les-vis-pointes-etroites\/#breadcrumb\",\"itemListElement\":[{\"@type\":\"ListItem\",\"position\":1,\"name\":\"Home\",\"item\":\"https:\/\/goframe.be\/nl\/\"},{\"@type\":\"ListItem\",\"position\":2,\"name\":\"Des produits\",\"item\":\"https:\/\/goframe.be\/des-produits\/\"},{\"@type\":\"ListItem\",\"position\":3,\"name\":\"BR-106 &#8211; BRUCELLE A TENIR LES VIS (pointes \u00e9troites)\"}]},{\"@type\":\"WebSite\",\"@id\":\"https:\/\/goframe.be\/#website\",\"url\":\"https:\/\/goframe.be\/\",\"name\":\"GOFRAME\",\"description\":\"Bruxelles Brabant Namur Li\u00e8ge Hainaut Luxembourg\",\"publisher\":{\"@id\":\"https:\/\/goframe.be\/#organization\"},\"potentialAction\":[{\"@type\":\"SearchAction\",\"target\":{\"@type\":\"EntryPoint\",\"urlTemplate\":\"https:\/\/goframe.be\/?s={search_term_string}\"},\"query-input\":{\"@type\":\"PropertyValueSpecification\",\"valueRequired\":true,\"valueName\":\"search_term_string\"}}],\"inLanguage\":\"nl-NL\"},{\"@type\":\"Organization\",\"@id\":\"https:\/\/goframe.be\/#organization\",\"name\":\"GOFRAME\",\"url\":\"https:\/\/goframe.be\/\",\"logo\":{\"@type\":\"ImageObject\",\"inLanguage\":\"nl-NL\",\"@id\":\"https:\/\/goframe.be\/#\/schema\/logo\/image\/\",\"url\":\"https:\/\/goframe.be\/wp-content\/uploads\/2022\/04\/logo-transparent.png\",\"contentUrl\":\"https:\/\/goframe.be\/wp-content\/uploads\/2022\/04\/logo-transparent.png\",\"width\":323,\"height\":157,\"caption\":\"GOFRAME\"},\"image\":{\"@id\":\"https:\/\/goframe.be\/#\/schema\/logo\/image\/\"}}]}<\/script>\n<!-- \/ Yoast SEO plugin. -->","yoast_head_json":{"title":"BR-106 - BRUCELLE A TENIR LES VIS (pointes \u00e9troites) - GOFRAME","description":"Brucelles en acier inoxydable pour tenir les vis (pointes \u00e9troites), parfaite pour remettre une vis dans un endroit difficile d'acc\u00e8s.","robots":{"index":"index","follow":"follow","max-snippet":"max-snippet:-1","max-image-preview":"max-image-preview:large","max-video-preview":"max-video-preview:-1"},"canonical":"https:\/\/goframe.be\/produit\/br-106-brucelle-a-tenir-les-vis-pointes-etroites\/","og_locale":"nl_NL","og_type":"article","og_title":"BR-106 - BRUCELLE A TENIR LES VIS (pointes \u00e9troites) - GOFRAME","og_description":"Brucelles en acier inoxydable pour tenir les vis (pointes \u00e9troites), parfaite pour remettre une vis dans un endroit difficile d'acc\u00e8s.","og_url":"https:\/\/goframe.be\/produit\/br-106-brucelle-a-tenir-les-vis-pointes-etroites\/","og_site_name":"GOFRAME","article_modified_time":"2024-02-23T10:50:01+00:00","og_image":[{"width":400,"height":400,"url":"https:\/\/goframe.be\/wp-content\/uploads\/2022\/07\/Brucelle_a_tenir_les_vis_BR-106.png","type":"image\/png"}],"twitter_card":"summary_large_image","schema":{"@context":"https:\/\/schema.org","@graph":[{"@type":"WebPage","@id":"https:\/\/goframe.be\/produit\/br-106-brucelle-a-tenir-les-vis-pointes-etroites\/","url":"https:\/\/goframe.be\/produit\/br-106-brucelle-a-tenir-les-vis-pointes-etroites\/","name":"BR-106 - BRUCELLE A TENIR LES VIS (pointes \u00e9troites) - GOFRAME","isPartOf":{"@id":"https:\/\/goframe.be\/#website"},"primaryImageOfPage":{"@id":"https:\/\/goframe.be\/produit\/br-106-brucelle-a-tenir-les-vis-pointes-etroites\/#primaryimage"},"image":{"@id":"https:\/\/goframe.be\/produit\/br-106-brucelle-a-tenir-les-vis-pointes-etroites\/#primaryimage"},"thumbnailUrl":"https:\/\/goframe.be\/wp-content\/uploads\/2022\/07\/Brucelle_a_tenir_les_vis_BR-106.png","datePublished":"2023-04-11T16:04:31+00:00","dateModified":"2024-02-23T10:50:01+00:00","description":"Brucelles en acier inoxydable pour tenir les vis (pointes \u00e9troites), parfaite pour remettre une vis dans un endroit difficile d'acc\u00e8s.","breadcrumb":{"@id":"https:\/\/goframe.be\/produit\/br-106-brucelle-a-tenir-les-vis-pointes-etroites\/#breadcrumb"},"inLanguage":"nl-NL","potentialAction":[{"@type":"ReadAction","target":["https:\/\/goframe.be\/produit\/br-106-brucelle-a-tenir-les-vis-pointes-etroites\/"]}]},{"@type":"ImageObject","inLanguage":"nl-NL","@id":"https:\/\/goframe.be\/produit\/br-106-brucelle-a-tenir-les-vis-pointes-etroites\/#primaryimage","url":"https:\/\/goframe.be\/wp-content\/uploads\/2022\/07\/Brucelle_a_tenir_les_vis_BR-106.png","contentUrl":"https:\/\/goframe.be\/wp-content\/uploads\/2022\/07\/Brucelle_a_tenir_les_vis_BR-106.png","width":400,"height":400},{"@type":"BreadcrumbList","@id":"https:\/\/goframe.be\/produit\/br-106-brucelle-a-tenir-les-vis-pointes-etroites\/#breadcrumb","itemListElement":[{"@type":"ListItem","position":1,"name":"Home","item":"https:\/\/goframe.be\/nl\/"},{"@type":"ListItem","position":2,"name":"Des produits","item":"https:\/\/goframe.be\/des-produits\/"},{"@type":"ListItem","position":3,"name":"BR-106 &#8211; BRUCELLE A TENIR LES VIS (pointes \u00e9troites)"}]},{"@type":"WebSite","@id":"https:\/\/goframe.be\/#website","url":"https:\/\/goframe.be\/","name":"GOFRAME","description":"Bruxelles Brabant Namur Li\u00e8ge Hainaut Luxembourg","publisher":{"@id":"https:\/\/goframe.be\/#organization"},"potentialAction":[{"@type":"SearchAction","target":{"@type":"EntryPoint","urlTemplate":"https:\/\/goframe.be\/?s={search_term_string}"},"query-input":{"@type":"PropertyValueSpecification","valueRequired":true,"valueName":"search_term_string"}}],"inLanguage":"nl-NL"},{"@type":"Organization","@id":"https:\/\/goframe.be\/#organization","name":"GOFRAME","url":"https:\/\/goframe.be\/","logo":{"@type":"ImageObject","inLanguage":"nl-NL","@id":"https:\/\/goframe.be\/#\/schema\/logo\/image\/","url":"https:\/\/goframe.be\/wp-content\/uploads\/2022\/04\/logo-transparent.png","contentUrl":"https:\/\/goframe.be\/wp-content\/uploads\/2022\/04\/logo-transparent.png","width":323,"height":157,"caption":"GOFRAME"},"image":{"@id":"https:\/\/goframe.be\/#\/schema\/logo\/image\/"}}]}},"_links":{"self":[{"href":"https:\/\/goframe.be\/nl\/wp-json\/wp\/v2\/product\/11484","targetHints":{"allow":["GET"]}}],"collection":[{"href":"https:\/\/goframe.be\/nl\/wp-json\/wp\/v2\/product"}],"about":[{"href":"https:\/\/goframe.be\/nl\/wp-json\/wp\/v2\/types\/product"}],"version-history":[{"count":2,"href":"https:\/\/goframe.be\/nl\/wp-json\/wp\/v2\/product\/11484\/revisions"}],"predecessor-version":[{"id":11508,"href":"https:\/\/goframe.be\/nl\/wp-json\/wp\/v2\/product\/11484\/revisions\/11508"}],"wp:featuredmedia":[{"embeddable":true,"href":"https:\/\/goframe.be\/nl\/wp-json\/wp\/v2\/media\/11485"}],"wp:attachment":[{"href":"https:\/\/goframe.be\/nl\/wp-json\/wp\/v2\/media?parent=11484"}],"wp:term":[{"taxonomy":"product_brand","embeddable":true,"href":"https:\/\/goframe.be\/nl\/wp-json\/wp\/v2\/product_brand?post=11484"},{"taxonomy":"product_cat","embeddable":true,"href":"https:\/\/goframe.be\/nl\/wp-json\/wp\/v2\/product_cat?post=11484"},{"taxonomy":"product_tag","embeddable":true,"href":"https:\/\/goframe.be\/nl\/wp-json\/wp\/v2\/product_tag?post=11484"}],"curies":[{"name":"wp","href":"https:\/\/api.w.org\/{rel}","templated":true}]}}