{"id":11449,"date":"2023-04-11T18:02:27","date_gmt":"2023-04-11T16:02:27","guid":{"rendered":"https:\/\/goframe.be\/?post_type=product&#038;p=11449"},"modified":"2023-04-11T18:02:27","modified_gmt":"2023-04-11T16:02:27","slug":"br-74-brossettes-en-feutre-2-pieces","status":"publish","type":"product","link":"https:\/\/goframe.be\/nl\/produit\/br-74-brossettes-en-feutre-2-pieces\/","title":{"rendered":"BR-74 &#8211; Brossettes en feutre 2 pi\u00e8ces"},"content":{"rendered":"","protected":false},"excerpt":{"rendered":"<p>Brossette cylindrique diam\u00e8tre 10mm tige de 2.35mm, \u00e0 utiliser avec notre p\u00e2te \u00e0 polir CO-200-CO201-CO202<\/p>\n","protected":false},"featured_media":11450,"template":"","meta":{"inline_featured_image":false},"product_brand":[],"product_cat":[157,164],"product_tag":[],"class_list":{"0":"post-11449","1":"product","2":"type-product","3":"status-publish","4":"has-post-thumbnail","6":"product_cat-outillage","7":"product_cat-polissage","9":"first","10":"instock","11":"shipping-taxable","12":"purchasable","13":"product-type-simple"},"yoast_head":"<!-- This site is optimized with the Yoast SEO plugin v25.1 - https:\/\/yoast.com\/wordpress\/plugins\/seo\/ -->\n<title>BR-74 - Brossettes en feutre 2 pi\u00e8ces - GOFRAME<\/title>\n<meta name=\"description\" content=\"Brossette cylindrique diam\u00e8tre 10mm tige de 2.35mm, \u00e0 utiliser avec notre p\u00e2te \u00e0 polir C0202 CO-200-201-202\" \/>\n<meta name=\"robots\" content=\"index, follow, max-snippet:-1, max-image-preview:large, max-video-preview:-1\" \/>\n<link rel=\"canonical\" href=\"https:\/\/goframe.be\/produit\/br-74-brossettes-en-feutre-2-pieces\/\" \/>\n<meta property=\"og:locale\" content=\"nl_NL\" \/>\n<meta property=\"og:type\" content=\"article\" \/>\n<meta property=\"og:title\" content=\"BR-74 - Brossettes en feutre 2 pi\u00e8ces - GOFRAME\" \/>\n<meta property=\"og:description\" content=\"Brossette cylindrique diam\u00e8tre 10mm tige de 2.35mm, \u00e0 utiliser avec notre p\u00e2te \u00e0 polir C0202 CO-200-201-202\" \/>\n<meta property=\"og:url\" content=\"https:\/\/goframe.be\/produit\/br-74-brossettes-en-feutre-2-pieces\/\" \/>\n<meta property=\"og:site_name\" content=\"GOFRAME\" \/>\n<meta property=\"og:image\" content=\"https:\/\/goframe.be\/wp-content\/uploads\/2022\/07\/BR-74_BROSSETTE_EN_FEUTRE_2_PIECES.png\" \/>\n\t<meta property=\"og:image:width\" content=\"400\" \/>\n\t<meta property=\"og:image:height\" content=\"400\" \/>\n\t<meta property=\"og:image:type\" content=\"image\/png\" \/>\n<meta name=\"twitter:card\" content=\"summary_large_image\" \/>\n<script type=\"application\/ld+json\" class=\"yoast-schema-graph\">{\"@context\":\"https:\/\/schema.org\",\"@graph\":[{\"@type\":\"WebPage\",\"@id\":\"https:\/\/goframe.be\/produit\/br-74-brossettes-en-feutre-2-pieces\/\",\"url\":\"https:\/\/goframe.be\/produit\/br-74-brossettes-en-feutre-2-pieces\/\",\"name\":\"BR-74 - Brossettes en feutre 2 pi\u00e8ces - GOFRAME\",\"isPartOf\":{\"@id\":\"https:\/\/goframe.be\/#website\"},\"primaryImageOfPage\":{\"@id\":\"https:\/\/goframe.be\/produit\/br-74-brossettes-en-feutre-2-pieces\/#primaryimage\"},\"image\":{\"@id\":\"https:\/\/goframe.be\/produit\/br-74-brossettes-en-feutre-2-pieces\/#primaryimage\"},\"thumbnailUrl\":\"https:\/\/goframe.be\/wp-content\/uploads\/2022\/07\/BR-74_BROSSETTE_EN_FEUTRE_2_PIECES.png\",\"datePublished\":\"2023-04-11T16:02:27+00:00\",\"description\":\"Brossette cylindrique diam\u00e8tre 10mm tige de 2.35mm, \u00e0 utiliser avec notre p\u00e2te \u00e0 polir C0202 CO-200-201-202\",\"breadcrumb\":{\"@id\":\"https:\/\/goframe.be\/produit\/br-74-brossettes-en-feutre-2-pieces\/#breadcrumb\"},\"inLanguage\":\"nl-NL\",\"potentialAction\":[{\"@type\":\"ReadAction\",\"target\":[\"https:\/\/goframe.be\/produit\/br-74-brossettes-en-feutre-2-pieces\/\"]}]},{\"@type\":\"ImageObject\",\"inLanguage\":\"nl-NL\",\"@id\":\"https:\/\/goframe.be\/produit\/br-74-brossettes-en-feutre-2-pieces\/#primaryimage\",\"url\":\"https:\/\/goframe.be\/wp-content\/uploads\/2022\/07\/BR-74_BROSSETTE_EN_FEUTRE_2_PIECES.png\",\"contentUrl\":\"https:\/\/goframe.be\/wp-content\/uploads\/2022\/07\/BR-74_BROSSETTE_EN_FEUTRE_2_PIECES.png\",\"width\":400,\"height\":400},{\"@type\":\"BreadcrumbList\",\"@id\":\"https:\/\/goframe.be\/produit\/br-74-brossettes-en-feutre-2-pieces\/#breadcrumb\",\"itemListElement\":[{\"@type\":\"ListItem\",\"position\":1,\"name\":\"Home\",\"item\":\"https:\/\/goframe.be\/nl\/\"},{\"@type\":\"ListItem\",\"position\":2,\"name\":\"Des produits\",\"item\":\"https:\/\/goframe.be\/des-produits\/\"},{\"@type\":\"ListItem\",\"position\":3,\"name\":\"BR-74 &#8211; Brossettes en feutre 2 pi\u00e8ces\"}]},{\"@type\":\"WebSite\",\"@id\":\"https:\/\/goframe.be\/#website\",\"url\":\"https:\/\/goframe.be\/\",\"name\":\"GOFRAME\",\"description\":\"Bruxelles Brabant Namur Li\u00e8ge Hainaut Luxembourg\",\"publisher\":{\"@id\":\"https:\/\/goframe.be\/#organization\"},\"potentialAction\":[{\"@type\":\"SearchAction\",\"target\":{\"@type\":\"EntryPoint\",\"urlTemplate\":\"https:\/\/goframe.be\/?s={search_term_string}\"},\"query-input\":{\"@type\":\"PropertyValueSpecification\",\"valueRequired\":true,\"valueName\":\"search_term_string\"}}],\"inLanguage\":\"nl-NL\"},{\"@type\":\"Organization\",\"@id\":\"https:\/\/goframe.be\/#organization\",\"name\":\"GOFRAME\",\"url\":\"https:\/\/goframe.be\/\",\"logo\":{\"@type\":\"ImageObject\",\"inLanguage\":\"nl-NL\",\"@id\":\"https:\/\/goframe.be\/#\/schema\/logo\/image\/\",\"url\":\"https:\/\/goframe.be\/wp-content\/uploads\/2022\/04\/logo-transparent.png\",\"contentUrl\":\"https:\/\/goframe.be\/wp-content\/uploads\/2022\/04\/logo-transparent.png\",\"width\":323,\"height\":157,\"caption\":\"GOFRAME\"},\"image\":{\"@id\":\"https:\/\/goframe.be\/#\/schema\/logo\/image\/\"}}]}<\/script>\n<!-- \/ Yoast SEO plugin. -->","yoast_head_json":{"title":"BR-74 - Brossettes en feutre 2 pi\u00e8ces - GOFRAME","description":"Brossette cylindrique diam\u00e8tre 10mm tige de 2.35mm, \u00e0 utiliser avec notre p\u00e2te \u00e0 polir C0202 CO-200-201-202","robots":{"index":"index","follow":"follow","max-snippet":"max-snippet:-1","max-image-preview":"max-image-preview:large","max-video-preview":"max-video-preview:-1"},"canonical":"https:\/\/goframe.be\/produit\/br-74-brossettes-en-feutre-2-pieces\/","og_locale":"nl_NL","og_type":"article","og_title":"BR-74 - Brossettes en feutre 2 pi\u00e8ces - GOFRAME","og_description":"Brossette cylindrique diam\u00e8tre 10mm tige de 2.35mm, \u00e0 utiliser avec notre p\u00e2te \u00e0 polir C0202 CO-200-201-202","og_url":"https:\/\/goframe.be\/produit\/br-74-brossettes-en-feutre-2-pieces\/","og_site_name":"GOFRAME","og_image":[{"width":400,"height":400,"url":"https:\/\/goframe.be\/wp-content\/uploads\/2022\/07\/BR-74_BROSSETTE_EN_FEUTRE_2_PIECES.png","type":"image\/png"}],"twitter_card":"summary_large_image","schema":{"@context":"https:\/\/schema.org","@graph":[{"@type":"WebPage","@id":"https:\/\/goframe.be\/produit\/br-74-brossettes-en-feutre-2-pieces\/","url":"https:\/\/goframe.be\/produit\/br-74-brossettes-en-feutre-2-pieces\/","name":"BR-74 - Brossettes en feutre 2 pi\u00e8ces - GOFRAME","isPartOf":{"@id":"https:\/\/goframe.be\/#website"},"primaryImageOfPage":{"@id":"https:\/\/goframe.be\/produit\/br-74-brossettes-en-feutre-2-pieces\/#primaryimage"},"image":{"@id":"https:\/\/goframe.be\/produit\/br-74-brossettes-en-feutre-2-pieces\/#primaryimage"},"thumbnailUrl":"https:\/\/goframe.be\/wp-content\/uploads\/2022\/07\/BR-74_BROSSETTE_EN_FEUTRE_2_PIECES.png","datePublished":"2023-04-11T16:02:27+00:00","description":"Brossette cylindrique diam\u00e8tre 10mm tige de 2.35mm, \u00e0 utiliser avec notre p\u00e2te \u00e0 polir C0202 CO-200-201-202","breadcrumb":{"@id":"https:\/\/goframe.be\/produit\/br-74-brossettes-en-feutre-2-pieces\/#breadcrumb"},"inLanguage":"nl-NL","potentialAction":[{"@type":"ReadAction","target":["https:\/\/goframe.be\/produit\/br-74-brossettes-en-feutre-2-pieces\/"]}]},{"@type":"ImageObject","inLanguage":"nl-NL","@id":"https:\/\/goframe.be\/produit\/br-74-brossettes-en-feutre-2-pieces\/#primaryimage","url":"https:\/\/goframe.be\/wp-content\/uploads\/2022\/07\/BR-74_BROSSETTE_EN_FEUTRE_2_PIECES.png","contentUrl":"https:\/\/goframe.be\/wp-content\/uploads\/2022\/07\/BR-74_BROSSETTE_EN_FEUTRE_2_PIECES.png","width":400,"height":400},{"@type":"BreadcrumbList","@id":"https:\/\/goframe.be\/produit\/br-74-brossettes-en-feutre-2-pieces\/#breadcrumb","itemListElement":[{"@type":"ListItem","position":1,"name":"Home","item":"https:\/\/goframe.be\/nl\/"},{"@type":"ListItem","position":2,"name":"Des produits","item":"https:\/\/goframe.be\/des-produits\/"},{"@type":"ListItem","position":3,"name":"BR-74 &#8211; Brossettes en feutre 2 pi\u00e8ces"}]},{"@type":"WebSite","@id":"https:\/\/goframe.be\/#website","url":"https:\/\/goframe.be\/","name":"GOFRAME","description":"Bruxelles Brabant Namur Li\u00e8ge Hainaut Luxembourg","publisher":{"@id":"https:\/\/goframe.be\/#organization"},"potentialAction":[{"@type":"SearchAction","target":{"@type":"EntryPoint","urlTemplate":"https:\/\/goframe.be\/?s={search_term_string}"},"query-input":{"@type":"PropertyValueSpecification","valueRequired":true,"valueName":"search_term_string"}}],"inLanguage":"nl-NL"},{"@type":"Organization","@id":"https:\/\/goframe.be\/#organization","name":"GOFRAME","url":"https:\/\/goframe.be\/","logo":{"@type":"ImageObject","inLanguage":"nl-NL","@id":"https:\/\/goframe.be\/#\/schema\/logo\/image\/","url":"https:\/\/goframe.be\/wp-content\/uploads\/2022\/04\/logo-transparent.png","contentUrl":"https:\/\/goframe.be\/wp-content\/uploads\/2022\/04\/logo-transparent.png","width":323,"height":157,"caption":"GOFRAME"},"image":{"@id":"https:\/\/goframe.be\/#\/schema\/logo\/image\/"}}]}},"_links":{"self":[{"href":"https:\/\/goframe.be\/nl\/wp-json\/wp\/v2\/product\/11449","targetHints":{"allow":["GET"]}}],"collection":[{"href":"https:\/\/goframe.be\/nl\/wp-json\/wp\/v2\/product"}],"about":[{"href":"https:\/\/goframe.be\/nl\/wp-json\/wp\/v2\/types\/product"}],"version-history":[{"count":3,"href":"https:\/\/goframe.be\/nl\/wp-json\/wp\/v2\/product\/11449\/revisions"}],"predecessor-version":[{"id":11511,"href":"https:\/\/goframe.be\/nl\/wp-json\/wp\/v2\/product\/11449\/revisions\/11511"}],"wp:featuredmedia":[{"embeddable":true,"href":"https:\/\/goframe.be\/nl\/wp-json\/wp\/v2\/media\/11450"}],"wp:attachment":[{"href":"https:\/\/goframe.be\/nl\/wp-json\/wp\/v2\/media?parent=11449"}],"wp:term":[{"taxonomy":"product_brand","embeddable":true,"href":"https:\/\/goframe.be\/nl\/wp-json\/wp\/v2\/product_brand?post=11449"},{"taxonomy":"product_cat","embeddable":true,"href":"https:\/\/goframe.be\/nl\/wp-json\/wp\/v2\/product_cat?post=11449"},{"taxonomy":"product_tag","embeddable":true,"href":"https:\/\/goframe.be\/nl\/wp-json\/wp\/v2\/product_tag?post=11449"}],"curies":[{"name":"wp","href":"https:\/\/api.w.org\/{rel}","templated":true}]}}