{"id":11382,"date":"2022-11-23T17:33:06","date_gmt":"2022-11-23T16:33:06","guid":{"rendered":"https:\/\/goframe.be\/?post_type=product&#038;p=11382"},"modified":"2022-11-23T17:33:07","modified_gmt":"2022-11-23T16:33:07","slug":"fo-600-assortiment-de-forets-en-carbure-0-8-a-2-0mm","status":"publish","type":"product","link":"https:\/\/goframe.be\/nl\/produit\/fo-600-assortiment-de-forets-en-carbure-0-8-a-2-0mm\/","title":{"rendered":"FO-600 &#8211; Assortiment de forets en carbure (0.8 \u00e0 2.0mm)"},"content":{"rendered":"","protected":false},"excerpt":{"rendered":"<p>Assortiment de 10 forets, en carbure de tungst\u00e8ne, diam\u00e8tre de 0.8 \u00e0 2 mm pour le per\u00e7age des verres.<\/p>\n<p>\u00c9galement disponible \u00e0 la pi\u00e8ce.<\/p>\n","protected":false},"featured_media":11404,"template":"","meta":{"inline_featured_image":false},"product_brand":[],"product_cat":[157,166],"product_tag":[],"class_list":{"0":"post-11382","1":"product","2":"type-product","3":"status-publish","4":"has-post-thumbnail","6":"product_cat-outillage","7":"product_cat-percage","9":"first","10":"instock","11":"shipping-taxable","12":"purchasable","13":"product-type-simple"},"yoast_head":"<!-- This site is optimized with the Yoast SEO plugin v25.1 - https:\/\/yoast.com\/wordpress\/plugins\/seo\/ -->\n<title>FO-600 - Assortiment de forets en carbure (0.8 \u00e0 2.0mm) - GOFRAME<\/title>\n<meta name=\"description\" content=\"Assortiment de 10 forets, en carbure de tungst\u00e8ne, diam\u00e8tre de 0.8 \u00e0 2 mm pour le per\u00e7age des verres.\" \/>\n<meta name=\"robots\" content=\"index, follow, max-snippet:-1, max-image-preview:large, max-video-preview:-1\" \/>\n<link rel=\"canonical\" href=\"https:\/\/goframe.be\/produit\/fo-600-assortiment-de-forets-en-carbure-0-8-a-2-0mm\/\" \/>\n<meta property=\"og:locale\" content=\"nl_NL\" \/>\n<meta property=\"og:type\" content=\"article\" \/>\n<meta property=\"og:title\" content=\"FO-600 - Assortiment de forets en carbure (0.8 \u00e0 2.0mm) - GOFRAME\" \/>\n<meta property=\"og:description\" content=\"Assortiment de 10 forets, en carbure de tungst\u00e8ne, diam\u00e8tre de 0.8 \u00e0 2 mm pour le per\u00e7age des verres.\" \/>\n<meta property=\"og:url\" content=\"https:\/\/goframe.be\/produit\/fo-600-assortiment-de-forets-en-carbure-0-8-a-2-0mm\/\" \/>\n<meta property=\"og:site_name\" content=\"GOFRAME\" \/>\n<meta property=\"article:modified_time\" content=\"2022-11-23T16:33:07+00:00\" \/>\n<meta property=\"og:image\" content=\"https:\/\/goframe.be\/wp-content\/uploads\/2022\/07\/Assortiment_de_forets_en_carbure_FO-600.png\" \/>\n\t<meta property=\"og:image:width\" content=\"400\" \/>\n\t<meta property=\"og:image:height\" content=\"400\" \/>\n\t<meta property=\"og:image:type\" content=\"image\/png\" \/>\n<meta name=\"twitter:card\" content=\"summary_large_image\" \/>\n<script type=\"application\/ld+json\" class=\"yoast-schema-graph\">{\"@context\":\"https:\/\/schema.org\",\"@graph\":[{\"@type\":\"WebPage\",\"@id\":\"https:\/\/goframe.be\/produit\/fo-600-assortiment-de-forets-en-carbure-0-8-a-2-0mm\/\",\"url\":\"https:\/\/goframe.be\/produit\/fo-600-assortiment-de-forets-en-carbure-0-8-a-2-0mm\/\",\"name\":\"FO-600 - Assortiment de forets en carbure (0.8 \u00e0 2.0mm) - GOFRAME\",\"isPartOf\":{\"@id\":\"https:\/\/goframe.be\/#website\"},\"primaryImageOfPage\":{\"@id\":\"https:\/\/goframe.be\/produit\/fo-600-assortiment-de-forets-en-carbure-0-8-a-2-0mm\/#primaryimage\"},\"image\":{\"@id\":\"https:\/\/goframe.be\/produit\/fo-600-assortiment-de-forets-en-carbure-0-8-a-2-0mm\/#primaryimage\"},\"thumbnailUrl\":\"https:\/\/goframe.be\/wp-content\/uploads\/2022\/07\/Assortiment_de_forets_en_carbure_FO-600.png\",\"datePublished\":\"2022-11-23T16:33:06+00:00\",\"dateModified\":\"2022-11-23T16:33:07+00:00\",\"description\":\"Assortiment de 10 forets, en carbure de tungst\u00e8ne, diam\u00e8tre de 0.8 \u00e0 2 mm pour le per\u00e7age des verres.\",\"breadcrumb\":{\"@id\":\"https:\/\/goframe.be\/produit\/fo-600-assortiment-de-forets-en-carbure-0-8-a-2-0mm\/#breadcrumb\"},\"inLanguage\":\"nl-NL\",\"potentialAction\":[{\"@type\":\"ReadAction\",\"target\":[\"https:\/\/goframe.be\/produit\/fo-600-assortiment-de-forets-en-carbure-0-8-a-2-0mm\/\"]}]},{\"@type\":\"ImageObject\",\"inLanguage\":\"nl-NL\",\"@id\":\"https:\/\/goframe.be\/produit\/fo-600-assortiment-de-forets-en-carbure-0-8-a-2-0mm\/#primaryimage\",\"url\":\"https:\/\/goframe.be\/wp-content\/uploads\/2022\/07\/Assortiment_de_forets_en_carbure_FO-600.png\",\"contentUrl\":\"https:\/\/goframe.be\/wp-content\/uploads\/2022\/07\/Assortiment_de_forets_en_carbure_FO-600.png\",\"width\":400,\"height\":400},{\"@type\":\"BreadcrumbList\",\"@id\":\"https:\/\/goframe.be\/produit\/fo-600-assortiment-de-forets-en-carbure-0-8-a-2-0mm\/#breadcrumb\",\"itemListElement\":[{\"@type\":\"ListItem\",\"position\":1,\"name\":\"Home\",\"item\":\"https:\/\/goframe.be\/nl\/\"},{\"@type\":\"ListItem\",\"position\":2,\"name\":\"Des produits\",\"item\":\"https:\/\/goframe.be\/des-produits\/\"},{\"@type\":\"ListItem\",\"position\":3,\"name\":\"FO-600 &#8211; Assortiment de forets en carbure (0.8 \u00e0 2.0mm)\"}]},{\"@type\":\"WebSite\",\"@id\":\"https:\/\/goframe.be\/#website\",\"url\":\"https:\/\/goframe.be\/\",\"name\":\"GOFRAME\",\"description\":\"Bruxelles Brabant Namur Li\u00e8ge Hainaut Luxembourg\",\"publisher\":{\"@id\":\"https:\/\/goframe.be\/#organization\"},\"potentialAction\":[{\"@type\":\"SearchAction\",\"target\":{\"@type\":\"EntryPoint\",\"urlTemplate\":\"https:\/\/goframe.be\/?s={search_term_string}\"},\"query-input\":{\"@type\":\"PropertyValueSpecification\",\"valueRequired\":true,\"valueName\":\"search_term_string\"}}],\"inLanguage\":\"nl-NL\"},{\"@type\":\"Organization\",\"@id\":\"https:\/\/goframe.be\/#organization\",\"name\":\"GOFRAME\",\"url\":\"https:\/\/goframe.be\/\",\"logo\":{\"@type\":\"ImageObject\",\"inLanguage\":\"nl-NL\",\"@id\":\"https:\/\/goframe.be\/#\/schema\/logo\/image\/\",\"url\":\"https:\/\/goframe.be\/wp-content\/uploads\/2022\/04\/logo-transparent.png\",\"contentUrl\":\"https:\/\/goframe.be\/wp-content\/uploads\/2022\/04\/logo-transparent.png\",\"width\":323,\"height\":157,\"caption\":\"GOFRAME\"},\"image\":{\"@id\":\"https:\/\/goframe.be\/#\/schema\/logo\/image\/\"}}]}<\/script>\n<!-- \/ Yoast SEO plugin. -->","yoast_head_json":{"title":"FO-600 - Assortiment de forets en carbure (0.8 \u00e0 2.0mm) - GOFRAME","description":"Assortiment de 10 forets, en carbure de tungst\u00e8ne, diam\u00e8tre de 0.8 \u00e0 2 mm pour le per\u00e7age des verres.","robots":{"index":"index","follow":"follow","max-snippet":"max-snippet:-1","max-image-preview":"max-image-preview:large","max-video-preview":"max-video-preview:-1"},"canonical":"https:\/\/goframe.be\/produit\/fo-600-assortiment-de-forets-en-carbure-0-8-a-2-0mm\/","og_locale":"nl_NL","og_type":"article","og_title":"FO-600 - Assortiment de forets en carbure (0.8 \u00e0 2.0mm) - GOFRAME","og_description":"Assortiment de 10 forets, en carbure de tungst\u00e8ne, diam\u00e8tre de 0.8 \u00e0 2 mm pour le per\u00e7age des verres.","og_url":"https:\/\/goframe.be\/produit\/fo-600-assortiment-de-forets-en-carbure-0-8-a-2-0mm\/","og_site_name":"GOFRAME","article_modified_time":"2022-11-23T16:33:07+00:00","og_image":[{"width":400,"height":400,"url":"https:\/\/goframe.be\/wp-content\/uploads\/2022\/07\/Assortiment_de_forets_en_carbure_FO-600.png","type":"image\/png"}],"twitter_card":"summary_large_image","schema":{"@context":"https:\/\/schema.org","@graph":[{"@type":"WebPage","@id":"https:\/\/goframe.be\/produit\/fo-600-assortiment-de-forets-en-carbure-0-8-a-2-0mm\/","url":"https:\/\/goframe.be\/produit\/fo-600-assortiment-de-forets-en-carbure-0-8-a-2-0mm\/","name":"FO-600 - Assortiment de forets en carbure (0.8 \u00e0 2.0mm) - GOFRAME","isPartOf":{"@id":"https:\/\/goframe.be\/#website"},"primaryImageOfPage":{"@id":"https:\/\/goframe.be\/produit\/fo-600-assortiment-de-forets-en-carbure-0-8-a-2-0mm\/#primaryimage"},"image":{"@id":"https:\/\/goframe.be\/produit\/fo-600-assortiment-de-forets-en-carbure-0-8-a-2-0mm\/#primaryimage"},"thumbnailUrl":"https:\/\/goframe.be\/wp-content\/uploads\/2022\/07\/Assortiment_de_forets_en_carbure_FO-600.png","datePublished":"2022-11-23T16:33:06+00:00","dateModified":"2022-11-23T16:33:07+00:00","description":"Assortiment de 10 forets, en carbure de tungst\u00e8ne, diam\u00e8tre de 0.8 \u00e0 2 mm pour le per\u00e7age des verres.","breadcrumb":{"@id":"https:\/\/goframe.be\/produit\/fo-600-assortiment-de-forets-en-carbure-0-8-a-2-0mm\/#breadcrumb"},"inLanguage":"nl-NL","potentialAction":[{"@type":"ReadAction","target":["https:\/\/goframe.be\/produit\/fo-600-assortiment-de-forets-en-carbure-0-8-a-2-0mm\/"]}]},{"@type":"ImageObject","inLanguage":"nl-NL","@id":"https:\/\/goframe.be\/produit\/fo-600-assortiment-de-forets-en-carbure-0-8-a-2-0mm\/#primaryimage","url":"https:\/\/goframe.be\/wp-content\/uploads\/2022\/07\/Assortiment_de_forets_en_carbure_FO-600.png","contentUrl":"https:\/\/goframe.be\/wp-content\/uploads\/2022\/07\/Assortiment_de_forets_en_carbure_FO-600.png","width":400,"height":400},{"@type":"BreadcrumbList","@id":"https:\/\/goframe.be\/produit\/fo-600-assortiment-de-forets-en-carbure-0-8-a-2-0mm\/#breadcrumb","itemListElement":[{"@type":"ListItem","position":1,"name":"Home","item":"https:\/\/goframe.be\/nl\/"},{"@type":"ListItem","position":2,"name":"Des produits","item":"https:\/\/goframe.be\/des-produits\/"},{"@type":"ListItem","position":3,"name":"FO-600 &#8211; Assortiment de forets en carbure (0.8 \u00e0 2.0mm)"}]},{"@type":"WebSite","@id":"https:\/\/goframe.be\/#website","url":"https:\/\/goframe.be\/","name":"GOFRAME","description":"Bruxelles Brabant Namur Li\u00e8ge Hainaut Luxembourg","publisher":{"@id":"https:\/\/goframe.be\/#organization"},"potentialAction":[{"@type":"SearchAction","target":{"@type":"EntryPoint","urlTemplate":"https:\/\/goframe.be\/?s={search_term_string}"},"query-input":{"@type":"PropertyValueSpecification","valueRequired":true,"valueName":"search_term_string"}}],"inLanguage":"nl-NL"},{"@type":"Organization","@id":"https:\/\/goframe.be\/#organization","name":"GOFRAME","url":"https:\/\/goframe.be\/","logo":{"@type":"ImageObject","inLanguage":"nl-NL","@id":"https:\/\/goframe.be\/#\/schema\/logo\/image\/","url":"https:\/\/goframe.be\/wp-content\/uploads\/2022\/04\/logo-transparent.png","contentUrl":"https:\/\/goframe.be\/wp-content\/uploads\/2022\/04\/logo-transparent.png","width":323,"height":157,"caption":"GOFRAME"},"image":{"@id":"https:\/\/goframe.be\/#\/schema\/logo\/image\/"}}]}},"_links":{"self":[{"href":"https:\/\/goframe.be\/nl\/wp-json\/wp\/v2\/product\/11382","targetHints":{"allow":["GET"]}}],"collection":[{"href":"https:\/\/goframe.be\/nl\/wp-json\/wp\/v2\/product"}],"about":[{"href":"https:\/\/goframe.be\/nl\/wp-json\/wp\/v2\/types\/product"}],"version-history":[{"count":4,"href":"https:\/\/goframe.be\/nl\/wp-json\/wp\/v2\/product\/11382\/revisions"}],"predecessor-version":[{"id":12643,"href":"https:\/\/goframe.be\/nl\/wp-json\/wp\/v2\/product\/11382\/revisions\/12643"}],"wp:featuredmedia":[{"embeddable":true,"href":"https:\/\/goframe.be\/nl\/wp-json\/wp\/v2\/media\/11404"}],"wp:attachment":[{"href":"https:\/\/goframe.be\/nl\/wp-json\/wp\/v2\/media?parent=11382"}],"wp:term":[{"taxonomy":"product_brand","embeddable":true,"href":"https:\/\/goframe.be\/nl\/wp-json\/wp\/v2\/product_brand?post=11382"},{"taxonomy":"product_cat","embeddable":true,"href":"https:\/\/goframe.be\/nl\/wp-json\/wp\/v2\/product_cat?post=11382"},{"taxonomy":"product_tag","embeddable":true,"href":"https:\/\/goframe.be\/nl\/wp-json\/wp\/v2\/product_tag?post=11382"}],"curies":[{"name":"wp","href":"https:\/\/api.w.org\/{rel}","templated":true}]}}