{"id":10623,"date":"2022-04-26T09:46:42","date_gmt":"2022-04-26T07:46:42","guid":{"rendered":"https:\/\/goframe.be\/produit\/la-kelnet-27-x-27-cm\/"},"modified":"2022-11-22T13:46:52","modified_gmt":"2022-11-22T12:46:52","slug":"kelnet-microvezeldoekjes-27-x-27-cm","status":"publish","type":"product","link":"https:\/\/goframe.be\/nl\/produit\/kelnet-microvezeldoekjes-27-x-27-cm\/","title":{"rendered":"KELNET &#8211; MICROVEZELDOEKJES 27 X 27 CM"},"content":{"rendered":"","protected":false},"excerpt":{"rendered":"<p>Communiceer op een originele manier en maak tegelijkertijd mensen blij! Kelnet microvezeldoekjes voor glas zijn 100% aanpasbaar (visueel, vorm, grootte, enz.).<\/p>\n<p>De Kelnet heeft een perfecte kwaliteit, zowel op het gebied van aanraking, uiterlijk als reinigingseffici\u00ebntie! Kelnet weet hoe je het verschil maakt: altijd ge\u00efmiteerd, nooit ge\u00ebvenaard! Bied uw klanten het onmisbare accessoire en geef uzelf een communicatiemiddel dat verder gaat dan de grenzen van uw winkel!<\/p>\n<p><strong>AFMETING<\/strong>: 27 x 27 cm<\/p>\n<p><strong>HOEVEELHEID<\/strong>: Vanaf 120 stuks<\/p>\n","protected":false},"featured_media":10624,"template":"","meta":{"inline_featured_image":false},"product_brand":[],"product_cat":[333],"product_tag":[],"class_list":{"0":"post-10623","1":"product","2":"type-product","3":"status-publish","4":"has-post-thumbnail","6":"product_cat-kelnet-nl","8":"first","9":"instock","10":"shipping-taxable","11":"purchasable","12":"product-type-simple"},"yoast_head":"<!-- This site is optimized with the Yoast SEO plugin v25.1 - https:\/\/yoast.com\/wordpress\/plugins\/seo\/ -->\n<title>KELNET - MICROVEZELDOEKJES 27 X 27 CM - GOFRAME<\/title>\n<meta name=\"description\" content=\"Communiceer op een originele manier en maak tegelijkertijd mensen blij! Kelnet microvezeldoekjes voor glas zijn 100% aanpasbaar (visueel, vorm, grootte, enz.).\" \/>\n<meta name=\"robots\" content=\"index, follow, max-snippet:-1, max-image-preview:large, max-video-preview:-1\" \/>\n<link rel=\"canonical\" href=\"https:\/\/goframe.be\/nl\/produit\/kelnet-microvezeldoekjes-27-x-27-cm\/\" \/>\n<meta property=\"og:locale\" content=\"nl_NL\" \/>\n<meta property=\"og:type\" content=\"article\" \/>\n<meta property=\"og:title\" content=\"KELNET - MICROVEZELDOEKJES 27 X 27 CM - GOFRAME\" \/>\n<meta property=\"og:description\" content=\"Communiceer op een originele manier en maak tegelijkertijd mensen blij! Kelnet microvezeldoekjes voor glas zijn 100% aanpasbaar (visueel, vorm, grootte, enz.).\" \/>\n<meta property=\"og:url\" content=\"https:\/\/goframe.be\/nl\/produit\/kelnet-microvezeldoekjes-27-x-27-cm\/\" \/>\n<meta property=\"og:site_name\" content=\"GOFRAME\" \/>\n<meta property=\"article:modified_time\" content=\"2022-11-22T12:46:52+00:00\" \/>\n<meta property=\"og:image\" content=\"https:\/\/goframe.be\/wp-content\/uploads\/2022\/04\/LA-KELNET-\u2013-27-X-27-CM.jpg\" \/>\n\t<meta property=\"og:image:width\" content=\"500\" \/>\n\t<meta property=\"og:image:height\" content=\"500\" \/>\n\t<meta property=\"og:image:type\" content=\"image\/jpeg\" \/>\n<meta name=\"twitter:card\" content=\"summary_large_image\" \/>\n<script type=\"application\/ld+json\" class=\"yoast-schema-graph\">{\"@context\":\"https:\/\/schema.org\",\"@graph\":[{\"@type\":\"WebPage\",\"@id\":\"https:\/\/goframe.be\/nl\/produit\/kelnet-microvezeldoekjes-27-x-27-cm\/\",\"url\":\"https:\/\/goframe.be\/nl\/produit\/kelnet-microvezeldoekjes-27-x-27-cm\/\",\"name\":\"KELNET - MICROVEZELDOEKJES 27 X 27 CM - GOFRAME\",\"isPartOf\":{\"@id\":\"https:\/\/goframe.be\/#website\"},\"primaryImageOfPage\":{\"@id\":\"https:\/\/goframe.be\/nl\/produit\/kelnet-microvezeldoekjes-27-x-27-cm\/#primaryimage\"},\"image\":{\"@id\":\"https:\/\/goframe.be\/nl\/produit\/kelnet-microvezeldoekjes-27-x-27-cm\/#primaryimage\"},\"thumbnailUrl\":\"https:\/\/goframe.be\/wp-content\/uploads\/2022\/04\/LA-KELNET-\u2013-27-X-27-CM.jpg\",\"datePublished\":\"2022-04-26T07:46:42+00:00\",\"dateModified\":\"2022-11-22T12:46:52+00:00\",\"description\":\"Communiceer op een originele manier en maak tegelijkertijd mensen blij! Kelnet microvezeldoekjes voor glas zijn 100% aanpasbaar (visueel, vorm, grootte, enz.).\",\"breadcrumb\":{\"@id\":\"https:\/\/goframe.be\/nl\/produit\/kelnet-microvezeldoekjes-27-x-27-cm\/#breadcrumb\"},\"inLanguage\":\"nl-NL\",\"potentialAction\":[{\"@type\":\"ReadAction\",\"target\":[\"https:\/\/goframe.be\/nl\/produit\/kelnet-microvezeldoekjes-27-x-27-cm\/\"]}]},{\"@type\":\"ImageObject\",\"inLanguage\":\"nl-NL\",\"@id\":\"https:\/\/goframe.be\/nl\/produit\/kelnet-microvezeldoekjes-27-x-27-cm\/#primaryimage\",\"url\":\"https:\/\/goframe.be\/wp-content\/uploads\/2022\/04\/LA-KELNET-\u2013-27-X-27-CM.jpg\",\"contentUrl\":\"https:\/\/goframe.be\/wp-content\/uploads\/2022\/04\/LA-KELNET-\u2013-27-X-27-CM.jpg\",\"width\":500,\"height\":500},{\"@type\":\"BreadcrumbList\",\"@id\":\"https:\/\/goframe.be\/nl\/produit\/kelnet-microvezeldoekjes-27-x-27-cm\/#breadcrumb\",\"itemListElement\":[{\"@type\":\"ListItem\",\"position\":1,\"name\":\"Home\",\"item\":\"https:\/\/goframe.be\/nl\/\"},{\"@type\":\"ListItem\",\"position\":2,\"name\":\"Des produits\",\"item\":\"https:\/\/goframe.be\/des-produits\/\"},{\"@type\":\"ListItem\",\"position\":3,\"name\":\"KELNET &#8211; MICROVEZELDOEKJES 27 X 27 CM\"}]},{\"@type\":\"WebSite\",\"@id\":\"https:\/\/goframe.be\/#website\",\"url\":\"https:\/\/goframe.be\/\",\"name\":\"GOFRAME\",\"description\":\"Bruxelles Brabant Namur Li\u00e8ge Hainaut Luxembourg\",\"publisher\":{\"@id\":\"https:\/\/goframe.be\/#organization\"},\"potentialAction\":[{\"@type\":\"SearchAction\",\"target\":{\"@type\":\"EntryPoint\",\"urlTemplate\":\"https:\/\/goframe.be\/?s={search_term_string}\"},\"query-input\":{\"@type\":\"PropertyValueSpecification\",\"valueRequired\":true,\"valueName\":\"search_term_string\"}}],\"inLanguage\":\"nl-NL\"},{\"@type\":\"Organization\",\"@id\":\"https:\/\/goframe.be\/#organization\",\"name\":\"GOFRAME\",\"url\":\"https:\/\/goframe.be\/\",\"logo\":{\"@type\":\"ImageObject\",\"inLanguage\":\"nl-NL\",\"@id\":\"https:\/\/goframe.be\/#\/schema\/logo\/image\/\",\"url\":\"https:\/\/goframe.be\/wp-content\/uploads\/2022\/04\/logo-transparent.png\",\"contentUrl\":\"https:\/\/goframe.be\/wp-content\/uploads\/2022\/04\/logo-transparent.png\",\"width\":323,\"height\":157,\"caption\":\"GOFRAME\"},\"image\":{\"@id\":\"https:\/\/goframe.be\/#\/schema\/logo\/image\/\"}}]}<\/script>\n<!-- \/ Yoast SEO plugin. -->","yoast_head_json":{"title":"KELNET - MICROVEZELDOEKJES 27 X 27 CM - GOFRAME","description":"Communiceer op een originele manier en maak tegelijkertijd mensen blij! Kelnet microvezeldoekjes voor glas zijn 100% aanpasbaar (visueel, vorm, grootte, enz.).","robots":{"index":"index","follow":"follow","max-snippet":"max-snippet:-1","max-image-preview":"max-image-preview:large","max-video-preview":"max-video-preview:-1"},"canonical":"https:\/\/goframe.be\/nl\/produit\/kelnet-microvezeldoekjes-27-x-27-cm\/","og_locale":"nl_NL","og_type":"article","og_title":"KELNET - MICROVEZELDOEKJES 27 X 27 CM - GOFRAME","og_description":"Communiceer op een originele manier en maak tegelijkertijd mensen blij! Kelnet microvezeldoekjes voor glas zijn 100% aanpasbaar (visueel, vorm, grootte, enz.).","og_url":"https:\/\/goframe.be\/nl\/produit\/kelnet-microvezeldoekjes-27-x-27-cm\/","og_site_name":"GOFRAME","article_modified_time":"2022-11-22T12:46:52+00:00","og_image":[{"width":500,"height":500,"url":"https:\/\/goframe.be\/wp-content\/uploads\/2022\/04\/LA-KELNET-\u2013-27-X-27-CM.jpg","type":"image\/jpeg"}],"twitter_card":"summary_large_image","schema":{"@context":"https:\/\/schema.org","@graph":[{"@type":"WebPage","@id":"https:\/\/goframe.be\/nl\/produit\/kelnet-microvezeldoekjes-27-x-27-cm\/","url":"https:\/\/goframe.be\/nl\/produit\/kelnet-microvezeldoekjes-27-x-27-cm\/","name":"KELNET - MICROVEZELDOEKJES 27 X 27 CM - GOFRAME","isPartOf":{"@id":"https:\/\/goframe.be\/#website"},"primaryImageOfPage":{"@id":"https:\/\/goframe.be\/nl\/produit\/kelnet-microvezeldoekjes-27-x-27-cm\/#primaryimage"},"image":{"@id":"https:\/\/goframe.be\/nl\/produit\/kelnet-microvezeldoekjes-27-x-27-cm\/#primaryimage"},"thumbnailUrl":"https:\/\/goframe.be\/wp-content\/uploads\/2022\/04\/LA-KELNET-\u2013-27-X-27-CM.jpg","datePublished":"2022-04-26T07:46:42+00:00","dateModified":"2022-11-22T12:46:52+00:00","description":"Communiceer op een originele manier en maak tegelijkertijd mensen blij! Kelnet microvezeldoekjes voor glas zijn 100% aanpasbaar (visueel, vorm, grootte, enz.).","breadcrumb":{"@id":"https:\/\/goframe.be\/nl\/produit\/kelnet-microvezeldoekjes-27-x-27-cm\/#breadcrumb"},"inLanguage":"nl-NL","potentialAction":[{"@type":"ReadAction","target":["https:\/\/goframe.be\/nl\/produit\/kelnet-microvezeldoekjes-27-x-27-cm\/"]}]},{"@type":"ImageObject","inLanguage":"nl-NL","@id":"https:\/\/goframe.be\/nl\/produit\/kelnet-microvezeldoekjes-27-x-27-cm\/#primaryimage","url":"https:\/\/goframe.be\/wp-content\/uploads\/2022\/04\/LA-KELNET-\u2013-27-X-27-CM.jpg","contentUrl":"https:\/\/goframe.be\/wp-content\/uploads\/2022\/04\/LA-KELNET-\u2013-27-X-27-CM.jpg","width":500,"height":500},{"@type":"BreadcrumbList","@id":"https:\/\/goframe.be\/nl\/produit\/kelnet-microvezeldoekjes-27-x-27-cm\/#breadcrumb","itemListElement":[{"@type":"ListItem","position":1,"name":"Home","item":"https:\/\/goframe.be\/nl\/"},{"@type":"ListItem","position":2,"name":"Des produits","item":"https:\/\/goframe.be\/des-produits\/"},{"@type":"ListItem","position":3,"name":"KELNET &#8211; MICROVEZELDOEKJES 27 X 27 CM"}]},{"@type":"WebSite","@id":"https:\/\/goframe.be\/#website","url":"https:\/\/goframe.be\/","name":"GOFRAME","description":"Bruxelles Brabant Namur Li\u00e8ge Hainaut Luxembourg","publisher":{"@id":"https:\/\/goframe.be\/#organization"},"potentialAction":[{"@type":"SearchAction","target":{"@type":"EntryPoint","urlTemplate":"https:\/\/goframe.be\/?s={search_term_string}"},"query-input":{"@type":"PropertyValueSpecification","valueRequired":true,"valueName":"search_term_string"}}],"inLanguage":"nl-NL"},{"@type":"Organization","@id":"https:\/\/goframe.be\/#organization","name":"GOFRAME","url":"https:\/\/goframe.be\/","logo":{"@type":"ImageObject","inLanguage":"nl-NL","@id":"https:\/\/goframe.be\/#\/schema\/logo\/image\/","url":"https:\/\/goframe.be\/wp-content\/uploads\/2022\/04\/logo-transparent.png","contentUrl":"https:\/\/goframe.be\/wp-content\/uploads\/2022\/04\/logo-transparent.png","width":323,"height":157,"caption":"GOFRAME"},"image":{"@id":"https:\/\/goframe.be\/#\/schema\/logo\/image\/"}}]}},"_links":{"self":[{"href":"https:\/\/goframe.be\/nl\/wp-json\/wp\/v2\/product\/10623","targetHints":{"allow":["GET"]}}],"collection":[{"href":"https:\/\/goframe.be\/nl\/wp-json\/wp\/v2\/product"}],"about":[{"href":"https:\/\/goframe.be\/nl\/wp-json\/wp\/v2\/types\/product"}],"version-history":[{"count":4,"href":"https:\/\/goframe.be\/nl\/wp-json\/wp\/v2\/product\/10623\/revisions"}],"predecessor-version":[{"id":12569,"href":"https:\/\/goframe.be\/nl\/wp-json\/wp\/v2\/product\/10623\/revisions\/12569"}],"wp:featuredmedia":[{"embeddable":true,"href":"https:\/\/goframe.be\/nl\/wp-json\/wp\/v2\/media\/10624"}],"wp:attachment":[{"href":"https:\/\/goframe.be\/nl\/wp-json\/wp\/v2\/media?parent=10623"}],"wp:term":[{"taxonomy":"product_brand","embeddable":true,"href":"https:\/\/goframe.be\/nl\/wp-json\/wp\/v2\/product_brand?post=10623"},{"taxonomy":"product_cat","embeddable":true,"href":"https:\/\/goframe.be\/nl\/wp-json\/wp\/v2\/product_cat?post=10623"},{"taxonomy":"product_tag","embeddable":true,"href":"https:\/\/goframe.be\/nl\/wp-json\/wp\/v2\/product_tag?post=10623"}],"curies":[{"name":"wp","href":"https:\/\/api.w.org\/{rel}","templated":true}]}}